{"id":3,"date":"2019-02-01T15:02:46","date_gmt":"2019-02-01T15:02:46","guid":{"rendered":"http:\/\/giroinmongolfiera.ynnesti.red\/?page_id=3"},"modified":"2021-04-12T15:20:33","modified_gmt":"2021-04-12T13:20:33","slug":"privacy-policy","status":"publish","type":"page","link":"https:\/\/giroinmongolfiera.com\/de\/privacy-policy\/","title":{"rendered":"Datenschutzbestimmungen"},"content":{"rendered":"<section class=\"l-section wpb_row height_large\"><div class=\"l-section-h i-cf\"><div class=\"g-cols vc_row via_flex valign_top type_default stacking_default\"><div class=\"vc_col-sm-12 wpb_column vc_column_container\"><div class=\"vc_column-inner\"><div class=\"wpb_wrapper\"><h2 class=\"w-post-elm post_title us_custom_10692d45 entry-title color_link_inherit\">Datenschutzbestimmungen<\/h2><div class=\"wpb_text_column\"><div class=\"wpb_wrapper\"><p><strong>PRIVACY POLICY <\/strong><\/p>\n<p>Gentile Utente, la \u201cGiroinmongolfiera S.r.l.\u201d ha grande rispetto per la Sua privacy.<\/p>\n<p>I dati che saranno eventualmente comunicati attraverso il Sito saranno trattati secondo i principi di liceit\u00e0, correttezza, trasparenza, limitazione delle finalit\u00e0 e della conservazione, minimizzazione dei dati, esattezza, integrit\u00e0, riservatezza e con tutti gli strumenti atti a garantirne la sicurezza, nel pieno rispetto del Regolamento Europeo 2016\/679 (di seguito per brevit\u00e0 \u201cGDPR\u201d).<\/p>\n<p>Ai sensi degli artt. 13 e 14 del GDPR, pertanto, La informiamo che:<\/p>\n<ol>\n<li><strong>TITOLARE DEL TRATTAMENTO DEI DATI PERSONALI<\/strong><\/li>\n<\/ol>\n<p>Il Titolare del trattamento \u00e8 la \u201cGIROINMONGOLFIERA S.r.l.\u201d (P. I.V.A.: 03861160046)<\/p>\n<p>con sede legale in Carr\u00f9 (CN), Strada Benevagienna n. 5,<\/p>\n<p>C.A.P. 12061 \u2013 Italia<\/p>\n<p>Contatto telefonico:<a href=\"tel:+393338438665\"> 333 84 38 665<\/a><br \/>\nIndirizzo e-mail: <a href=\"mailto:amministrazione@giroinmongolfiera.com\">amministrazione@giroinmongolfiera.com<\/a><\/p>\n<p>Indirizzo P.E.C.: <a href=\"mailto:giroinmongolfiera@pec.it\">giroinmongolfiera@pec.it<\/a><\/p>\n<p>Il Titolare, non sussistendone le necessit\u00e0, non ha nominato un responsabile della protezione dei dati personali.<\/p>\n<ol>\n<li><strong>CATEGORIE DI DATI PERSONALI OGGETTO DEL TRATTAMENTO<\/strong><\/li>\n<\/ol>\n<p>1) <strong>Dati forniti volontariamente dall\u2019Interessato<\/strong><\/p>\n<p>L\u2019invio volontario dei dati richiesti al momento dell\u2019acquisto di un biglietto di volo o di un pacchetto di volo comporta l\u2019accettazione del trattamento dei dati personali, ivi descritto, a seguito di apposita richiesta.<\/p>\n<p>I dati strettamente necessari, forniti e trattati dal Titolare al momento dell\u2019acquisto del servizio, sono:<\/p>\n<ul>\n<li>dati identificativi (nome, cognome dell\u2019acquirente e del passeggero e peso corporeo del passeggero);<\/li>\n<li>dati di contatto (indirizzo e-mail e numero telefonico dell\u2019acquirente e di ogni Interessato);<\/li>\n<li>eventuale dato contabile (estremi del bonifico bancario o della carta di credito dell\u2019acquirente);<\/li>\n<li>ogni altro dato necessario per l\u2019adempimento del conferimento dell\u2019incarico.<\/li>\n<\/ul>\n<p>2)<strong> Cookies<\/strong><\/p>\n<p>I dati raccolti grazie ai cookies utilizzati da questo Sito Web possono servire per accedere a parti dello stesso o per rendere l\u2019esperienza di navigazione pi\u00f9 efficiente in futuro, cercando di valutare il comportamento degli utenti. Per maggiori informazioni \u00e8 disponibile una apposita cookie policy.<\/p>\n<p>3) <strong>Dati di Navigazione<\/strong><\/p>\n<p>I sistemi informatici e le procedure software preposte al funzionamento di questo Sito Web acquisiscono, nel corso del loro normale esercizio, alcuni dati personali la cui trasmissione \u00e8 implicita nell\u2019uso dei protocolli di comunicazione di Internet.<\/p>\n<p>Si tratta comunque di informazioni che non sono raccolte per essere associate ad interessati identificati.<\/p>\n<p>In questa categoria di dati rientrano gli indirizzi IP o i nomi a dominio dei computer utilizzati dagli utenti che si connettono al Sito, gli indirizzi in notazione URI (Uniform Resource Identifier) delle risorse richieste, l\u2019orario della richiesta, il metodo utilizzato nel sottoporre la richiesta al server, la dimensione del file ottenuto in risposta, il codice numerico indicante lo stato della risposta data dal server (buon fine, errore, ecc.) ed altri parametri relativi al sistema operativo e all\u2019ambiente informatico dell\u2019Utente.<\/p>\n<ol>\n<li><strong>FINALIT\u00c0 E BASE GIURIDICA DEL TRATTAMENTO DEI DATI PERSONALI<\/strong><\/li>\n<\/ol>\n<ul>\n<li>1) Per i<strong> Dati forniti volontariamente dall\u2019Interessato<\/strong>, la base giuridica \u00e8 formata dalla lettura e dall\u2019accettazione dichiarata della presente privacy policy; mentre la finalit\u00e0 del trattamento \u00e8 costituita dall\u2019erogazione del servizio richiesto. <u>In particolare<\/u>,<\/li>\n<li>&#8211; per i dati personali del passeggero forniti dall\u2019Interessato acquirente, il trattamento prevede che venga fornita l\u2019informativa privacy al primo incontro utile tra il Titolare e il diretto interessato;<\/li>\n<li>-per il dato concernente il personale indirizzo e-mail, l\u2019Utente, previo consenso, pu\u00f2 essere aggiunto ad una mailing list (a seguito del primo acquisto effettuato o a seguito di apposita richiesta tramite una sezione nella home page del Sito) e ricevere una newsletter al fine di ottenere informazioni, anche di natura commerciale e promozionale, relative ai vari servizi offerti dalla \u201cGiroinmongolfiera S.r.l.\u201d.<\/li>\n<li>2) Per i<strong> cookies<\/strong>: \u00e8 necessario confrontare la specifica cookie policy.<\/li>\n<li>3) Per i<strong> Dati di Navigazione<\/strong>, la base giuridica \u00e8 formata dal legittimo interesse del Titolare e la finalit\u00e0 \u00e8 quella di garantire e migliorare l\u2019esperienza di navigazione web. Infatti, questi dati sono utilizzati al solo fine di ricavare informazioni statistiche anonime sull\u2019uso del Sito e per controllarne il corretto funzionamento. Inoltre, i dati potrebbero essere utilizzati per l\u2019accertamento di responsabilit\u00e0 in caso di ipotetici reati informatici ai danni del Sito.<\/li>\n<\/ul>\n<ol>\n<li><strong>FONTE DEI DATI PERSONALI E LUOGO DI RACCOLTA<\/strong><\/li>\n<\/ol>\n<p>I dati personali propri o di terzi passeggeri del volo, in possesso del Titolare, sono raccolti direttamente presso l\u2019Interessato acquirente mediante apposito modulo on line, accendendo al Sito Web e seguendo le fasi per l\u2019acquisto e la prenotazione del volo in mongolfiera.<\/p>\n<p>L&#8217;Interessato acquirente si assume la responsabilit\u00e0 dei dati personali di terzi pubblicati o condivisi mediante questo Sito e garantisce di avere il diritto di comunicarli o diffonderli, liberando il Titolare da qualsiasi responsabilit\u00e0.<\/p>\n<p>Oltre alla procedura telematica, infatti, nel caso in cui l\u2019acquisto del servizio non venga effettuato direttamente dall\u2019Interessato, al primo incontro utile tra quest\u2019ultimo e il Titolare, si proceder\u00e0 alla lettura e alla presa visione dell\u2019informativa privacy cartacea.<\/p>\n<ol>\n<li><strong>MODALIT\u00c0 DI TRATTAMENTO DEI DATI PERSONALI<\/strong><\/li>\n<\/ol>\n<p>Secondo gli artt. 12 e 32, GDPR, i dati personali forniti dall\u2019Interessato formano oggetto di operazioni di trattamento nel rispetto della normativa sopracitata e degli obblighi di riservatezza cui \u00e8 ispirata l\u2019attivit\u00e0 del Titolare.<\/p>\n<p>Il trattamento pu\u00f2 consistere in qualunque operazione o complesso di operazioni tra quelle indicate all\u2019art. 4, co. 1, punto 2, GDPR e potr\u00e0 essere effettuato direttamente e\/o tramite terzi delegati dal Titolare.<\/p>\n<p>Inoltre i dati personali, ai fini della corretta gestione del rapporto contrattuale e dell\u2019assolvimento degli obblighi di legge, potranno essere inseriti nella documentazione interna del Titolare.<\/p>\n<p>I dati personali verranno trattati sia con strumenti informatici sia su supporti cartacei sia su ogni altro tipo di supporto idoneo (a titolo esemplificativo: sistemi in cloud, sistemi di archiviazione e conservazione sostitutiva digitale), nel rispetto di adeguate misure tecniche ed organizzative di sicurezza previste dal GDPR e con logiche strettamente correlate alle finalit\u00e0 indicate.<\/p>\n<p>Specifiche misure di sicurezza sono osservate per prevenire la perdita dei dati, usi illeciti o non corretti ed accessi non autorizzati in ottemperanza agli obblighi di adeguamento a misure minime di sicurezza.<\/p>\n<p>Ai fine di fornire un servizio completo, il Sito contiene links ad altri siti web, non gestiti dal Titolare, il quale non sar\u00e0 responsabili di errori, contenuti, cookies, pubblicit\u00e0, banner o files non conformi alle disposizioni normative vigenti. Per migliorare il servizio offerto \u00e8 gradita una immediata segnalazione di malfunzionamenti, abusi o suggerimenti all\u2019indirizzo di posta elettronica ordinaria: <a href=\"mailto:amministrazione@giroinmongolfiera.com\">amministrazione@giroinmongolfiera.com<\/a> o certificata: <a href=\"mailto:giroinmongolfiera@pec.it\">giroinmongolfiera@pec.it<\/a><\/p>\n<ol>\n<li><strong>CONFERIMENTO O RIFIUTO DI CONFERIMENTO DEI DATI PERSONALI<\/strong><\/li>\n<\/ol>\n<p>Se non diversamente specificato, tutti i dati richiesti dal Sito per l\u2019acquisto del servizio sono obbligatori.<\/p>\n<p>Il conferimento o meno dei dati personali propri o di terzi passeggeri \u00e8, per\u00f2, facoltativo, con la conseguenza che, se l\u2019Utente rifiuta di comunicarli, sar\u00e0 impossibile per il Titolare fornire il servizio richiesto.<\/p>\n<p>Nei casi in cui siano indicati alcuni dati come facoltativi, gli Interessati sono liberi di astenersi dal comunicarli, senza che ci\u00f2 abbia alcuna conseguenza sulla disponibilit\u00e0 del servizio o sulla sua esecuzione.<\/p>\n<ol>\n<li><strong>PROCESSI DECISIONALI AUTOMATIZZATI E PROFILAZIONE DEI DATI PERSONALI<\/strong><\/li>\n<\/ol>\n<p>I dati personali forniti dall\u2019Interessato non sono soggetti a diffusione n\u00e9 ad alcun processo decisionale interamente automatizzato, ivi compresa la profilazione.<\/p>\n<ol>\n<li><strong>DESTINATARI DEI DATI PERSONALI<\/strong><\/li>\n<\/ol>\n<p>Oltre al Titolare, i dati personali forniti dall\u2019Interessato possono essere comunicati, ove strettamente necessario, a:<\/p>\n<ul>\n<li>soggetti terzi coinvolti nell\u2019organizzazione del Sito e nell\u2019erogazione completa dei servizi on line richiesti<\/li>\n<\/ul>\n<p>(a titolo esemplificativo: istituti bancari e assicurativi, in particolare \u201cRegiondo&#8221;, ente di cui si serve il Titolare per la gestione del software di prenotazione dei voli in mongolfiera. Per ulteriori dettagli su come i dati sono elaborati e utilizzati dallo stesso, \u00e8 a disposizione la relativa privacy policy su <a href=\"https:\/\/pro.regiondo.com\/it\/\">https:\/\/pro.regiondo.com\/it\/<\/a>);<\/p>\n<ul>\n<li>autorit\u00e0 pubbliche quando la comunicazione \u00e8 prevista da un obbligo di legge<\/li>\n<\/ul>\n<p>(a titolo esemplificativo: autorit\u00e0 aeronautiche e autorit\u00e0 doganali);<\/p>\n<ul>\n<li>soggetti terzi a cui il Titolare affida lo svolgimento di determinate attivit\u00e0, quali adempimenti fiscali, consulenze in ambito informatico, commerciale o legale, per cui i dettagli sull\u2019utilizzo dei dati personali \u00e8 rimesso alle relative privacy policy.<\/li>\n<\/ul>\n<ol>\n<li><strong>DIRITTI DELL\u2019INTERESSATO<\/strong><\/li>\n<\/ol>\n<p>L\u2019Interessato che fornisce i propri dati personali ha sempre diritto a:<\/p>\n<ul>\n<li>opporsi al trattamento dei dati quando esso avviene su una base giuridica diversa da quella qui esplicata;<\/li>\n<li>accedere ai dati forniti, ex art. 15, GDPR, e ottenere informazioni sui dati trattati dal Titolare, su determinati aspetti del trattamento, nonch\u00e9 a ricevere una copia dei dati trattati, previa specifica richiesta;<\/li>\n<li>verificare e chiedere la rettificazione dei dati forniti, ex art. 16, GDPR, nonch\u00e9 richiederne l\u2019aggiornamento o la correzione;<\/li>\n<li>ottenere la limitazione del trattamento dei dati, al ricorrere delle condizioni di cui all\u2019art. 18, GDPR; in tal caso il Titolare non tratter\u00e0 i dati per alcun scopo se non la loro conservazione;<\/li>\n<li>ottenere la cancellazione o rimozione dei dati forniti, ex art. 17, GDPR, al ricorrere di determinate condizioni e nel rispetto delle eccezioni previste nel paragrafo 3 dello stesso articolo (c.d. diritto all\u2019oblio);<\/li>\n<li>ricevere i dati forniti, in formato strutturato, di uso comune e leggibile da dispositivo automatico e, ove tecnicamente fattibile, farli trasferire ad altro titolare senza ostacoli, ex art 20, GDPR (c.d. diritto alla portabilit\u00e0 dei dati personali). Questa disposizione \u00e8 applicabile quando i dati sono trattati con strumenti automatizzati ed il trattamento \u00e8 basato sul consenso o sul contratto di cui l\u2019Interessato \u00e8 parte o su misure contrattuali ad esso connesse;<\/li>\n<li>proporre reclamo al Garante per la protezione dei dati personali (<a href=\"http:\/\/www.ganteprivacy.it\">ganteprivacy.it<\/a>), quale autorit\u00e0 di controllo della protezione dei dati personali competente.<\/li>\n<\/ul>\n<p>Per esercitare i suddetti diritti, l\u2019Interessato pu\u00f2 inviare una comunicazione al Titolare mediante l\u2019indirizzo e-mail: <a href=\"mailto:amministrazione@giroinmongolfiera.com\">amministrazione@giroinmongolfiera.com<\/a>, l\u2019indirizzo P.E.C.: <a href=\"mailto:giroinmongolfiera@pec.it\">giroinmongolfiera@pec.it<\/a> oppure tramite lettera raccomandata all\u2019indirizzo della sede legale.<\/p>\n<p>Il Titolare si impegner\u00e0 a rispondere entro 30 giorni dalla ricezione della richiesta formale. In ogni caso, l\u2019esercizio dei diritti \u00e8 subordinato all\u2019accertamento dell\u2019identit\u00e0 dell\u2019Interessato che verr\u00e0 consultato dal Titolare al solo fine della verifica della legittima richiesta.<\/p>\n<ol>\n<li><strong>PERIODO DI CONSERVAZIONE<\/strong><\/li>\n<\/ol>\n<p>Alla luce del principio di limitazione della conservazione dei dati personali, ai sensi dell\u2019art. 5, GDPR, la verifica sulla obsolescenza dei dati conservati in relazione alle finalit\u00e0 per cui sono stati raccolti viene effettuata periodicamente. <u>In particolare<\/u>,<\/p>\n<ul>\n<li>i <strong>Dati forniti volontariamente dall\u2019Interessato<\/strong> vengono conservati per un arco di tempo non superiore al conseguimento delle finalit\u00e0 per le quali sono trattati, ossia tre mesi dall\u2019esecuzione del servizio o in base ad un interesse legittimo del Titolare, la cui durata pu\u00f2 essere fino ad un anno.<\/li>\n<\/ul>\n<p>Inoltre, il Titolare potrebbe essere obbligato a conservare i dati personali per un periodo pi\u00f9 lungo in ottemperanza ad un obbligo di legge, anche temporaneo ed urgente, o per ordine di un\u2019autorit\u00e0.<\/p>\n<p>I dati potranno altres\u00ec essere conservati per un tempo ulteriore stabilito dalle disposizioni in materia fiscale.<\/p>\n<p>Al termine del periodo di conservazione i dati personali vengono cancellati. Con la suddetta cancellazione, il diritto di accesso, cancellazione, rettificazione ed il diritto alla portabilit\u00e0 dei dati personali, in capo all\u2019Interessato, non potranno pi\u00f9 essere esercitati.<\/p>\n<ul>\n<li>Per i<strong> Dati raccolti tramite cookies<\/strong>, \u00e8 doveroso far riferimento alla specifica cookie policy.<\/li>\n<li>i<strong> Dati di Navigazione<\/strong> possono essere trattati per il tempo strettamente necessario, al solo fine di ricavare informazioni statistiche sull\u2019uso del Sito e per controllarne il regolare funzionamento, anche a fini della sicurezza o in base alle scadenze previste dalle norme di legge.<\/li>\n<\/ul>\n<ol>\n<li><strong>TRASFERIMENTO DEI DATI PERSONALI VERSO PAESI TERZI<\/strong><\/li>\n<\/ol>\n<p>Non \u00e8 previsto il trasferimento dei dati personali forniti dall\u2019Utente verso un Paese U.E. od extra U.E..<\/p>\n<ol>\n<li><strong>NOTE FINALI E MODALIT\u00c0 DI AGGIORNAMENTO<\/strong><\/li>\n<\/ol>\n<p>Questa informativa \u00e8 resa solo per il presente Sito e non anche per altri siti web eventualmente consultati dall\u2019Utente tramite links contenuti in esso.<\/p>\n<p>Si avvisa, inoltre, che l\u2019informativa pu\u00f2 subire modifiche a causa dell\u2019introduzione di nuove disposizioni legislative al riguardo. Pertanto, si invita l\u2019Utente a controllare periodicamente la presente pagina per essere sempre aggiornati sulla protezione dei dati personali.<\/p>\n<ol>\n<li><strong>ULTERIORI INFORMAZIONI<\/strong><\/li>\n<\/ol>\n<p>Ulteriori informazioni in relazione al trattamento dei dati personali potranno essere richieste in qualsiasi momento al Titolare del trattamento utilizzando gli estremi dei contatti sopra elencati.<\/p>\n<p>&nbsp;<\/p>\n<p><strong>Definizioni e riferimenti legali<\/strong><\/p>\n<p><em>Dato personale<\/em>: qualunque informazione che, direttamente o indirettamente, anche in collegamento con qualsiasi altra informazione, renda identificata o identificabile una persona fisica.<\/p>\n<p><em>Dato di Navigazione<\/em>: qualunque informazione raccolta automaticamente attraverso il Sito web, tra cui: gli indirizzi IP o i nomi a dominio dei computer utilizzati dall\u2019Utente che si connette con questo Sito Web, gli indirizzi in notazione URI, l\u2019orario della richiesta, il metodo utilizzato nell\u2019inoltrare la richiesta al server, la dimensione del file ottenuto in risposta, il codice numerico indicante lo stato della risposta dal server (buon fine, errore, ecc.) il paese di provenienza, le caratteristiche del browser e del sistema operativo utilizzati dal visitatore, le varie connotazioni temporali della visita (ad esempio il tempo di permanenza su ciascuna pagina) e i dettagli relativi all\u2019itinerario seguito all\u2019interno del Sito, con particolare riferimento alla sequenza delle pagine consultate, ai parametri relativi al sistema operativo e all\u2019ambiente informatico dell\u2019Utente.<\/p>\n<p><em>Utente<\/em>: persona fisica che utilizza questo Sito web; salvo ove diversamente specificato, egli coincide con l&#8217;Interessato.<\/p>\n<p><em>Interessato<\/em>: la persona fisica cui si riferiscono i dati personali forniti sul Sito.<\/p>\n<p><em>Titolare del trattamento (o Titolare)<\/em>: persona fisica o giuridica, l&#8217;autorit\u00e0 pubblica, il servizio o altro organismo che, singolarmente o insieme ad altri, determina le finalit\u00e0 e i mezzi del trattamento dei dati personali e gli strumenti adottati, ivi comprese le misure di sicurezza relative al funzionamento ed alla fruizione di questo Sito.<\/p>\n<p><em>Sito web (o Sito)<\/em>: strumento hardware o software mediante il quale sono raccolti e trattati i dati personali forniti dagli Utenti.<\/p>\n<p><em>Servizio<\/em>: prestazione fornita dal Titolare mediante il Sito web, ossia l\u2019acquisto e\/o prenotazioni di biglietti di volo in mongolfiera oppure cofanetti regalo.<\/p>\n<p class=\"translation-block\"><em> Cookies<\/em>: strumenti di tracciamento consistenti in piccole porzioni di dati conservati all\u2019interno del browser dell\u2019Utente.<\/p>\n<p>&nbsp;<\/p>\n<p>La presente informativa privacy \u00e8 redatta alla luce del <em>Regolamento Europeo (UE) 2016\/679<\/em> in materia di protezione dei dati personali pubblicato sulla Gazzetta Ufficiale dell\u2019Unione Europea il 4 maggio 2016, entrato in vigore il 24 maggio 2016 e applicato in via diretta in tutti i Paesi UE a partire dal 25 maggio 2018 (in Italia, mediante il d.lgs. n. 101\/2018 che ha integrato il d.lgs. n. 196\/2003, denominato \u201cCodice Privacy\u201d).<\/p>\n<p>&nbsp;<\/p>\n<p><em>Data di ultima modifica<\/em>: 16 marzo 2021<\/p>\n<p>&nbsp;<\/p>\n<\/div><\/div><\/div><\/div><\/div><\/div><\/div><\/section>","protected":false},"excerpt":{"rendered":"Privacy PolicyPRIVACY POLICY Gentile Utente, la \u201cGiroinmongolfiera S.r.l.\u201d ha grande rispetto per la Sua privacy. I dati che saranno eventualmente comunicati attraverso il Sito saranno trattati secondo i principi di liceit\u00e0, correttezza, trasparenza, limitazione delle finalit\u00e0 e della conservazione, minimizzazione dei dati, esattezza, integrit\u00e0, riservatezza e con tutti gli strumenti atti a garantirne la sicurezza,...","protected":false},"author":1,"featured_media":0,"parent":0,"menu_order":0,"comment_status":"closed","ping_status":"open","template":"","meta":{"_acf_changed":false,"footnotes":""},"class_list":["post-3","page","type-page","status-publish","hentry"],"acf":[],"yoast_head":"<!-- This site is optimized with the Yoast SEO plugin v27.1.1 - https:\/\/yoast.com\/product\/yoast-seo-wordpress\/ -->\n<title>Privacy Policy - Giro in mongolfiera<\/title>\n<meta name=\"robots\" content=\"index, follow, max-snippet:-1, max-image-preview:large, max-video-preview:-1\" \/>\n<link rel=\"canonical\" href=\"https:\/\/giroinmongolfiera.com\/de\/privacy-policy\/\" \/>\n<meta property=\"og:locale\" content=\"de_DE\" \/>\n<meta property=\"og:type\" content=\"article\" \/>\n<meta property=\"og:title\" content=\"Privacy Policy - Giro in mongolfiera\" \/>\n<meta property=\"og:url\" content=\"https:\/\/giroinmongolfiera.com\/de\/privacy-policy\/\" \/>\n<meta property=\"og:site_name\" content=\"Giro in mongolfiera\" \/>\n<meta property=\"article:modified_time\" content=\"2021-04-12T13:20:33+00:00\" \/>\n<meta name=\"twitter:card\" content=\"summary_large_image\" \/>\n<meta name=\"twitter:label1\" content=\"Gesch\u00e4tzte Lesezeit\" \/>\n\t<meta name=\"twitter:data1\" content=\"12\u00a0Minuten\" \/>\n<script type=\"application\/ld+json\" class=\"yoast-schema-graph\">{\"@context\":\"https:\/\/schema.org\",\"@graph\":[{\"@type\":\"WebPage\",\"@id\":\"https:\/\/giroinmongolfiera.com\/privacy-policy\/\",\"url\":\"https:\/\/giroinmongolfiera.com\/privacy-policy\/\",\"name\":\"Privacy Policy - Giro in mongolfiera\",\"isPartOf\":{\"@id\":\"https:\/\/giroinmongolfiera.com\/#website\"},\"datePublished\":\"2019-02-01T15:02:46+00:00\",\"dateModified\":\"2021-04-12T13:20:33+00:00\",\"breadcrumb\":{\"@id\":\"https:\/\/giroinmongolfiera.com\/privacy-policy\/#breadcrumb\"},\"inLanguage\":\"de\",\"potentialAction\":[{\"@type\":\"ReadAction\",\"target\":[\"https:\/\/giroinmongolfiera.com\/privacy-policy\/\"]}]},{\"@type\":\"BreadcrumbList\",\"@id\":\"https:\/\/giroinmongolfiera.com\/privacy-policy\/#breadcrumb\",\"itemListElement\":[{\"@type\":\"ListItem\",\"position\":1,\"name\":\"Home\",\"item\":\"https:\/\/giroinmongolfiera.com\/\"},{\"@type\":\"ListItem\",\"position\":2,\"name\":\"Privacy Policy\"}]},{\"@type\":\"WebSite\",\"@id\":\"https:\/\/giroinmongolfiera.com\/#website\",\"url\":\"https:\/\/giroinmongolfiera.com\/\",\"name\":\"Giro in mongolfiera\",\"description\":\"Vola in mongolfiera, vivi un&#039;esperienza unica\",\"publisher\":{\"@id\":\"https:\/\/giroinmongolfiera.com\/#organization\"},\"potentialAction\":[{\"@type\":\"SearchAction\",\"target\":{\"@type\":\"EntryPoint\",\"urlTemplate\":\"https:\/\/giroinmongolfiera.com\/?s={search_term_string}\"},\"query-input\":{\"@type\":\"PropertyValueSpecification\",\"valueRequired\":true,\"valueName\":\"search_term_string\"}}],\"inLanguage\":\"de\"},{\"@type\":\"Organization\",\"@id\":\"https:\/\/giroinmongolfiera.com\/#organization\",\"name\":\"Giroinmongolfiera SRL\",\"url\":\"https:\/\/giroinmongolfiera.com\/\",\"logo\":{\"@type\":\"ImageObject\",\"inLanguage\":\"de\",\"@id\":\"https:\/\/giroinmongolfiera.com\/#\/schema\/logo\/image\/\",\"url\":\"https:\/\/giroinmongolfiera.com\/wp-content\/uploads\/Giro_in_Mongolfiera-LOGO.png\",\"contentUrl\":\"https:\/\/giroinmongolfiera.com\/wp-content\/uploads\/Giro_in_Mongolfiera-LOGO.png\",\"width\":385,\"height\":126,\"caption\":\"Giroinmongolfiera SRL\"},\"image\":{\"@id\":\"https:\/\/giroinmongolfiera.com\/#\/schema\/logo\/image\/\"}}]}<\/script>\n<!-- \/ Yoast SEO plugin. -->","yoast_head_json":{"title":"Privacy Policy - Giro in mongolfiera","robots":{"index":"index","follow":"follow","max-snippet":"max-snippet:-1","max-image-preview":"max-image-preview:large","max-video-preview":"max-video-preview:-1"},"canonical":"https:\/\/giroinmongolfiera.com\/de\/privacy-policy\/","og_locale":"de_DE","og_type":"article","og_title":"Privacy Policy - Giro in mongolfiera","og_url":"https:\/\/giroinmongolfiera.com\/de\/privacy-policy\/","og_site_name":"Giro in mongolfiera","article_modified_time":"2021-04-12T13:20:33+00:00","twitter_card":"summary_large_image","twitter_misc":{"Gesch\u00e4tzte Lesezeit":"12\u00a0Minuten"},"schema":{"@context":"https:\/\/schema.org","@graph":[{"@type":"WebPage","@id":"https:\/\/giroinmongolfiera.com\/privacy-policy\/","url":"https:\/\/giroinmongolfiera.com\/privacy-policy\/","name":"Privacy Policy - Giro in mongolfiera","isPartOf":{"@id":"https:\/\/giroinmongolfiera.com\/#website"},"datePublished":"2019-02-01T15:02:46+00:00","dateModified":"2021-04-12T13:20:33+00:00","breadcrumb":{"@id":"https:\/\/giroinmongolfiera.com\/privacy-policy\/#breadcrumb"},"inLanguage":"de","potentialAction":[{"@type":"ReadAction","target":["https:\/\/giroinmongolfiera.com\/privacy-policy\/"]}]},{"@type":"BreadcrumbList","@id":"https:\/\/giroinmongolfiera.com\/privacy-policy\/#breadcrumb","itemListElement":[{"@type":"ListItem","position":1,"name":"Home","item":"https:\/\/giroinmongolfiera.com\/"},{"@type":"ListItem","position":2,"name":"Privacy Policy"}]},{"@type":"WebSite","@id":"https:\/\/giroinmongolfiera.com\/#website","url":"https:\/\/giroinmongolfiera.com\/","name":"Giro in mongolfiera","description":"Vola in mongolfiera, vivi un&#039;esperienza unica","publisher":{"@id":"https:\/\/giroinmongolfiera.com\/#organization"},"potentialAction":[{"@type":"SearchAction","target":{"@type":"EntryPoint","urlTemplate":"https:\/\/giroinmongolfiera.com\/?s={search_term_string}"},"query-input":{"@type":"PropertyValueSpecification","valueRequired":true,"valueName":"search_term_string"}}],"inLanguage":"de"},{"@type":"Organization","@id":"https:\/\/giroinmongolfiera.com\/#organization","name":"Giroinmongolfiera SRL","url":"https:\/\/giroinmongolfiera.com\/","logo":{"@type":"ImageObject","inLanguage":"de","@id":"https:\/\/giroinmongolfiera.com\/#\/schema\/logo\/image\/","url":"https:\/\/giroinmongolfiera.com\/wp-content\/uploads\/Giro_in_Mongolfiera-LOGO.png","contentUrl":"https:\/\/giroinmongolfiera.com\/wp-content\/uploads\/Giro_in_Mongolfiera-LOGO.png","width":385,"height":126,"caption":"Giroinmongolfiera SRL"},"image":{"@id":"https:\/\/giroinmongolfiera.com\/#\/schema\/logo\/image\/"}}]}},"_links":{"self":[{"href":"https:\/\/giroinmongolfiera.com\/de\/wp-json\/wp\/v2\/pages\/3","targetHints":{"allow":["GET"]}}],"collection":[{"href":"https:\/\/giroinmongolfiera.com\/de\/wp-json\/wp\/v2\/pages"}],"about":[{"href":"https:\/\/giroinmongolfiera.com\/de\/wp-json\/wp\/v2\/types\/page"}],"author":[{"embeddable":true,"href":"https:\/\/giroinmongolfiera.com\/de\/wp-json\/wp\/v2\/users\/1"}],"replies":[{"embeddable":true,"href":"https:\/\/giroinmongolfiera.com\/de\/wp-json\/wp\/v2\/comments?post=3"}],"version-history":[{"count":0,"href":"https:\/\/giroinmongolfiera.com\/de\/wp-json\/wp\/v2\/pages\/3\/revisions"}],"wp:attachment":[{"href":"https:\/\/giroinmongolfiera.com\/de\/wp-json\/wp\/v2\/media?parent=3"}],"curies":[{"name":"wp","href":"https:\/\/api.w.org\/{rel}","templated":true}]}}