{"id":616,"date":"2019-07-03T15:24:33","date_gmt":"2019-07-03T15:24:33","guid":{"rendered":"http:\/\/giroinmongolfiera.ynnesti.red\/?page_id=616"},"modified":"2026-02-23T11:30:31","modified_gmt":"2026-02-23T09:30:31","slug":"termini-condizioni-e-limitazioni-al-volo","status":"publish","type":"page","link":"https:\/\/giroinmongolfiera.com\/de\/termini-condizioni-e-limitazioni-al-volo\/","title":{"rendered":"Termini, condizioni e limitazioni al volo"},"content":{"rendered":"<section class=\"l-section wpb_row height_large\"><div class=\"l-section-h i-cf\"><div class=\"g-cols vc_row via_flex valign_top type_default stacking_default\"><div class=\"vc_col-sm-12 wpb_column vc_column_container\"><div class=\"vc_column-inner\"><div class=\"wpb_wrapper\"><h2 class=\"w-post-elm post_title us_custom_10692d45 entry-title color_link_inherit\">Termini, condizioni e limitazioni al volo<\/h2><div class=\"wpb_text_column\"><div class=\"wpb_wrapper\"><p>Definizioni di seguito utilizzate:<br \/>\nVoucher:\u00a0buono\/titolo di viaggio che d\u00e0 diritto ad un volo in mongolfiera.<br \/>\nPasseggero:\u00a0Persona che acquista il Voucher e\/o partecipa al volo ed accetta questi Termini e Condizioni. Compagnia: Giroinmongolfiera srl<\/p>\n<ol>\n<li>Quando si acquista un Voucher si accettano i seguenti \u201cTermini e Condizioni\u201d riportati anche sul nostro sito\u00a0www.giroinmongolfiera.com<\/li>\n<li><i>L\u2019acquisto\u00a0<\/i>del Voucher pu\u00f2 essere effettuato online sul sito www.giroinmongolfiera.com, via mail scrivendo a <a href=\"mailto:info@giroinmongolfiera.com\">info@giroinmongolfiera.com<\/a> e su WhatsApp scrivendo al numero 333 843 8665.<\/li>\n<li>La prenotazione del volo pu\u00f2 essere effettuata scrivendo una mail a\u00a0 <a href=\"mailto:info@giroinmonf\u00ecgolfiera.com\">info@giroinmonf\u00ecgolfiera.com <\/a>o a prenotazione@giroinmongolfiera.com.<\/li>\n<li>La data e l\u2019orario del volo prenotato saranno da noi confermate mediante invio di un messaggio WhatsApp la sera prima verso le ore 18.00 per i voli del mattino e il giorno stesso verso le ore 12.00 per i voli del pomeriggio, in base alle disponibilit\u00e0 e condizioni meteorologiche<\/li>\n<li>Si ha il diritto di esercitare il recesso entro 15 giorni dall\u2019acquisto del Voucher qualora non sia ancora stata fatta la prenotazione del volo.<\/li>\n<li>Acquistando un voucher per un volo standard si ha diritto ad effettuare un volo di gruppo a bordo di una delle nostre mongolfiere in compagnia di altri passeggeri. Il decollo cambia in base alla tipologia di volo acquistato e\/o decisi dal Pilota al momento del volo per motivi di sicurezza.<\/li>\n<li>Acquistando un voucher per un volo esclusivo si ha diritto ad effettuare un volo privato a bordo di una delle nostre mongolfiere riservata in esclusiva. Il decollo cambia in base alla tipologia di volo acquistato e\/o eventuali altri luoghi indicati al momento della prenotazione e\/o decisi dal Pilota al momento del volo per motivi di sicurezza.<\/li>\n<li>Il voucher \u00e8 personale e non rimborsabile, tranne come previsto al punto 5. L\u2019eventuale cambio di nominativo sul voucher e\/o cessione del voucher stesso dovr\u00e0 essere comunicata mezzo mail all\u2019indirizzo <a href=\"mailto:info@giroinmongolfiera.com\">info@giroinmongolfiera.com<\/a> almeno 30 gg prima dalla sua scadenza, alla direzione della Giroinmongolfiera srl per accettazione. Prima del volo il nuovo beneficiario dovr\u00e0 sottoscrivere per accettazione questi \u201cTermini e Condizioni\u201d.<\/li>\n<\/ol>\n<p><strong>Proroga biglietti scaduti<\/strong><\/p>\n<p class=\"translation-block\">I voucher emessi da Giroinmongolfiera Srl sono prorogabili esclusivamente su richiesta esplicita del cliente, da inviarsi in forma scritta all\u2019indirizzo info@giroinmongolfiera.com<br>\r\nentro la data di scadenza del voucher o, al massimo, entro 7 (sette) giorni successivi alla scadenza.<\/p>\n<p>La proroga potr\u00e0 essere concessa unicamente nel caso in cui il cliente abbia dimostrato concreta volont\u00e0 di utilizzo del voucher, avendo effettuato almeno due richieste di prenotazione nel periodo di validit\u00e0 e qualora entrambe le prenotazioni siano state annullate per cause meteorologiche o comunque per ragioni operative non imputabili al cliente.<\/p>\n<p>In assenza dei suddetti requisiti, la proroga non potr\u00e0 essere concessa.<\/p>\n<p>La mancata richiesta di prenotazione entro il periodo di validit\u00e0 per cause imputabili esclusivamente al cliente non comporta alcuna responsabilit\u00e0 a carico di Giroinmongolfiera Srl.<\/p>\n<p>Decorso il termine di validit\u00e0, e in assenza dei presupposti sopra indicati, il voucher si intender\u00e0 definitivamente scaduto.<\/p>\n<p>Costi proroga:<\/p>\n<p>3 mesi \u20ac 50 a persona<\/p>\n<p>6 mesi \u20ac 80 a persona<\/p>\n<p>&nbsp;<\/p>\n<p><strong>I nostri obblighi nei confronti del passeggero<\/strong><\/p>\n<ol>\n<li>Il Voucher d\u00e0 il diritto a partecipare ad un\u2019esperienza di un volo in mongolfiera in data e orario da concordare entro 12 mesi dall\u2019acquisto e, se non altro specificato, include:\n<ul>\n<li>il volo in mongolfiera,<\/li>\n<li>il trasporto con un nostro mezzo dal luogo di ritrovo a quello di decollo e poi da quello di atterraggio al luogo di ritrovo<\/li>\n<li>le assicurazioni aeronautiche previste dalla vigente normativa.<\/li>\n<\/ul>\n<\/li>\n<li>I nostri voli sono programmati per durare circa dai 45 ai 70 minuti, ma il pilota, per ragioni di sicurezza, ha l\u2019assoluta responsabilit\u00e0 e facolt\u00e0 di decidere la durata, la conduzione del volo, il momento ed il luogo d\u2019atterraggio. Non potremmo perci\u00f2 mai garantire esattamente la durata o la rotta che il volo seguir\u00e0 non essendo possibile prestabilirlo a priori. \u00c8 facolt\u00e0 ad insindacabile giudizio delle Autorit\u00e0 Aeronautiche e del Comandante Pilota interrompere o cancellare il volo per sopraggiunti motivi meteorologici e\/o di sicurezza. Trascorsi 20 min. dal decollo, il volo sar\u00e0 considerato effettuato a tutti gli effetti e non sar\u00e0 rimborsato. Sono di esclusiva competenza e responsabilit\u00e0 della Giroinmongolfiera srl tutte le autorizzazioni, pianificazioni e effettuazione di voli con personale qualificato, oltre all\u2019impiego di aeromobili certificati per l\u2019uso.<\/li>\n<li>Un volo in mongolfiera dipende completamente dalle condizioni meteorologiche. E\u2019 quindi possibile che il volo venga cancellato in qualsiasi momento, anche pochi istanti prima del decollo qualora le condizioni non garantiscano i minimi di sicurezza previsti. Se un volo viene cancellato per causa meteo o per qualsiasi altro motivo non dipendente dalla nostra volont\u00e0, verr\u00e0 riproposta una nuova data per il volo. Non saranno rimborsati i Voucher n\u00e9 eventuali spese di trasporto, vitto od alloggio sostenute dal passeggero\/i.<\/li>\n<li>Nei voli di gruppo (standard) il numero minimo di partecipanti varia da un minimo di 3 a 14 passeggeri, a seconda della tipologia di mongolfiera utilizzata. In caso non si raggiunga il numero minimo previsto, il volo sar\u00e0 cancellato e verr\u00e0 riproposta una nuova data per il volo. Non saranno rimborsati i Voucher n\u00e9 eventuali spese di trasporto, vitto od alloggio sostenute dal passeggero\/i.<\/li>\n<li>Se i voli vengono sospesi per motivi di forza maggiore la validit\u00e0 del voucher verr\u00e0 estesa per un periodo equivalente al periodo di sospensione. Non siamo responsabili comunque di perdite economiche o qualsiasi danno procurato da questa eventuale sospensione<\/li>\n<li>Ci riserviamo di affidare l\u2019esecuzione dei nostri voli anche ad altri operatori, titolari di regolare licenza ENAC che hanno con noi un contratto di collaborazione. Anche in questo caso varranno sempre questi Termini e Condizioni.<\/li>\n<li>Giroinmongolfiera srl ha una copertura assicurativa per vettori aerei ai sensi della Convenzione di Montreal del 28 maggio 1999, del Regolamento (CE) N. 785\/2004 e del Regolamento (UE) N.285\/2010 per ciascun passeggero in caso di morte e\/o lesioni personali. In tutti i casi il risarcimento non \u00e8 dovuto od \u00e8 dovuto in misura minore qualora venga dimostrato che il passeggero danneggiato \u00e8 responsabile del danno o vi ha contribuito per negligenza, atto illecito od omissione. Il diritto al risarcimento per danni si prescrive nel termine di due anni decorrenti dal giorno del volo.<\/li>\n<li>La Compagnia non si assume alcuna responsabilit\u00e0 per qualsiasi danno a macchine fotografiche, telecamere, telefonini e altri oggetti che il passeggero porta in volo. Non ci si assume inoltre alcuna responsabilit\u00e0 per qualsiasi danno alle vetture od oggetti all\u2019interno delle stesse che potrebbe occorrere durante il periodo in cui restano parcheggiate al punto di ritrovo.<\/li>\n<\/ol>\n<p><strong>Gli obblighi del passeggero verso la Compagnia<\/strong><\/p>\n<ul>\n<li>Il passeggero ricever\u00e0 un messaggio WhatsApp per la conferma del volo la sera prima verso le ore 18.00 per i voli del mattino e la mattina stessa verso le ore 12.00 per i voli del pomeriggio. Se non dovesse ricevere nulla il passeggero \u00e8 tenuto a contattare la Compagnia telefonicamente per aver conferma della prenotazione ai seguenti numeri:\n<ul>\n<li><a href=\"tel:+39 333 84 38 665\">+39 333 84 38 665<\/a><\/li>\n<li><a href=\"tel:+39 349 543 8576\">+39 349 543 8576<\/a><\/li>\n<\/ul>\n<\/li>\n<li>Il passeggero pu\u00f2\u00a0<i>cambiare\/cancellare la prenotazione\u00a0<\/i>secondo le seguenti modalit\u00e0 e costi:<\/li>\n<li><i>fino a 5 giorni prima del volo<\/i>: il volo viene riprogrammato in altra data e non \u00e8 richiesta alcuna penale per la modifica\/cancellazione<\/li>\n<li><i>a partire da 5 gg fino a 36 ore prima del volo:\u00a0<\/i>il volo viene riprogrammato in altra data ed \u00e8 richiesta una penale di modifica\/cancellazione pari al 50% del costo del voucher.<\/li>\n<li><i>24 ore prima del volo<\/i>: il volo viene riprogrammato in altra data ed \u00e8 richiesta una penale di cancellazione pari al 100% del costo del voucher.<\/li>\n<li>La modifica\/cancellazione di un volo devono essere fatti esclusivamente via mail all\u2019indirizzo: <a href=\"mailto:info@giroinmongolfiera.com\">info@giroinmongolfiera.com<\/a>.<\/li>\n<li>Alla data e relativo orario fissati per il volo, in caso di assenza e in caso di ritardo di oltre 15 minuti rispetto a quanto concordato, l\u2019utente perde qualsiasi diritto ad utilizzare il voucher: non sar\u00e0 previsto alcun rimborso.<\/li>\n<\/ul>\n<p><strong>Norme generali<\/strong><\/p>\n<ol>\n<li>Il volo in mongolfiera pu\u00f2 essere rischioso come qualsiasi altro sport, hobby od attivit\u00e0. Acquistando un Voucher o partecipando ad un volo il passeggero \u00e8 cosciente dei rischi e li accetta. Il volo, in ogni occasione, sar\u00e0 sotto il controllo e supervisione di un pilota certificato che si impegna a rendere il volo il sicuro e piacevole.<\/li>\n<li>Il Pilota non \u00e8 qualificato a giudicare lo stato di salute del passeggero, se sia in grado di volare oppure no; tuttavia per la propria sicurezza e quella degli altri, il passeggero deve assicurarsi di essere nelle condizioni fisiche per poter di partecipare al volo.<\/li>\n<\/ol>\n<p><em><strong>Non si pu\u00f2 volare se si \u00e8 portatori di handicap, menomazioni, malattie o sindromi che impediscano di volare in mongolfiera ed in particolare:<\/strong><\/em><\/p>\n<ol>\n<li>Non \u00e8 consentito volare a chi soffre di malattie cardiovascolari, portatori di Pacemaker, soggetti affetti da cardiopatie<\/li>\n<li>Non \u00e8 consentito volare ai soggetti con problemi di deficit all\u2019apparato osseo, affetti da osteoporosi<\/li>\n<li>Non \u00e8 consentito volare ai soggetti con problemi gravi alla schiena e agli arti che ne impediscano la normale deambulazione necessaria per entrare ed uscire dalla cesta della mongolfiera, operazione che avviene superando mediante uno o due gradini un parapetto di 120 cm, e\/o la posizione di atterraggio che consiste nello stare per qualche minuto a ginocchia parzialmente flesse e con le mani strette sulle maniglie di corsa presenti sulla cesta.<\/li>\n<li>Non \u00e8 consentito volare alle donne in stato di gravidanza.<\/li>\n<li>Non \u00e8 consentito volare ai soggetti con gravi problemi di compensazione dell\u2019apparato uditivo<\/li>\n<\/ol>\n<p><strong><i>In caso di dubbi vi invitiamo a consultare preventivamente il vostro medico perch\u00e9 possa confermare la vostra idoneit\u00e0 a volare in mongolfiera.<\/i><\/strong><\/p>\n<ol>\n<li>Non \u00e8 consentito volare ai soggetti con un\u2019altezza inferiore ai 120 cm<\/li>\n<li>Non \u00e8 consentito volare a chi abbia effettuato attivit\u00e0 subacquea nelle 24 ore precedenti al volo<\/li>\n<li>Non \u00e8 consentito volare ai soggetti sotto l\u2019effetto di alcol e\/o sostanze stupefacenti.<\/li>\n<li>Non \u00e8 consentito portare a bordo animali, merci pericolose, sostanze infiammabili, munizioni, esplosivi, armi da taglio e \/o da fuoco. Non possono essere imbarcate a bordo apparecchiature elettriche, elettroniche e\/o fotografiche senza autorizzazione da parte del pilota in comando, e comunque a proprio rischio e pericolo. In nessun caso vengono riconosciuti rimborsi per danni o smarrimento di tali apparecchiature. Eventuali beni imbarcati viaggiano infatti sotto l\u2019esclusivo controllo del proprietario<\/li>\n<li>Il Pilota ha il dovere, come previsto dal Codice della Navigazione, di escludere dal volo chiunque possa rappresentare un rischio per la sicurezza del volo, anche nel caso in cui l\u2019equipaggio e\/o i passeggeri fossero oggetto di violenze verbali o fisiche di altri passeggeri e\/o accompagnatori, e\/o in presenza di atteggiamenti che possano compromettere il regolare svolgimento dell\u2019attivit\u00e0. Chiunque venga escluso dal volo per tali motivi non sar\u00e0 rimborsato.<\/li>\n<li>Un adolescente sotto i 16 anni pu\u00f2 volare solo se accompagnato da un adulto. Dai 16 ai 18 anni il minore deve presentare un\u2019autorizzazione firmata da un genitore.<\/li>\n<li>I passeggeri che superano il peso di 95 kg sono tenute a comunicarlo in fase di prenotazione\/acquisto Voucher.<\/li>\n<li>I passeggeri devono indossare abiti e calzature appropriate alla stagione, tenendo conto di un escursione termica di circa 3-4 gradi in conseguenza dell\u2019altitudine e della possibilit\u00e0 di atterrare in campi umidi, bagnati e fangosi. \u00c8 vietato indossare scarpe con tacchi alti.<\/li>\n<li>E\u2019 vietato fumare nell\u2019area di decollo, di atterraggio e a bordo della mongolfiera<\/li>\n<li>Ci consenti il trattamento dei tuoi dati personali per uso interno di amministrazione e contabilit\u00e0.<\/li>\n<\/ol>\n<p><em><strong>L\u2019informativa ai sensi dell\u2019art. 13 GDPR 679\/2016 \u2013 \u201cRegolamento europeo sulla protezione dei dati personali\u201d \u00e8 consultabile sul sito internet www.giroinmongolfiera.com<\/strong><\/em><\/p>\n<ol>\n<li>Giroinmongolfiera srl si riserva il diritto di rifiutare la vendita di un Voucher in qualsiasi momento. In casi eccezionali ci riserviamo anche di cancellare un Voucher esistente (con o senza rimborso) se l\u2019equipaggio o i passeggeri sono oggetto di violenze verbali o fisiche o se il regolare svolgimento dell\u2019attivit\u00e0 rischia di essere disturbato dal tuo comportamento o da quello dei tuoi accompagnatori.<\/li>\n<li>Giroinmongolfiera srl si riserva il diritto di modificare in ogni momento questi Termini e Condizioni senza obbligo di informare preventivamente il pubblico.<\/li>\n<li>Il Foro competente per ogni controversia \u00e8 Cuneo<\/li>\n<\/ol>\n<\/div><\/div><\/div><\/div><\/div><\/div><\/div><\/section>","protected":false},"excerpt":{"rendered":"Termini, condizioni e limitazioni al voloDefinizioni di seguito utilizzate: Voucher:\u00a0buono\/titolo di viaggio che d\u00e0 diritto ad un volo in mongolfiera. Passeggero:\u00a0Persona che acquista il Voucher e\/o partecipa al volo ed accetta questi Termini e Condizioni. Compagnia: Giroinmongolfiera srl Quando si acquista un Voucher si accettano i seguenti \u201cTermini e Condizioni\u201d riportati anche sul nostro sito\u00a0www.giroinmongolfiera.com...","protected":false},"author":1,"featured_media":0,"parent":0,"menu_order":0,"comment_status":"closed","ping_status":"closed","template":"","meta":{"_acf_changed":false,"footnotes":""},"class_list":["post-616","page","type-page","status-publish","hentry"],"acf":[],"yoast_head":"<!-- This site is optimized with the Yoast SEO plugin v27.1.1 - https:\/\/yoast.com\/product\/yoast-seo-wordpress\/ -->\n<title>Termini, condizioni e limitazioni al volo - Giro in mongolfiera<\/title>\n<meta name=\"robots\" content=\"index, follow, max-snippet:-1, max-image-preview:large, max-video-preview:-1\" \/>\n<link rel=\"canonical\" href=\"https:\/\/giroinmongolfiera.com\/de\/termini-condizioni-e-limitazioni-al-volo\/\" \/>\n<meta property=\"og:locale\" content=\"de_DE\" \/>\n<meta property=\"og:type\" content=\"article\" \/>\n<meta property=\"og:title\" content=\"Termini, condizioni e limitazioni al volo - Giro in mongolfiera\" \/>\n<meta property=\"og:url\" content=\"https:\/\/giroinmongolfiera.com\/de\/termini-condizioni-e-limitazioni-al-volo\/\" \/>\n<meta property=\"og:site_name\" content=\"Giro in mongolfiera\" \/>\n<meta property=\"article:modified_time\" content=\"2026-02-23T09:30:31+00:00\" \/>\n<meta name=\"twitter:card\" content=\"summary_large_image\" \/>\n<meta name=\"twitter:label1\" content=\"Gesch\u00e4tzte Lesezeit\" \/>\n\t<meta name=\"twitter:data1\" content=\"10\u00a0Minuten\" \/>\n<script type=\"application\/ld+json\" class=\"yoast-schema-graph\">{\"@context\":\"https:\/\/schema.org\",\"@graph\":[{\"@type\":\"WebPage\",\"@id\":\"https:\/\/giroinmongolfiera.com\/termini-condizioni-e-limitazioni-al-volo\/\",\"url\":\"https:\/\/giroinmongolfiera.com\/termini-condizioni-e-limitazioni-al-volo\/\",\"name\":\"Termini, condizioni e limitazioni al volo - Giro in mongolfiera\",\"isPartOf\":{\"@id\":\"https:\/\/giroinmongolfiera.com\/#website\"},\"datePublished\":\"2019-07-03T15:24:33+00:00\",\"dateModified\":\"2026-02-23T09:30:31+00:00\",\"breadcrumb\":{\"@id\":\"https:\/\/giroinmongolfiera.com\/termini-condizioni-e-limitazioni-al-volo\/#breadcrumb\"},\"inLanguage\":\"de\",\"potentialAction\":[{\"@type\":\"ReadAction\",\"target\":[\"https:\/\/giroinmongolfiera.com\/termini-condizioni-e-limitazioni-al-volo\/\"]}]},{\"@type\":\"BreadcrumbList\",\"@id\":\"https:\/\/giroinmongolfiera.com\/termini-condizioni-e-limitazioni-al-volo\/#breadcrumb\",\"itemListElement\":[{\"@type\":\"ListItem\",\"position\":1,\"name\":\"Home\",\"item\":\"https:\/\/giroinmongolfiera.com\/\"},{\"@type\":\"ListItem\",\"position\":2,\"name\":\"Termini, condizioni e limitazioni al volo\"}]},{\"@type\":\"WebSite\",\"@id\":\"https:\/\/giroinmongolfiera.com\/#website\",\"url\":\"https:\/\/giroinmongolfiera.com\/\",\"name\":\"Giro in mongolfiera\",\"description\":\"Vola in mongolfiera, vivi un&#039;esperienza unica\",\"publisher\":{\"@id\":\"https:\/\/giroinmongolfiera.com\/#organization\"},\"potentialAction\":[{\"@type\":\"SearchAction\",\"target\":{\"@type\":\"EntryPoint\",\"urlTemplate\":\"https:\/\/giroinmongolfiera.com\/?s={search_term_string}\"},\"query-input\":{\"@type\":\"PropertyValueSpecification\",\"valueRequired\":true,\"valueName\":\"search_term_string\"}}],\"inLanguage\":\"de\"},{\"@type\":\"Organization\",\"@id\":\"https:\/\/giroinmongolfiera.com\/#organization\",\"name\":\"Giroinmongolfiera SRL\",\"url\":\"https:\/\/giroinmongolfiera.com\/\",\"logo\":{\"@type\":\"ImageObject\",\"inLanguage\":\"de\",\"@id\":\"https:\/\/giroinmongolfiera.com\/#\/schema\/logo\/image\/\",\"url\":\"https:\/\/giroinmongolfiera.com\/wp-content\/uploads\/Giro_in_Mongolfiera-LOGO.png\",\"contentUrl\":\"https:\/\/giroinmongolfiera.com\/wp-content\/uploads\/Giro_in_Mongolfiera-LOGO.png\",\"width\":385,\"height\":126,\"caption\":\"Giroinmongolfiera SRL\"},\"image\":{\"@id\":\"https:\/\/giroinmongolfiera.com\/#\/schema\/logo\/image\/\"}}]}<\/script>\n<!-- \/ Yoast SEO plugin. -->","yoast_head_json":{"title":"Termini, condizioni e limitazioni al volo - Giro in mongolfiera","robots":{"index":"index","follow":"follow","max-snippet":"max-snippet:-1","max-image-preview":"max-image-preview:large","max-video-preview":"max-video-preview:-1"},"canonical":"https:\/\/giroinmongolfiera.com\/de\/termini-condizioni-e-limitazioni-al-volo\/","og_locale":"de_DE","og_type":"article","og_title":"Termini, condizioni e limitazioni al volo - Giro in mongolfiera","og_url":"https:\/\/giroinmongolfiera.com\/de\/termini-condizioni-e-limitazioni-al-volo\/","og_site_name":"Giro in mongolfiera","article_modified_time":"2026-02-23T09:30:31+00:00","twitter_card":"summary_large_image","twitter_misc":{"Gesch\u00e4tzte Lesezeit":"10\u00a0Minuten"},"schema":{"@context":"https:\/\/schema.org","@graph":[{"@type":"WebPage","@id":"https:\/\/giroinmongolfiera.com\/termini-condizioni-e-limitazioni-al-volo\/","url":"https:\/\/giroinmongolfiera.com\/termini-condizioni-e-limitazioni-al-volo\/","name":"Termini, condizioni e limitazioni al volo - Giro in mongolfiera","isPartOf":{"@id":"https:\/\/giroinmongolfiera.com\/#website"},"datePublished":"2019-07-03T15:24:33+00:00","dateModified":"2026-02-23T09:30:31+00:00","breadcrumb":{"@id":"https:\/\/giroinmongolfiera.com\/termini-condizioni-e-limitazioni-al-volo\/#breadcrumb"},"inLanguage":"de","potentialAction":[{"@type":"ReadAction","target":["https:\/\/giroinmongolfiera.com\/termini-condizioni-e-limitazioni-al-volo\/"]}]},{"@type":"BreadcrumbList","@id":"https:\/\/giroinmongolfiera.com\/termini-condizioni-e-limitazioni-al-volo\/#breadcrumb","itemListElement":[{"@type":"ListItem","position":1,"name":"Home","item":"https:\/\/giroinmongolfiera.com\/"},{"@type":"ListItem","position":2,"name":"Termini, condizioni e limitazioni al volo"}]},{"@type":"WebSite","@id":"https:\/\/giroinmongolfiera.com\/#website","url":"https:\/\/giroinmongolfiera.com\/","name":"Giro in mongolfiera","description":"Vola in mongolfiera, vivi un&#039;esperienza unica","publisher":{"@id":"https:\/\/giroinmongolfiera.com\/#organization"},"potentialAction":[{"@type":"SearchAction","target":{"@type":"EntryPoint","urlTemplate":"https:\/\/giroinmongolfiera.com\/?s={search_term_string}"},"query-input":{"@type":"PropertyValueSpecification","valueRequired":true,"valueName":"search_term_string"}}],"inLanguage":"de"},{"@type":"Organization","@id":"https:\/\/giroinmongolfiera.com\/#organization","name":"Giroinmongolfiera SRL","url":"https:\/\/giroinmongolfiera.com\/","logo":{"@type":"ImageObject","inLanguage":"de","@id":"https:\/\/giroinmongolfiera.com\/#\/schema\/logo\/image\/","url":"https:\/\/giroinmongolfiera.com\/wp-content\/uploads\/Giro_in_Mongolfiera-LOGO.png","contentUrl":"https:\/\/giroinmongolfiera.com\/wp-content\/uploads\/Giro_in_Mongolfiera-LOGO.png","width":385,"height":126,"caption":"Giroinmongolfiera SRL"},"image":{"@id":"https:\/\/giroinmongolfiera.com\/#\/schema\/logo\/image\/"}}]}},"_links":{"self":[{"href":"https:\/\/giroinmongolfiera.com\/de\/wp-json\/wp\/v2\/pages\/616","targetHints":{"allow":["GET"]}}],"collection":[{"href":"https:\/\/giroinmongolfiera.com\/de\/wp-json\/wp\/v2\/pages"}],"about":[{"href":"https:\/\/giroinmongolfiera.com\/de\/wp-json\/wp\/v2\/types\/page"}],"author":[{"embeddable":true,"href":"https:\/\/giroinmongolfiera.com\/de\/wp-json\/wp\/v2\/users\/1"}],"replies":[{"embeddable":true,"href":"https:\/\/giroinmongolfiera.com\/de\/wp-json\/wp\/v2\/comments?post=616"}],"version-history":[{"count":4,"href":"https:\/\/giroinmongolfiera.com\/de\/wp-json\/wp\/v2\/pages\/616\/revisions"}],"predecessor-version":[{"id":106882,"href":"https:\/\/giroinmongolfiera.com\/de\/wp-json\/wp\/v2\/pages\/616\/revisions\/106882"}],"wp:attachment":[{"href":"https:\/\/giroinmongolfiera.com\/de\/wp-json\/wp\/v2\/media?parent=616"}],"curies":[{"name":"wp","href":"https:\/\/api.w.org\/{rel}","templated":true}]}}