{"id":18473,"date":"2024-01-09T13:37:25","date_gmt":"2024-01-09T11:37:25","guid":{"rendered":"https:\/\/giroinmongolfiera8962.live-website.com\/?post_type=product&#038;p=18473"},"modified":"2025-12-16T11:44:09","modified_gmt":"2025-12-16T09:44:09","slug":"in-compagnia-alpi-e-pascoli","status":"publish","type":"product","link":"https:\/\/giroinmongolfiera.com\/de\/catalogo\/voli\/voli-di-gruppo\/in-compagnia-alpi-e-pascoli\/","title":{"rendered":"Gruppen-Ballonfahrt am Fu\u00dfe der Alpen"},"content":{"rendered":"<section class=\"l-section wpb_row us_custom_6430fa7d height_auto\"><div class=\"l-section-h i-cf\"><div class=\"g-cols vc_row via_flex valign_top type_default stacking_default\"><div class=\"vc_col-sm-2 wpb_column vc_column_container\"><div class=\"vc_column-inner\"><div class=\"wpb_wrapper\"><\/div><\/div><\/div><div class=\"vc_col-sm-8 wpb_column vc_column_container\"><div class=\"vc_column-inner\"><div class=\"wpb_wrapper\"><div class=\"w-separator size_small with_line width_default thick_1 style_solid color_border align_left with_text with_content\"><div class=\"w-separator-h\"><h5 class=\"w-separator-text\"><i class=\"fal fa-fast-forward\"><\/i><span>schneller \u00dcberblick<\/span><\/h5><\/div><\/div><div class=\"g-cols wpb_row via_flex valign_top type_default stacking_default\" style=\"--additional-gap:1rem;\"><div class=\"vc_col-sm-6 wpb_column vc_column_container\"><div class=\"vc_column-inner\"><div class=\"wpb_wrapper\"><div class=\"w-iconbox iconpos_left style_default color_contrast align_left no_title\"><div class=\"w-iconbox-icon\" style=\"font-size:1.5rem;\"><i class=\"fal fa-map-marker-smile\"><\/i><\/div><div class=\"w-iconbox-meta\"><div class=\"w-iconbox-text\"><p><strong>\u00d6rtlichkeit<br \/>\n<\/strong>Mondov\u00ec (CN) \u2013 Piemont<\/p>\n<\/div><\/div><\/div><\/div><\/div><\/div><div class=\"vc_col-sm-6 wpb_column vc_column_container\"><div class=\"vc_column-inner\"><div class=\"wpb_wrapper\"><div class=\"w-iconbox iconpos_left style_default color_contrast align_left no_title\"><div class=\"w-iconbox-icon\" style=\"font-size:1.5rem;\"><i class=\"fal fa-calendar-alt\"><\/i><\/div><div class=\"w-iconbox-meta\"><div class=\"w-iconbox-text\"><p><strong>Verf\u00fcgbarkeit<br \/>\n<\/strong>Das ganze Jahr<\/p>\n<\/div><\/div><\/div><\/div><\/div><\/div><\/div><div class=\"w-separator size_custom\" style=\"height:1.5rem\"><\/div><div class=\"g-cols wpb_row via_flex valign_top type_default stacking_default\" style=\"--additional-gap:1rem;\"><div class=\"vc_col-sm-6 wpb_column vc_column_container\"><div class=\"vc_column-inner\"><div class=\"wpb_wrapper\"><div class=\"w-iconbox iconpos_left style_default color_contrast align_left no_title\"><div class=\"w-iconbox-icon\" style=\"font-size:1.5rem;\"><i class=\"fal fa-users\"><\/i><\/div><div class=\"w-iconbox-meta\"><div class=\"w-iconbox-text\"><p><strong>Teilnehmer<\/strong><br \/>\nbis zu 12 Personen (geteilter Flug)<\/p>\n<\/div><\/div><\/div><\/div><\/div><\/div><div class=\"vc_col-sm-6 wpb_column vc_column_container\"><div class=\"vc_column-inner\"><div class=\"wpb_wrapper\"><div class=\"w-iconbox iconpos_left style_default color_contrast align_left no_title\"><div class=\"w-iconbox-icon\" style=\"font-size:1.5rem;\"><i class=\"fal fa-clock\"><\/i><\/div><div class=\"w-iconbox-meta\"><div class=\"w-iconbox-text\"><p><strong>\u00d6ffnungszeiten<\/strong><br \/>\nKurz nach Sonnenaufgang (variiert je nach Jahreszeit)<\/p>\n<\/div><\/div><\/div><\/div><\/div><\/div><\/div><div class=\"w-separator size_custom\" style=\"height:1.5rem\"><\/div><div class=\"g-cols wpb_row via_flex valign_top type_default stacking_default\" style=\"--additional-gap:2rem;\"><div class=\"vc_col-sm-12 wpb_column vc_column_container\"><div class=\"vc_column-inner\"><div class=\"wpb_wrapper\"><div class=\"w-iconbox iconpos_left style_default color_contrast align_left no_title\"><div class=\"w-iconbox-icon\" style=\"font-size:1.5rem;\"><i class=\"fal fa-hourglass\"><\/i><\/div><div class=\"w-iconbox-meta\"><div class=\"w-iconbox-text\"><p><strong>Gesamtdauer der Erfahrung<\/strong><br \/>\nUngef\u00e4hr 3 Stunden (inklusive Vorbereitung, Flug, Erfrischung und R\u00fcckkehr)<\/p>\n<\/div><\/div><\/div><\/div><\/div><\/div><\/div><div class=\"w-separator size_custom\" style=\"height:2rem\"><\/div><div class=\"w-separator size_small\"><\/div><div class=\"w-separator size_small with_line width_default thick_1 style_solid color_border align_left with_text with_content\"><div class=\"w-separator-h\"><h5 class=\"w-separator-text\"><i class=\"fal fa-telescope\"><\/i><span>was du von oben sehen wirst<\/span><\/h5><\/div><\/div><div class=\"wpb_text_column\"><div class=\"wpb_wrapper\"><ul>\n<li style=\"font-weight: 400;\" aria-level=\"1\"><span style=\"font-weight: 400;\">Die L\u00e4nder zwischen <strong>Mondov\u00ec<\/strong> und die <strong>Langhe<\/strong><\/span><\/li>\n<li style=\"font-weight: 400;\" aria-level=\"1\"><span style=\"font-weight: 400;\">I <strong>Calanchi<\/strong>, naturliche Wunder, von der Zeit geformt<\/span><\/li>\n<li style=\"font-weight: 400;\" aria-level=\"1\"><span style=\"font-weight: 400;\">Elle <strong>Tanaro<\/strong>, das elegant die Ebene durchquert<\/span><\/li>\n<li style=\"font-weight: 400;\" aria-level=\"1\"><span style=\"font-weight: 400;\">Die Majest\u00e4tischen <strong>Alpen<\/strong> und die <strong>sanfte H\u00fcgel<\/strong> der Langhe am Horizont<\/span><\/li>\n<\/ul>\n<\/div><\/div><div class=\"w-separator size_small\"><\/div><div class=\"w-separator size_small with_line width_default thick_1 style_solid color_border align_left with_text with_content\"><div class=\"w-separator-h\"><h5 class=\"w-separator-text\"><i class=\"fas fa-vial\"><\/i><span>die Erfahrung beinhaltet<\/span><\/h5><\/div><\/div><div class=\"wpb_text_column\"><div class=\"wpb_wrapper\"><ol>\n<li><strong>Vorflugbesprechung<\/strong> mit dem Piloten<\/li>\n<li>Mindestens eine Stunde <strong>Panoramflug durch die Weinberge<\/strong> \u2713<\/li>\n<li>Brindisi\/<strong>Fr\u00fchst\u00fcck des Fliegers<\/strong>\u00a0(Wurstwaren, K\u00e4se, Weine, S\u00e4fte\u2026) \u2713<\/li>\n<li><strong>Transport<\/strong> bei der R\u00fcckkehr<\/li>\n<li><strong>Versicherung<\/strong> Passagiere vollst\u00e4ndig \u2713<\/li>\n<li><strong>Kostenlose Parkpl\u00e4tze<\/strong> am Treffpunkt<\/li>\n<\/ol>\n<\/div><\/div><div class=\"w-separator size_small\"><\/div><\/div><\/div><\/div><div class=\"vc_col-sm-2 wpb_column vc_column_container\"><div class=\"vc_column-inner\"><div class=\"wpb_wrapper\"><\/div><\/div><\/div><\/div><\/div><\/section><section class=\"l-section wpb_row us_custom_8d032b96 height_auto width_full color_primary\"><div class=\"l-section-h i-cf\"><div class=\"g-cols vc_row via_flex valign_top type_default stacking_default\"><div class=\"vc_col-sm-12 wpb_column vc_column_container\"><div class=\"vc_column-inner\"><div class=\"wpb_wrapper\"><div class=\"w-separator size_small with_line width_default thick_1 style_solid color_text align_left with_text with_content\"><div class=\"w-separator-h\"><h5 class=\"w-separator-text\"><i class=\"fas fa-vial\"><\/i><span>Warum Sie uns w\u00e4hlen sollten?<\/span><\/h5><\/div><\/div><div class=\"g-cols wpb_row via_flex valign_top type_boxes stacking_default\"><div class=\"vc_col-sm-6 wpb_column vc_column_container\"><div class=\"vc_column-inner\"><div class=\"wpb_wrapper\"><div class=\"w-iconbox iconpos_top style_default color_contrast align_center no_title\"><div class=\"w-iconbox-icon\" style=\"font-size:2rem;\"><i class=\"fal fa-user-shield\"><\/i><\/div><div class=\"w-iconbox-meta\"><div class=\"w-iconbox-text\"><p>Piloten <strong>Experten und Zertifizierte<\/strong> ENAC<\/p>\n<\/div><\/div><\/div><\/div><\/div><\/div><div class=\"vc_col-sm-6 wpb_column vc_column_container\"><div class=\"vc_column-inner\"><div class=\"wpb_wrapper\"><div class=\"w-iconbox iconpos_top style_default color_contrast align_center no_title\"><div class=\"w-iconbox-icon\" style=\"font-size:2rem;\"><i class=\"fal fa-cloud-hail-mixed\"><\/i><\/div><div class=\"w-iconbox-meta\"><div class=\"w-iconbox-text\"><p>Wettergarantie: Bei schlechtem Wetter verschieben wir. <strong>kostenlos<\/strong><\/p>\n<\/div><\/div><\/div><\/div><\/div><\/div><\/div><div class=\"g-cols wpb_row via_flex valign_top type_boxes stacking_default\"><div class=\"vc_col-sm-6 wpb_column vc_column_container\"><div class=\"vc_column-inner\"><div class=\"wpb_wrapper\"><div class=\"w-iconbox iconpos_top style_default color_contrast align_center no_title\"><div class=\"w-iconbox-icon\" style=\"font-size:2rem;\"><i class=\"fal fa-glass-cheers\"><\/i><\/div><div class=\"w-iconbox-meta\"><div class=\"w-iconbox-text\"><p>Wir sto\u00dfen gemeinsam an auf<strong> lokale Produkte<\/strong><\/p>\n<\/div><\/div><\/div><\/div><\/div><\/div><div class=\"vc_col-sm-6 wpb_column vc_column_container\"><div class=\"vc_column-inner\"><div class=\"wpb_wrapper\"><div class=\"w-iconbox iconpos_top style_default color_contrast align_center no_title\"><div class=\"w-iconbox-icon\" style=\"font-size:2rem;\"><i class=\"fal fa-tree-alt\"><\/i><\/div><div class=\"w-iconbox-meta\"><div class=\"w-iconbox-text\"><p>Nuller-Emissionen: f\u00fcr jeden Flug <strong>Lasst uns einen Baum pflanzen.<\/strong><\/p>\n<\/div><\/div><\/div><\/div><\/div><\/div><\/div><\/div><\/div><\/div><\/div><\/div><\/section><section class=\"l-section wpb_row us_custom_8417cf24 height_auto\"><div class=\"l-section-overlay\" style=\"background:rgba(255,255,255,0.55)\"><\/div><div class=\"l-section-h i-cf\"><div class=\"g-cols vc_row via_flex valign_top type_default stacking_default\"><div class=\"vc_col-sm-2 wpb_column vc_column_container\"><div class=\"vc_column-inner\"><div class=\"wpb_wrapper\"><\/div><\/div><\/div><div class=\"vc_col-sm-8 wpb_column vc_column_container\"><div class=\"vc_column-inner\"><div class=\"wpb_wrapper\"><div class=\"w-separator us_custom_2ba75eac size_medium has_font_size with_line width_default thick_1 style_solid color_text align_left with_text with_content\"><div class=\"w-separator-h\"><div class=\"w-separator-text\"><span>Alles Gute, das auf dich wartet<\/span><\/div><\/div><\/div><div class=\"wpb_text_column with_collapsible_content\" data-content-height=\"300px\"><div class=\"wpb_wrapper\"><h4><b>Ballonfahrt von Mondov\u00ec: ein Abenteuer zwischen Himmel, Natur und weiten Horizonten<\/b><\/h4>\n<p><span style=\"font-weight: 400;\">Es geht los in der N\u00e4he von <\/span><b>Mondov\u00ec<\/b><span style=\"font-weight: 400;\">, in einem Ambiente, das <\/span><b>die St\u00e4rke der Berge und die Sanftheit der Weiden.<\/b><span style=\"font-weight: 400;\"> Die Luft ist frisch, die Aussicht entspannend und alles scheint bereit f\u00fcr ein unvergessliches Abenteuer. Hier ist das Schl\u00fcsselwort:<\/span><b> sich treiben lassen.<\/b><\/p>\n<p><span style=\"font-weight: 400;\">Auf geht's<\/span><b> bei Sonnenaufgang,<\/b><span style=\"font-weight: 400;\"> wenn alles noch still ist<\/span><span style=\"font-weight: 400;\">. <\/span><b>Es gibt keine genaue Route: Der Wind bestimmt die Richtung<\/b><span style=\"font-weight: 400;\">, und jeder Flug wird zu einer anderen Geschichte.<\/span><\/p>\n<p><span style=\"font-weight: 400;\">W\u00e4hrend der <\/span><b>etwa 60 Minuten Flugzeit<\/b><span style=\"font-weight: 400;\">, kannst du von oben bewundern <\/span><b>die Calanchi,<\/b><span style=\"font-weight: 400;\"> die H\u00fcgel des <\/span><b>Langhe<\/b><span style=\"font-weight: 400;\">, der Verlauf des <\/span><b>Tanaro<\/b><span style=\"font-weight: 400;\">, e \u2013 an den klarsten Tagen \u2013<\/span><b> die Erhabenheit der Alpen. <\/b><span style=\"font-weight: 400;\">\u00a0Ein weites, sauberes Panorama, das man in Stille genie\u00dfen kann, begleitet vom sanften S\u00e4useln des Brenners.\u00a0<\/span><\/p>\n<p><span style=\"font-weight: 400;\">Die Erde erwartet dich <\/span><b>Ein Toast mit typischen Produkten:<\/b><span style=\"font-weight: 400;\"> lokale Wurstwaren, K\u00e4sesorten und Weine, um das Erlebnis so gesellig wie m\u00f6glich abzuschlie\u00dfen, bei Gespr\u00e4chen und Lachen.<\/span><\/p>\n<p><span style=\"font-weight: 400;\">Und es gibt ein Detail, das dieses Geschenk noch besonderer macht: <\/span><b>Mit einem Hei\u00dfluftballon zu fliegen ist auch eine gr\u00fcne Wahl.<\/b><span style=\"font-weight: 400;\"> Der Einfluss auf die Umwelt ist minimal und<\/span><b> F\u00fcr jeden Flug pflanzen wir einen Baum., <\/b><span style=\"font-weight: 400;\">um der Natur ein St\u00fcck von dem zur\u00fcckzugeben, was sie uns geschenkt hat. Eine konkrete Geste, die das Erlebnis nicht nur unvergesslich, sondern auch nachhaltig macht.<\/span><\/p>\n<p><span style=\"font-weight: 400;\">Die Aktivit\u00e4t ist <\/span><b>Geeignet f\u00fcr alle ab 7 Jahren<\/b><span style=\"font-weight: 400;\"> (Mindesth\u00f6he 130 cm). Aus technischen Gr\u00fcnden wird f\u00fcr Personen \u00fcber 100 kg ein kleiner Aufpreis erhoben. Fliegen ist in der Schwangerschaft und auch nach einer zu ausgelassenen Nacht nicht gestattet: Sicherheit geht vor.<\/span><\/p>\n<p><b>Wenn das Wetter verr\u00fcckt spielt,<\/b><span style=\"font-weight: 400;\"> kein Problem<\/span><b> Der Flug wird kostenlos verschoben. <\/b><span style=\"font-weight: 400;\">Die Abfahrt ist mit mindestens 5 Teilnehmern best\u00e4tigt und Sie erhalten alle n\u00fctzlichen Informationen am Vortag, einschlie\u00dflich des Treffpunkts mit kostenlosem Parkplatz.<\/span><\/p>\n<p><span style=\"font-weight: 400;\">An Bord werden sein <\/span><b>ENAC-zertifizierte Piloten: <\/b><span style=\"font-weight: 400;\">Experten, zuverl\u00e4ssig und bereit, Ihnen ein wirklich unvergessliches Erlebnis zu erm\u00f6glichen.<\/span><\/p>\n<p><b>Was mitbringen?<\/b><span style=\"font-weight: 400;\"> Bequeme Kleidung, Turn- oder Wanderschuhe, ein Hut, die Kamera\u2026 und Lust auf Leichtigkeit.<\/span><\/p>\n<p><span style=\"font-weight: 400;\">Mondov\u00ec und seine T\u00e4ler zu \u00fcberfliegen ist eine besondere Art,<b> das Piemont mit neuen Augen sehen.<\/b> Ein Geschenk, das im Herzen bleibt.<\/span><span style=\"font-weight: 400;\"><\/span><\/p>\n<\/div><div class=\"toggle-links align_none\"><button class=\"collapsible-content-more\">Mehr anzeigen<\/button><button class=\"collapsible-content-less\">Weniger anzeigen<\/button><\/div><\/div><div class=\"w-separator size_small\"><\/div><\/div><\/div><\/div><div class=\"vc_col-sm-2 wpb_column vc_column_container\"><div class=\"vc_column-inner\"><div class=\"wpb_wrapper\"><\/div><\/div><\/div><\/div><\/div><\/section>","protected":false},"excerpt":{"rendered":"<p>Fliegen Sie in einer Gruppe \u00fcber die Ebene von Cuneo und bewundern Sie die Alpen am Horizont<\/p>","protected":false},"featured_media":19973,"template":"","meta":{"_acf_changed":false},"product_brand":[],"product_cat":[140,23],"product_tag":[],"partenza_voli":[69],"zona":[96],"class_list":{"0":"post-18473","1":"product","2":"type-product","3":"status-publish","4":"has-post-thumbnail","6":"product_cat-voli","7":"product_cat-voli-di-gruppo","8":"partenza_voli-mondovi","9":"zona-mondovi","11":"first","12":"instock","13":"featured","14":"shipping-taxable","15":"purchasable","16":"product-type-variable","17":"has-default-attributes"},"acf":[],"yoast_head":"<!-- This site is optimized with the Yoast SEO plugin v27.1.1 - https:\/\/yoast.com\/product\/yoast-seo-wordpress\/ -->\n<title>Giro in Mongolfiera a Mondov\u00ec, ai piedi delle Alpi - Volo di gruppo<\/title>\n<meta name=\"description\" content=\"Un Giro in Mongolfiera in compagnia, la nostra opzione pi\u00f9 conveniente. Per gruppi gi\u00e0 formati oppure possibilit\u00e0 di unirsi a gruppi last minute. Chiamaci!\" \/>\n<meta name=\"robots\" content=\"index, follow, max-snippet:-1, max-image-preview:large, max-video-preview:-1\" \/>\n<link rel=\"canonical\" href=\"https:\/\/giroinmongolfiera.com\/de\/catalogo\/voli\/voli-di-gruppo\/in-compagnia-alpi-e-pascoli\/\" \/>\n<meta property=\"og:locale\" content=\"de_DE\" \/>\n<meta property=\"og:type\" content=\"article\" \/>\n<meta property=\"og:title\" content=\"Giro in Mongolfiera a Mondov\u00ec, ai piedi delle Alpi - Volo di gruppo\" \/>\n<meta property=\"og:description\" content=\"Un Giro in Mongolfiera in compagnia, la nostra opzione pi\u00f9 conveniente. Per gruppi gi\u00e0 formati oppure possibilit\u00e0 di unirsi a gruppi last minute. Chiamaci!\" \/>\n<meta property=\"og:url\" content=\"https:\/\/giroinmongolfiera.com\/de\/catalogo\/voli\/voli-di-gruppo\/in-compagnia-alpi-e-pascoli\/\" \/>\n<meta property=\"og:site_name\" content=\"Giro in mongolfiera\" \/>\n<meta property=\"article:modified_time\" content=\"2025-12-16T09:44:09+00:00\" \/>\n<meta property=\"og:image\" content=\"https:\/\/giroinmongolfiera.com\/wp-content\/uploads\/mondovi_-4.jpg\" \/>\n\t<meta property=\"og:image:width\" content=\"2048\" \/>\n\t<meta property=\"og:image:height\" content=\"1367\" \/>\n\t<meta property=\"og:image:type\" content=\"image\/jpeg\" \/>\n<meta name=\"twitter:card\" content=\"summary_large_image\" \/>\n<meta name=\"twitter:label1\" content=\"Gesch\u00e4tzte Lesezeit\" \/>\n\t<meta name=\"twitter:data1\" content=\"1\u00a0Minute\" \/>\n<script type=\"application\/ld+json\" class=\"yoast-schema-graph\">{\"@context\":\"https:\/\/schema.org\",\"@graph\":[{\"@type\":\"WebPage\",\"@id\":\"https:\/\/giroinmongolfiera.com\/catalogo\/voli\/voli-di-gruppo\/in-compagnia-alpi-e-pascoli\/\",\"url\":\"https:\/\/giroinmongolfiera.com\/catalogo\/voli\/voli-di-gruppo\/in-compagnia-alpi-e-pascoli\/\",\"name\":\"Giro in Mongolfiera a Mondov\u00ec, ai piedi delle Alpi - Volo di gruppo\",\"isPartOf\":{\"@id\":\"https:\/\/giroinmongolfiera.com\/#website\"},\"primaryImageOfPage\":{\"@id\":\"https:\/\/giroinmongolfiera.com\/catalogo\/voli\/voli-di-gruppo\/in-compagnia-alpi-e-pascoli\/#primaryimage\"},\"image\":{\"@id\":\"https:\/\/giroinmongolfiera.com\/catalogo\/voli\/voli-di-gruppo\/in-compagnia-alpi-e-pascoli\/#primaryimage\"},\"thumbnailUrl\":\"https:\/\/giroinmongolfiera.com\/wp-content\/uploads\/mondovi_-4.jpg\",\"datePublished\":\"2024-01-09T11:37:25+00:00\",\"dateModified\":\"2025-12-16T09:44:09+00:00\",\"description\":\"Un Giro in Mongolfiera in compagnia, la nostra opzione pi\u00f9 conveniente. Per gruppi gi\u00e0 formati oppure possibilit\u00e0 di unirsi a gruppi last minute. Chiamaci!\",\"breadcrumb\":{\"@id\":\"https:\/\/giroinmongolfiera.com\/catalogo\/voli\/voli-di-gruppo\/in-compagnia-alpi-e-pascoli\/#breadcrumb\"},\"inLanguage\":\"de\",\"potentialAction\":[{\"@type\":\"ReadAction\",\"target\":[\"https:\/\/giroinmongolfiera.com\/catalogo\/voli\/voli-di-gruppo\/in-compagnia-alpi-e-pascoli\/\"]}]},{\"@type\":\"ImageObject\",\"inLanguage\":\"de\",\"@id\":\"https:\/\/giroinmongolfiera.com\/catalogo\/voli\/voli-di-gruppo\/in-compagnia-alpi-e-pascoli\/#primaryimage\",\"url\":\"https:\/\/giroinmongolfiera.com\/wp-content\/uploads\/mondovi_-4.jpg\",\"contentUrl\":\"https:\/\/giroinmongolfiera.com\/wp-content\/uploads\/mondovi_-4.jpg\",\"width\":2048,\"height\":1367,\"caption\":\"Voli in Mongolfiera da Mondovi con vista sulle Alpi innevate\"},{\"@type\":\"BreadcrumbList\",\"@id\":\"https:\/\/giroinmongolfiera.com\/catalogo\/voli\/voli-di-gruppo\/in-compagnia-alpi-e-pascoli\/#breadcrumb\",\"itemListElement\":[{\"@type\":\"ListItem\",\"position\":1,\"name\":\"Home\",\"item\":\"https:\/\/giroinmongolfiera.com\/\"},{\"@type\":\"ListItem\",\"position\":2,\"name\":\"Products\",\"item\":\"https:\/\/giroinmongolfiera.com\/shop\/\"},{\"@type\":\"ListItem\",\"position\":3,\"name\":\"VOLI\",\"item\":\"https:\/\/giroinmongolfiera.com\/categoria\/voli\/\"},{\"@type\":\"ListItem\",\"position\":4,\"name\":\"Voli di gruppo\",\"item\":\"https:\/\/giroinmongolfiera.com\/categoria\/voli\/voli-di-gruppo\/\"},{\"@type\":\"ListItem\",\"position\":5,\"name\":\"Giro in Mongolfiera di gruppo ai piedi delle Alpi\"}]},{\"@type\":\"WebSite\",\"@id\":\"https:\/\/giroinmongolfiera.com\/#website\",\"url\":\"https:\/\/giroinmongolfiera.com\/\",\"name\":\"Giro in mongolfiera\",\"description\":\"Vola in mongolfiera, vivi un&#039;esperienza unica\",\"publisher\":{\"@id\":\"https:\/\/giroinmongolfiera.com\/#organization\"},\"potentialAction\":[{\"@type\":\"SearchAction\",\"target\":{\"@type\":\"EntryPoint\",\"urlTemplate\":\"https:\/\/giroinmongolfiera.com\/?s={search_term_string}\"},\"query-input\":{\"@type\":\"PropertyValueSpecification\",\"valueRequired\":true,\"valueName\":\"search_term_string\"}}],\"inLanguage\":\"de\"},{\"@type\":\"Organization\",\"@id\":\"https:\/\/giroinmongolfiera.com\/#organization\",\"name\":\"Giroinmongolfiera SRL\",\"url\":\"https:\/\/giroinmongolfiera.com\/\",\"logo\":{\"@type\":\"ImageObject\",\"inLanguage\":\"de\",\"@id\":\"https:\/\/giroinmongolfiera.com\/#\/schema\/logo\/image\/\",\"url\":\"https:\/\/giroinmongolfiera.com\/wp-content\/uploads\/Giro_in_Mongolfiera-LOGO.png\",\"contentUrl\":\"https:\/\/giroinmongolfiera.com\/wp-content\/uploads\/Giro_in_Mongolfiera-LOGO.png\",\"width\":385,\"height\":126,\"caption\":\"Giroinmongolfiera SRL\"},\"image\":{\"@id\":\"https:\/\/giroinmongolfiera.com\/#\/schema\/logo\/image\/\"}}]}<\/script>\n<!-- \/ Yoast SEO plugin. -->","yoast_head_json":{"title":"Giro in Mongolfiera a Mondov\u00ec, ai piedi delle Alpi - Volo di gruppo","description":"Un Giro in Mongolfiera in compagnia, la nostra opzione pi\u00f9 conveniente. Per gruppi gi\u00e0 formati oppure possibilit\u00e0 di unirsi a gruppi last minute. Chiamaci!","robots":{"index":"index","follow":"follow","max-snippet":"max-snippet:-1","max-image-preview":"max-image-preview:large","max-video-preview":"max-video-preview:-1"},"canonical":"https:\/\/giroinmongolfiera.com\/de\/catalogo\/voli\/voli-di-gruppo\/in-compagnia-alpi-e-pascoli\/","og_locale":"de_DE","og_type":"article","og_title":"Giro in Mongolfiera a Mondov\u00ec, ai piedi delle Alpi - Volo di gruppo","og_description":"Un Giro in Mongolfiera in compagnia, la nostra opzione pi\u00f9 conveniente. Per gruppi gi\u00e0 formati oppure possibilit\u00e0 di unirsi a gruppi last minute. Chiamaci!","og_url":"https:\/\/giroinmongolfiera.com\/de\/catalogo\/voli\/voli-di-gruppo\/in-compagnia-alpi-e-pascoli\/","og_site_name":"Giro in mongolfiera","article_modified_time":"2025-12-16T09:44:09+00:00","og_image":[{"width":2048,"height":1367,"url":"https:\/\/giroinmongolfiera.com\/wp-content\/uploads\/mondovi_-4.jpg","type":"image\/jpeg"}],"twitter_card":"summary_large_image","twitter_misc":{"Gesch\u00e4tzte Lesezeit":"1\u00a0Minute"},"schema":{"@context":"https:\/\/schema.org","@graph":[{"@type":"WebPage","@id":"https:\/\/giroinmongolfiera.com\/catalogo\/voli\/voli-di-gruppo\/in-compagnia-alpi-e-pascoli\/","url":"https:\/\/giroinmongolfiera.com\/catalogo\/voli\/voli-di-gruppo\/in-compagnia-alpi-e-pascoli\/","name":"Giro in Mongolfiera a Mondov\u00ec, ai piedi delle Alpi - Volo di gruppo","isPartOf":{"@id":"https:\/\/giroinmongolfiera.com\/#website"},"primaryImageOfPage":{"@id":"https:\/\/giroinmongolfiera.com\/catalogo\/voli\/voli-di-gruppo\/in-compagnia-alpi-e-pascoli\/#primaryimage"},"image":{"@id":"https:\/\/giroinmongolfiera.com\/catalogo\/voli\/voli-di-gruppo\/in-compagnia-alpi-e-pascoli\/#primaryimage"},"thumbnailUrl":"https:\/\/giroinmongolfiera.com\/wp-content\/uploads\/mondovi_-4.jpg","datePublished":"2024-01-09T11:37:25+00:00","dateModified":"2025-12-16T09:44:09+00:00","description":"Un Giro in Mongolfiera in compagnia, la nostra opzione pi\u00f9 conveniente. Per gruppi gi\u00e0 formati oppure possibilit\u00e0 di unirsi a gruppi last minute. Chiamaci!","breadcrumb":{"@id":"https:\/\/giroinmongolfiera.com\/catalogo\/voli\/voli-di-gruppo\/in-compagnia-alpi-e-pascoli\/#breadcrumb"},"inLanguage":"de","potentialAction":[{"@type":"ReadAction","target":["https:\/\/giroinmongolfiera.com\/catalogo\/voli\/voli-di-gruppo\/in-compagnia-alpi-e-pascoli\/"]}]},{"@type":"ImageObject","inLanguage":"de","@id":"https:\/\/giroinmongolfiera.com\/catalogo\/voli\/voli-di-gruppo\/in-compagnia-alpi-e-pascoli\/#primaryimage","url":"https:\/\/giroinmongolfiera.com\/wp-content\/uploads\/mondovi_-4.jpg","contentUrl":"https:\/\/giroinmongolfiera.com\/wp-content\/uploads\/mondovi_-4.jpg","width":2048,"height":1367,"caption":"Voli in Mongolfiera da Mondovi con vista sulle Alpi innevate"},{"@type":"BreadcrumbList","@id":"https:\/\/giroinmongolfiera.com\/catalogo\/voli\/voli-di-gruppo\/in-compagnia-alpi-e-pascoli\/#breadcrumb","itemListElement":[{"@type":"ListItem","position":1,"name":"Home","item":"https:\/\/giroinmongolfiera.com\/"},{"@type":"ListItem","position":2,"name":"Products","item":"https:\/\/giroinmongolfiera.com\/shop\/"},{"@type":"ListItem","position":3,"name":"VOLI","item":"https:\/\/giroinmongolfiera.com\/categoria\/voli\/"},{"@type":"ListItem","position":4,"name":"Voli di gruppo","item":"https:\/\/giroinmongolfiera.com\/categoria\/voli\/voli-di-gruppo\/"},{"@type":"ListItem","position":5,"name":"Giro in Mongolfiera di gruppo ai piedi delle Alpi"}]},{"@type":"WebSite","@id":"https:\/\/giroinmongolfiera.com\/#website","url":"https:\/\/giroinmongolfiera.com\/","name":"Giro in mongolfiera","description":"Vola in mongolfiera, vivi un&#039;esperienza unica","publisher":{"@id":"https:\/\/giroinmongolfiera.com\/#organization"},"potentialAction":[{"@type":"SearchAction","target":{"@type":"EntryPoint","urlTemplate":"https:\/\/giroinmongolfiera.com\/?s={search_term_string}"},"query-input":{"@type":"PropertyValueSpecification","valueRequired":true,"valueName":"search_term_string"}}],"inLanguage":"de"},{"@type":"Organization","@id":"https:\/\/giroinmongolfiera.com\/#organization","name":"Giroinmongolfiera SRL","url":"https:\/\/giroinmongolfiera.com\/","logo":{"@type":"ImageObject","inLanguage":"de","@id":"https:\/\/giroinmongolfiera.com\/#\/schema\/logo\/image\/","url":"https:\/\/giroinmongolfiera.com\/wp-content\/uploads\/Giro_in_Mongolfiera-LOGO.png","contentUrl":"https:\/\/giroinmongolfiera.com\/wp-content\/uploads\/Giro_in_Mongolfiera-LOGO.png","width":385,"height":126,"caption":"Giroinmongolfiera SRL"},"image":{"@id":"https:\/\/giroinmongolfiera.com\/#\/schema\/logo\/image\/"}}]}},"_links":{"self":[{"href":"https:\/\/giroinmongolfiera.com\/de\/wp-json\/wp\/v2\/product\/18473","targetHints":{"allow":["GET"]}}],"collection":[{"href":"https:\/\/giroinmongolfiera.com\/de\/wp-json\/wp\/v2\/product"}],"about":[{"href":"https:\/\/giroinmongolfiera.com\/de\/wp-json\/wp\/v2\/types\/product"}],"wp:featuredmedia":[{"embeddable":true,"href":"https:\/\/giroinmongolfiera.com\/de\/wp-json\/wp\/v2\/media\/19973"}],"wp:attachment":[{"href":"https:\/\/giroinmongolfiera.com\/de\/wp-json\/wp\/v2\/media?parent=18473"}],"wp:term":[{"taxonomy":"product_brand","embeddable":true,"href":"https:\/\/giroinmongolfiera.com\/de\/wp-json\/wp\/v2\/product_brand?post=18473"},{"taxonomy":"product_cat","embeddable":true,"href":"https:\/\/giroinmongolfiera.com\/de\/wp-json\/wp\/v2\/product_cat?post=18473"},{"taxonomy":"product_tag","embeddable":true,"href":"https:\/\/giroinmongolfiera.com\/de\/wp-json\/wp\/v2\/product_tag?post=18473"},{"taxonomy":"partenza_voli","embeddable":true,"href":"https:\/\/giroinmongolfiera.com\/de\/wp-json\/wp\/v2\/partenza_voli?post=18473"},{"taxonomy":"zona","embeddable":true,"href":"https:\/\/giroinmongolfiera.com\/de\/wp-json\/wp\/v2\/zona?post=18473"}],"curies":[{"name":"wp","href":"https:\/\/api.w.org\/{rel}","templated":true}]}}