{"id":18673,"date":"2024-01-18T13:53:10","date_gmt":"2024-01-18T11:53:10","guid":{"rendered":"https:\/\/giroinmongolfiera8962.live-website.com\/?post_type=product&#038;p=18673"},"modified":"2026-03-22T21:35:49","modified_gmt":"2026-03-22T19:35:49","slug":"esclusivo-alpi-e-pascoli","status":"publish","type":"product","link":"https:\/\/giroinmongolfiera.com\/de\/catalogo\/voli\/voli-esclusivi\/esclusivo-alpi-e-pascoli\/","title":{"rendered":"Exklusiver Ballonflug am Fu\u00dfe der Alpen"},"content":{"rendered":"<section class=\"l-section wpb_row us_custom_6430fa7d height_auto\"><div class=\"l-section-h i-cf\"><div class=\"g-cols vc_row via_flex valign_top type_default stacking_default\"><div class=\"vc_col-sm-2 wpb_column vc_column_container\"><div class=\"vc_column-inner\"><div class=\"wpb_wrapper\"><\/div><\/div><\/div><div class=\"vc_col-sm-8 wpb_column vc_column_container\"><div class=\"vc_column-inner\"><div class=\"wpb_wrapper\"><div class=\"w-separator size_small with_line width_default thick_1 style_solid color_border align_left with_text with_content\"><div class=\"w-separator-h\"><h5 class=\"w-separator-text\"><i class=\"fal fa-fast-forward\"><\/i><span>schneller \u00dcberblick<\/span><\/h5><\/div><\/div><div class=\"g-cols wpb_row via_flex valign_top type_default stacking_default\" style=\"--additional-gap:1rem;\"><div class=\"vc_col-sm-6 wpb_column vc_column_container\"><div class=\"vc_column-inner\"><div class=\"wpb_wrapper\"><div class=\"w-iconbox iconpos_left style_default color_contrast align_left no_title\"><div class=\"w-iconbox-icon\" style=\"font-size:1.5rem;\"><i class=\"fal fa-map-marker-smile\"><\/i><\/div><div class=\"w-iconbox-meta\"><div class=\"w-iconbox-text\"><p><strong>\u00d6rtlichkeit<br \/>\n<\/strong>Mondov\u00ec (CN) \u2013 Piemont<\/p>\n<\/div><\/div><\/div><\/div><\/div><\/div><div class=\"vc_col-sm-6 wpb_column vc_column_container\"><div class=\"vc_column-inner\"><div class=\"wpb_wrapper\"><div class=\"w-iconbox iconpos_left style_default color_contrast align_left no_title\"><div class=\"w-iconbox-icon\" style=\"font-size:1.5rem;\"><i class=\"fal fa-calendar-alt\"><\/i><\/div><div class=\"w-iconbox-meta\"><div class=\"w-iconbox-text\"><p><strong>Verf\u00fcgbarkeit<br \/>\n<\/strong>Das ganze Jahr<\/p>\n<\/div><\/div><\/div><\/div><\/div><\/div><\/div><div class=\"w-separator size_custom\" style=\"height:1.5rem\"><\/div><div class=\"g-cols wpb_row via_flex valign_top type_default stacking_default\" style=\"--additional-gap:1rem;\"><div class=\"vc_col-sm-6 wpb_column vc_column_container\"><div class=\"vc_column-inner\"><div class=\"wpb_wrapper\"><div class=\"w-iconbox iconpos_left style_default color_contrast align_left no_title\"><div class=\"w-iconbox-icon\" style=\"font-size:1.5rem;\"><i class=\"fal fa-users\"><\/i><\/div><div class=\"w-iconbox-meta\"><div class=\"w-iconbox-text\"><p><strong>Teilnehmer<\/strong><br \/>\n2 \u2013 5 Personen (Privatflug)<\/p>\n<\/div><\/div><\/div><\/div><\/div><\/div><div class=\"vc_col-sm-6 wpb_column vc_column_container\"><div class=\"vc_column-inner\"><div class=\"wpb_wrapper\"><div class=\"w-iconbox iconpos_left style_default color_contrast align_left no_title\"><div class=\"w-iconbox-icon\" style=\"font-size:1.5rem;\"><i class=\"fal fa-clock\"><\/i><\/div><div class=\"w-iconbox-meta\"><div class=\"w-iconbox-text\"><p><strong>\u00d6ffnungszeiten<\/strong><br \/>\nKurz nach Sonnenaufgang (variiert je nach Jahreszeit)<\/p>\n<\/div><\/div><\/div><\/div><\/div><\/div><\/div><div class=\"w-separator size_custom\" style=\"height:1.5rem\"><\/div><div class=\"g-cols wpb_row via_flex valign_top type_default stacking_default\" style=\"--additional-gap:2rem;\"><div class=\"vc_col-sm-12 wpb_column vc_column_container\"><div class=\"vc_column-inner\"><div class=\"wpb_wrapper\"><div class=\"w-iconbox iconpos_left style_default color_contrast align_left no_title\"><div class=\"w-iconbox-icon\" style=\"font-size:1.5rem;\"><i class=\"fal fa-hourglass\"><\/i><\/div><div class=\"w-iconbox-meta\"><div class=\"w-iconbox-text\"><p><strong>Gesamtdauer der Erfahrung<\/strong><br \/>\nca. 3 Stunden (inklusive Vorbereitung, Flug und R\u00fcckflug)<\/p>\n<\/div><\/div><\/div><\/div><\/div><\/div><\/div><div class=\"w-separator size_custom\" style=\"height:2rem\"><\/div><div class=\"w-separator size_small\"><\/div><div class=\"w-separator size_small with_line width_default thick_1 style_solid color_border align_left with_text with_content\"><div class=\"w-separator-h\"><h5 class=\"w-separator-text\"><i class=\"fal fa-telescope\"><\/i><span>was er von oben sehen wird<\/span><\/h5><\/div><\/div><div class=\"wpb_text_column\"><div class=\"wpb_wrapper\"><ul>\n<li style=\"font-weight: 400;\" aria-level=\"1\"><span style=\"font-weight: 400;\"><strong>Die Alpen<\/strong> die sich zum Horizont erstrecken<\/span><\/li>\n<li style=\"font-weight: 400;\" aria-level=\"1\"><span style=\"font-weight: 400;\">Die <strong>Pianura Cuneese<\/strong> und seine gepflegten Felder<\/span><\/li>\n<li style=\"font-weight: 400;\" aria-level=\"1\"><span style=\"font-weight: 400;\">Die Calanchi zwischen Mondov\u00ec und <strong>Langhe<\/strong><\/span><\/li>\n<li style=\"font-weight: 400;\" aria-level=\"1\"><span style=\"font-weight: 400;\">I <strong>alte D\u00f6rfer<\/strong>, der sich schl\u00e4ngelnde Fluss Tanaro<\/span><\/li>\n<\/ul>\n<\/div><\/div><div class=\"w-separator size_small\"><\/div><div class=\"w-separator size_small with_line width_default thick_1 style_solid color_border align_left with_text with_content\"><div class=\"w-separator-h\"><h5 class=\"w-separator-text\"><i class=\"fas fa-vial\"><\/i><span>die Erfahrung beinhaltet<\/span><\/h5><\/div><\/div><div class=\"wpb_text_column\"><div class=\"wpb_wrapper\"><ol>\n<li><strong>Vorflugbesprechung<\/strong> mit dem Piloten<\/li>\n<li>Mindestens eine Stunde <strong>Panoramflug durch die Weinberge<\/strong> \u2713<\/li>\n<li>Brindisi\/<strong>Aperitif mit lokalen Produkten<\/strong> (Wurstwaren, K\u00e4se, Weine, S\u00e4fte\u2026) \u2713<\/li>\n<li><strong>Transport<\/strong> bei der R\u00fcckkehr<\/li>\n<li><strong>Versicherung<\/strong> Passagiere vollst\u00e4ndig \u2713<\/li>\n<li><strong>Kostenlose Parkpl\u00e4tze<\/strong> am Treffpunkt<\/li>\n<\/ol>\n<\/div><\/div><div class=\"w-separator size_small\"><\/div><\/div><\/div><\/div><div class=\"vc_col-sm-2 wpb_column vc_column_container\"><div class=\"vc_column-inner\"><div class=\"wpb_wrapper\"><\/div><\/div><\/div><\/div><\/div><\/section><section class=\"l-section wpb_row us_custom_8d032b96 height_auto width_full color_primary\"><div class=\"l-section-h i-cf\"><div class=\"g-cols vc_row via_flex valign_top type_default stacking_default\"><div class=\"vc_col-sm-12 wpb_column vc_column_container\"><div class=\"vc_column-inner\"><div class=\"wpb_wrapper\"><div class=\"w-separator size_small with_line width_default thick_1 style_solid color_text align_left with_text with_content\"><div class=\"w-separator-h\"><h5 class=\"w-separator-text\"><i class=\"fas fa-vial\"><\/i><span>Warum Sie uns w\u00e4hlen sollten?<\/span><\/h5><\/div><\/div><div class=\"g-cols wpb_row via_flex valign_top type_boxes stacking_default\"><div class=\"vc_col-sm-6 wpb_column vc_column_container\"><div class=\"vc_column-inner\"><div class=\"wpb_wrapper\"><div class=\"w-iconbox iconpos_top style_default color_contrast align_center no_title\"><div class=\"w-iconbox-icon\" style=\"font-size:2rem;\"><i class=\"fal fa-user-shield\"><\/i><\/div><div class=\"w-iconbox-meta\"><div class=\"w-iconbox-text\"><p>Piloten <strong>Experten und Zertifizierte<\/strong> ENAC<\/p>\n<\/div><\/div><\/div><\/div><\/div><\/div><div class=\"vc_col-sm-6 wpb_column vc_column_container\"><div class=\"vc_column-inner\"><div class=\"wpb_wrapper\"><div class=\"w-iconbox iconpos_top style_default color_contrast align_center no_title\"><div class=\"w-iconbox-icon\" style=\"font-size:2rem;\"><i class=\"fal fa-cloud-hail-mixed\"><\/i><\/div><div class=\"w-iconbox-meta\"><div class=\"w-iconbox-text\"><p>Wettergarantie: Bei schlechtem Wetter verschieben wir. <strong>kostenlos<\/strong><\/p>\n<\/div><\/div><\/div><\/div><\/div><\/div><\/div><div class=\"g-cols wpb_row via_flex valign_top type_boxes stacking_default\"><div class=\"vc_col-sm-6 wpb_column vc_column_container\"><div class=\"vc_column-inner\"><div class=\"wpb_wrapper\"><div class=\"w-iconbox iconpos_top style_default color_contrast align_center no_title\"><div class=\"w-iconbox-icon\" style=\"font-size:2rem;\"><i class=\"fal fa-glass-cheers\"><\/i><\/div><div class=\"w-iconbox-meta\"><div class=\"w-iconbox-text\"><p>Wir sto\u00dfen gemeinsam an auf<strong> lokale Produkte<\/strong><\/p>\n<\/div><\/div><\/div><\/div><\/div><\/div><div class=\"vc_col-sm-6 wpb_column vc_column_container\"><div class=\"vc_column-inner\"><div class=\"wpb_wrapper\"><div class=\"w-iconbox iconpos_top style_default color_contrast align_center no_title\"><div class=\"w-iconbox-icon\" style=\"font-size:2rem;\"><i class=\"fal fa-tree-alt\"><\/i><\/div><div class=\"w-iconbox-meta\"><div class=\"w-iconbox-text\"><p>Nuller-Emissionen: f\u00fcr jeden Flug <strong>Lasst uns einen Baum pflanzen.<\/strong><\/p>\n<\/div><\/div><\/div><\/div><\/div><\/div><\/div><\/div><\/div><\/div><\/div><\/div><\/section><section class=\"l-section wpb_row us_custom_8417cf24 height_auto\"><div class=\"l-section-overlay\" style=\"background:rgba(255,255,255,0.55)\"><\/div><div class=\"l-section-h i-cf\"><div class=\"g-cols vc_row via_flex valign_top type_default stacking_default\"><div class=\"vc_col-sm-2 wpb_column vc_column_container\"><div class=\"vc_column-inner\"><div class=\"wpb_wrapper\"><\/div><\/div><\/div><div class=\"vc_col-sm-8 wpb_column vc_column_container\"><div class=\"vc_column-inner\"><div class=\"wpb_wrapper\"><div class=\"w-separator us_custom_2ba75eac size_medium has_font_size with_line width_default thick_1 style_solid color_text align_left with_text with_content\"><div class=\"w-separator-h\"><div class=\"w-separator-text\"><span>Alles Gute, das auf dich wartet<\/span><\/div><\/div><\/div><div class=\"wpb_text_column with_collapsible_content\" data-content-height=\"300px\"><div class=\"wpb_wrapper\"><h4><b>Ballonfahrt von Mondov\u00ec: am Himmel zwischen den Alpen und der Ebene<\/b><\/h4>\n<p><span style=\"font-weight: 400;\">Was passiert, wenn man sich sanft von einer Wiese vor den Toren von Mondov\u00ec erhebt und<\/span><b>Tr\u00e4gt dich der Wind in die Alpen?<\/b><span style=\"font-weight: 400;\"> Es kommt vor, dass die Zeit stillsteht, die Ebene sich unter dir ausbreitet und die Berge beginnen, alte Geschichten zu erz\u00e4hlen. Der exklusive Flug von Mondov\u00ec ist f\u00fcr diejenigen gemacht, die etwas Authentisches suchen: ein Moment zum Erleben mit denen, die wirklich z\u00e4hlen, ohne Eile, dar\u00fcber<\/span><b> einer der sch\u00f6nsten Landschaften des Piemont.<\/b><\/p>\n<p><span style=\"font-weight: 400;\">Das ist die perfekte Idee, um etwas Besonderes zu feiern: <\/span><b>ein Heiratsantrag, ein Jahrestag, ein Geburtstag,<\/b><span style=\"font-weight: 400;\"> oder auch nur der Wunsch, sich ein bleibendes Andenken zu schenken.<\/span><\/p>\n<p><span style=\"font-weight: 400;\">Wenn der Abflug beginnt<\/span><b> im Morgengrauen<\/b><span style=\"font-weight: 400;\">, wenn das Licht am sch\u00f6nsten ist und alles wie gemalt wirkt. Der Ausgangspunkt ist im Gr\u00fcnen, die Stille ist fast vollkommen. Dann steigt man hoch, ohne Eile. Jeder Flug folgt dem Wind.<\/span><b>, jede Richtung ist eine \u00dcberraschung:<\/b><span style=\"font-weight: 400;\"> keine Karten, nur Erstaunen.<\/span><\/p>\n<p><span style=\"font-weight: 400;\">Dort oben \u00e4ndert sich die Weltperspektive: <\/span><b>Die Alpen scheinen nah zu sein,<\/b><span style=\"font-weight: 400;\"> Die Ebene breitet sich wie ein Teppich aus, und die D\u00f6rfer wirken wie Krippen. Der Flug dauert etwa eine Stunde, aber die Emotionen bleiben viel l\u00e4nger.<\/span><\/p>\n<p><span style=\"font-weight: 400;\">Und wann landen wir? Gibt es Zeit, sich mit ... zu entspannen <\/span><b>eine kleine Verkostung: <\/b><span style=\"font-weight: 400;\">Aufschnitt, K\u00e4se und ein Glas Wein aus den Langhe. Ein einfacher Toast, aber voller Geschmack.<\/span><\/p>\n<p><span style=\"font-weight: 400;\">Der Flug ist geeignet <\/span><b>ab 7 Jahren <\/b><span style=\"font-weight: 400;\">(Mindesth\u00f6he 130 cm) und bequem Platz bietet<\/span><b> bis zu 5 Personen.<\/b><span style=\"font-weight: 400;\"> Aus technischen Gr\u00fcnden ist f\u00fcr Passagiere \u00fcber 100 kg ein geringer Aufpreis vorgesehen. Keine Fl\u00fcge f\u00fcr Schwangere oder nach wilden N\u00e4chten: In den Himmel steigt man nur in Topform.<\/span><\/p>\n<p><b>Wenn das Wetter die Pl\u00e4ne \u00e4ndert, <\/b><span style=\"font-weight: 400;\">kein Problem <\/span><b>alles wird kostenlos neu programmiert.<\/b><span style=\"font-weight: 400;\"> Sie erhalten die Informationen am Vortag, inklusive des Treffpunkts mit kostenlosen Parkpl\u00e4tzen. An Bord werden Sie mitgenommen <\/span><b>ENAC-zertifizierte Piloten:<\/b><span style=\"font-weight: 400;\"> zuverl\u00e4ssige und leidenschaftliche Fachleute.<\/span><\/p>\n<p><b>Was mitbringen?<\/b><span style=\"font-weight: 400;\"> Bequeme Kleidung, praktische Schuhe, eine Kappe, die Kamera und all das Staunen, das du in deiner Tasche hast.<\/span><\/p>\n<p><span style=\"font-weight: 400;\">Manchmal ist das sch\u00f6nste Geschenk nicht etwas zum Auspacken, sondern <b>einen Moment, den man zusammen geniessen kann. <\/b>Und dies, inmitten der Wolken, bleibt f\u00fcr immer im Herzen.<\/span><span style=\"font-weight: 400;\"><\/span><\/p>\n<\/div><div class=\"toggle-links align_none\"><button class=\"collapsible-content-more\">Mehr anzeigen<\/button><button class=\"collapsible-content-less\">Weniger anzeigen<\/button><\/div><\/div><div class=\"w-separator size_small\"><\/div><\/div><\/div><\/div><div class=\"vc_col-sm-2 wpb_column vc_column_container\"><div class=\"vc_column-inner\"><div class=\"wpb_wrapper\"><\/div><\/div><\/div><\/div><\/div><\/section>","protected":false},"excerpt":{"rendered":"<p>Fliege \u00fcber die Ebene des Cuneese und bewundere die Alpen am Horizont<\/p>","protected":false},"featured_media":19206,"template":"","meta":{"_acf_changed":false},"product_brand":[],"product_cat":[140,24],"product_tag":[],"partenza_voli":[69],"zona":[96],"class_list":{"0":"post-18673","1":"product","2":"type-product","3":"status-publish","4":"has-post-thumbnail","6":"product_cat-voli","7":"product_cat-voli-esclusivi","8":"partenza_voli-mondovi","9":"zona-mondovi","11":"first","12":"instock","13":"featured","14":"shipping-taxable","15":"purchasable","16":"product-type-variable","17":"has-default-attributes"},"acf":[],"yoast_head":"<!-- This site is optimized with the Yoast SEO plugin v27.1.1 - https:\/\/yoast.com\/product\/yoast-seo-wordpress\/ -->\n<title>Giro in Mongolfiera ai piedi delle Alpi - Cesto riservato<\/title>\n<meta name=\"description\" content=\"Un Giro in Mongolfiera riservato, tutta la Mongolfiera per te per le tue occasioni speciali. Partenza da Mondov\u00ec (CN). Un&#039;esperienza indimenticabile.\" \/>\n<meta name=\"robots\" content=\"index, follow, max-snippet:-1, max-image-preview:large, max-video-preview:-1\" \/>\n<link rel=\"canonical\" href=\"https:\/\/giroinmongolfiera.com\/de\/catalogo\/voli\/voli-esclusivi\/esclusivo-alpi-e-pascoli\/\" \/>\n<meta property=\"og:locale\" content=\"de_DE\" \/>\n<meta property=\"og:type\" content=\"article\" \/>\n<meta property=\"og:title\" content=\"Giro in Mongolfiera ai piedi delle Alpi - Cesto riservato\" \/>\n<meta property=\"og:description\" content=\"Un Giro in Mongolfiera riservato, tutta la Mongolfiera per te per le tue occasioni speciali. Partenza da Mondov\u00ec (CN). Un&#039;esperienza indimenticabile.\" \/>\n<meta property=\"og:url\" content=\"https:\/\/giroinmongolfiera.com\/de\/catalogo\/voli\/voli-esclusivi\/esclusivo-alpi-e-pascoli\/\" \/>\n<meta property=\"og:site_name\" content=\"Giro in mongolfiera\" \/>\n<meta property=\"article:modified_time\" content=\"2026-03-22T19:35:49+00:00\" \/>\n<meta property=\"og:image\" content=\"https:\/\/giroinmongolfiera.com\/wp-content\/uploads\/volo-esclusivo-Classico.jpg\" \/>\n\t<meta property=\"og:image:width\" content=\"2048\" \/>\n\t<meta property=\"og:image:height\" content=\"1367\" \/>\n\t<meta property=\"og:image:type\" content=\"image\/jpeg\" \/>\n<meta name=\"twitter:card\" content=\"summary_large_image\" \/>\n<meta name=\"twitter:label1\" content=\"Gesch\u00e4tzte Lesezeit\" \/>\n\t<meta name=\"twitter:data1\" content=\"1\u00a0Minute\" \/>\n<script type=\"application\/ld+json\" class=\"yoast-schema-graph\">{\"@context\":\"https:\/\/schema.org\",\"@graph\":[{\"@type\":\"WebPage\",\"@id\":\"https:\/\/giroinmongolfiera.com\/catalogo\/voli\/voli-esclusivi\/esclusivo-alpi-e-pascoli\/\",\"url\":\"https:\/\/giroinmongolfiera.com\/catalogo\/voli\/voli-esclusivi\/esclusivo-alpi-e-pascoli\/\",\"name\":\"Giro in Mongolfiera ai piedi delle Alpi - Cesto riservato\",\"isPartOf\":{\"@id\":\"https:\/\/giroinmongolfiera.com\/#website\"},\"primaryImageOfPage\":{\"@id\":\"https:\/\/giroinmongolfiera.com\/catalogo\/voli\/voli-esclusivi\/esclusivo-alpi-e-pascoli\/#primaryimage\"},\"image\":{\"@id\":\"https:\/\/giroinmongolfiera.com\/catalogo\/voli\/voli-esclusivi\/esclusivo-alpi-e-pascoli\/#primaryimage\"},\"thumbnailUrl\":\"https:\/\/giroinmongolfiera.com\/wp-content\/uploads\/volo-esclusivo-Classico.jpg\",\"datePublished\":\"2024-01-18T11:53:10+00:00\",\"dateModified\":\"2026-03-22T19:35:49+00:00\",\"description\":\"Un Giro in Mongolfiera riservato, tutta la Mongolfiera per te per le tue occasioni speciali. Partenza da Mondov\u00ec (CN). Un'esperienza indimenticabile.\",\"breadcrumb\":{\"@id\":\"https:\/\/giroinmongolfiera.com\/catalogo\/voli\/voli-esclusivi\/esclusivo-alpi-e-pascoli\/#breadcrumb\"},\"inLanguage\":\"de\",\"potentialAction\":[{\"@type\":\"ReadAction\",\"target\":[\"https:\/\/giroinmongolfiera.com\/catalogo\/voli\/voli-esclusivi\/esclusivo-alpi-e-pascoli\/\"]}]},{\"@type\":\"ImageObject\",\"inLanguage\":\"de\",\"@id\":\"https:\/\/giroinmongolfiera.com\/catalogo\/voli\/voli-esclusivi\/esclusivo-alpi-e-pascoli\/#primaryimage\",\"url\":\"https:\/\/giroinmongolfiera.com\/wp-content\/uploads\/volo-esclusivo-Classico.jpg\",\"contentUrl\":\"https:\/\/giroinmongolfiera.com\/wp-content\/uploads\/volo-esclusivo-Classico.jpg\",\"width\":2048,\"height\":1367,\"caption\":\"Panorama dalla Mongolfiera\"},{\"@type\":\"BreadcrumbList\",\"@id\":\"https:\/\/giroinmongolfiera.com\/catalogo\/voli\/voli-esclusivi\/esclusivo-alpi-e-pascoli\/#breadcrumb\",\"itemListElement\":[{\"@type\":\"ListItem\",\"position\":1,\"name\":\"Home\",\"item\":\"https:\/\/giroinmongolfiera.com\/\"},{\"@type\":\"ListItem\",\"position\":2,\"name\":\"Products\",\"item\":\"https:\/\/giroinmongolfiera.com\/shop\/\"},{\"@type\":\"ListItem\",\"position\":3,\"name\":\"VOLI\",\"item\":\"https:\/\/giroinmongolfiera.com\/categoria\/voli\/\"},{\"@type\":\"ListItem\",\"position\":4,\"name\":\"Voli esclusivi\",\"item\":\"https:\/\/giroinmongolfiera.com\/categoria\/voli\/voli-esclusivi\/\"},{\"@type\":\"ListItem\",\"position\":5,\"name\":\"Giro in Mongolfiera esclusivo ai piedi delle Alpi\"}]},{\"@type\":\"WebSite\",\"@id\":\"https:\/\/giroinmongolfiera.com\/#website\",\"url\":\"https:\/\/giroinmongolfiera.com\/\",\"name\":\"Giro in mongolfiera\",\"description\":\"Vola in mongolfiera, vivi un&#039;esperienza unica\",\"publisher\":{\"@id\":\"https:\/\/giroinmongolfiera.com\/#organization\"},\"potentialAction\":[{\"@type\":\"SearchAction\",\"target\":{\"@type\":\"EntryPoint\",\"urlTemplate\":\"https:\/\/giroinmongolfiera.com\/?s={search_term_string}\"},\"query-input\":{\"@type\":\"PropertyValueSpecification\",\"valueRequired\":true,\"valueName\":\"search_term_string\"}}],\"inLanguage\":\"de\"},{\"@type\":\"Organization\",\"@id\":\"https:\/\/giroinmongolfiera.com\/#organization\",\"name\":\"Giroinmongolfiera SRL\",\"url\":\"https:\/\/giroinmongolfiera.com\/\",\"logo\":{\"@type\":\"ImageObject\",\"inLanguage\":\"de\",\"@id\":\"https:\/\/giroinmongolfiera.com\/#\/schema\/logo\/image\/\",\"url\":\"https:\/\/giroinmongolfiera.com\/wp-content\/uploads\/Giro_in_Mongolfiera-LOGO.png\",\"contentUrl\":\"https:\/\/giroinmongolfiera.com\/wp-content\/uploads\/Giro_in_Mongolfiera-LOGO.png\",\"width\":385,\"height\":126,\"caption\":\"Giroinmongolfiera SRL\"},\"image\":{\"@id\":\"https:\/\/giroinmongolfiera.com\/#\/schema\/logo\/image\/\"}}]}<\/script>\n<!-- \/ Yoast SEO plugin. -->","yoast_head_json":{"title":"Giro in Mongolfiera ai piedi delle Alpi - Cesto riservato","description":"Un Giro in Mongolfiera riservato, tutta la Mongolfiera per te per le tue occasioni speciali. Partenza da Mondov\u00ec (CN). Un'esperienza indimenticabile.","robots":{"index":"index","follow":"follow","max-snippet":"max-snippet:-1","max-image-preview":"max-image-preview:large","max-video-preview":"max-video-preview:-1"},"canonical":"https:\/\/giroinmongolfiera.com\/de\/catalogo\/voli\/voli-esclusivi\/esclusivo-alpi-e-pascoli\/","og_locale":"de_DE","og_type":"article","og_title":"Giro in Mongolfiera ai piedi delle Alpi - Cesto riservato","og_description":"Un Giro in Mongolfiera riservato, tutta la Mongolfiera per te per le tue occasioni speciali. Partenza da Mondov\u00ec (CN). Un'esperienza indimenticabile.","og_url":"https:\/\/giroinmongolfiera.com\/de\/catalogo\/voli\/voli-esclusivi\/esclusivo-alpi-e-pascoli\/","og_site_name":"Giro in mongolfiera","article_modified_time":"2026-03-22T19:35:49+00:00","og_image":[{"width":2048,"height":1367,"url":"https:\/\/giroinmongolfiera.com\/wp-content\/uploads\/volo-esclusivo-Classico.jpg","type":"image\/jpeg"}],"twitter_card":"summary_large_image","twitter_misc":{"Gesch\u00e4tzte Lesezeit":"1\u00a0Minute"},"schema":{"@context":"https:\/\/schema.org","@graph":[{"@type":"WebPage","@id":"https:\/\/giroinmongolfiera.com\/catalogo\/voli\/voli-esclusivi\/esclusivo-alpi-e-pascoli\/","url":"https:\/\/giroinmongolfiera.com\/catalogo\/voli\/voli-esclusivi\/esclusivo-alpi-e-pascoli\/","name":"Giro in Mongolfiera ai piedi delle Alpi - Cesto riservato","isPartOf":{"@id":"https:\/\/giroinmongolfiera.com\/#website"},"primaryImageOfPage":{"@id":"https:\/\/giroinmongolfiera.com\/catalogo\/voli\/voli-esclusivi\/esclusivo-alpi-e-pascoli\/#primaryimage"},"image":{"@id":"https:\/\/giroinmongolfiera.com\/catalogo\/voli\/voli-esclusivi\/esclusivo-alpi-e-pascoli\/#primaryimage"},"thumbnailUrl":"https:\/\/giroinmongolfiera.com\/wp-content\/uploads\/volo-esclusivo-Classico.jpg","datePublished":"2024-01-18T11:53:10+00:00","dateModified":"2026-03-22T19:35:49+00:00","description":"Un Giro in Mongolfiera riservato, tutta la Mongolfiera per te per le tue occasioni speciali. Partenza da Mondov\u00ec (CN). Un'esperienza indimenticabile.","breadcrumb":{"@id":"https:\/\/giroinmongolfiera.com\/catalogo\/voli\/voli-esclusivi\/esclusivo-alpi-e-pascoli\/#breadcrumb"},"inLanguage":"de","potentialAction":[{"@type":"ReadAction","target":["https:\/\/giroinmongolfiera.com\/catalogo\/voli\/voli-esclusivi\/esclusivo-alpi-e-pascoli\/"]}]},{"@type":"ImageObject","inLanguage":"de","@id":"https:\/\/giroinmongolfiera.com\/catalogo\/voli\/voli-esclusivi\/esclusivo-alpi-e-pascoli\/#primaryimage","url":"https:\/\/giroinmongolfiera.com\/wp-content\/uploads\/volo-esclusivo-Classico.jpg","contentUrl":"https:\/\/giroinmongolfiera.com\/wp-content\/uploads\/volo-esclusivo-Classico.jpg","width":2048,"height":1367,"caption":"Panorama dalla Mongolfiera"},{"@type":"BreadcrumbList","@id":"https:\/\/giroinmongolfiera.com\/catalogo\/voli\/voli-esclusivi\/esclusivo-alpi-e-pascoli\/#breadcrumb","itemListElement":[{"@type":"ListItem","position":1,"name":"Home","item":"https:\/\/giroinmongolfiera.com\/"},{"@type":"ListItem","position":2,"name":"Products","item":"https:\/\/giroinmongolfiera.com\/shop\/"},{"@type":"ListItem","position":3,"name":"VOLI","item":"https:\/\/giroinmongolfiera.com\/categoria\/voli\/"},{"@type":"ListItem","position":4,"name":"Voli esclusivi","item":"https:\/\/giroinmongolfiera.com\/categoria\/voli\/voli-esclusivi\/"},{"@type":"ListItem","position":5,"name":"Giro in Mongolfiera esclusivo ai piedi delle Alpi"}]},{"@type":"WebSite","@id":"https:\/\/giroinmongolfiera.com\/#website","url":"https:\/\/giroinmongolfiera.com\/","name":"Giro in mongolfiera","description":"Vola in mongolfiera, vivi un&#039;esperienza unica","publisher":{"@id":"https:\/\/giroinmongolfiera.com\/#organization"},"potentialAction":[{"@type":"SearchAction","target":{"@type":"EntryPoint","urlTemplate":"https:\/\/giroinmongolfiera.com\/?s={search_term_string}"},"query-input":{"@type":"PropertyValueSpecification","valueRequired":true,"valueName":"search_term_string"}}],"inLanguage":"de"},{"@type":"Organization","@id":"https:\/\/giroinmongolfiera.com\/#organization","name":"Giroinmongolfiera SRL","url":"https:\/\/giroinmongolfiera.com\/","logo":{"@type":"ImageObject","inLanguage":"de","@id":"https:\/\/giroinmongolfiera.com\/#\/schema\/logo\/image\/","url":"https:\/\/giroinmongolfiera.com\/wp-content\/uploads\/Giro_in_Mongolfiera-LOGO.png","contentUrl":"https:\/\/giroinmongolfiera.com\/wp-content\/uploads\/Giro_in_Mongolfiera-LOGO.png","width":385,"height":126,"caption":"Giroinmongolfiera SRL"},"image":{"@id":"https:\/\/giroinmongolfiera.com\/#\/schema\/logo\/image\/"}}]}},"_links":{"self":[{"href":"https:\/\/giroinmongolfiera.com\/de\/wp-json\/wp\/v2\/product\/18673","targetHints":{"allow":["GET"]}}],"collection":[{"href":"https:\/\/giroinmongolfiera.com\/de\/wp-json\/wp\/v2\/product"}],"about":[{"href":"https:\/\/giroinmongolfiera.com\/de\/wp-json\/wp\/v2\/types\/product"}],"wp:featuredmedia":[{"embeddable":true,"href":"https:\/\/giroinmongolfiera.com\/de\/wp-json\/wp\/v2\/media\/19206"}],"wp:attachment":[{"href":"https:\/\/giroinmongolfiera.com\/de\/wp-json\/wp\/v2\/media?parent=18673"}],"wp:term":[{"taxonomy":"product_brand","embeddable":true,"href":"https:\/\/giroinmongolfiera.com\/de\/wp-json\/wp\/v2\/product_brand?post=18673"},{"taxonomy":"product_cat","embeddable":true,"href":"https:\/\/giroinmongolfiera.com\/de\/wp-json\/wp\/v2\/product_cat?post=18673"},{"taxonomy":"product_tag","embeddable":true,"href":"https:\/\/giroinmongolfiera.com\/de\/wp-json\/wp\/v2\/product_tag?post=18673"},{"taxonomy":"partenza_voli","embeddable":true,"href":"https:\/\/giroinmongolfiera.com\/de\/wp-json\/wp\/v2\/partenza_voli?post=18673"},{"taxonomy":"zona","embeddable":true,"href":"https:\/\/giroinmongolfiera.com\/de\/wp-json\/wp\/v2\/zona?post=18673"}],"curies":[{"name":"wp","href":"https:\/\/api.w.org\/{rel}","templated":true}]}}