{"id":18885,"date":"2024-02-01T12:26:14","date_gmt":"2024-02-01T10:26:14","guid":{"rendered":"https:\/\/giroinmongolfiera8962.live-website.com\/?post_type=product&#038;p=18885"},"modified":"2025-06-18T14:53:41","modified_gmt":"2025-06-18T12:53:41","slug":"esclusivo-profumo-di-langa","status":"publish","type":"product","link":"https:\/\/giroinmongolfiera.com\/de\/catalogo\/voli\/voli-esclusivi\/esclusivo-profumo-di-langa\/","title":{"rendered":"Exklusiver Hei\u00dfluftballonflug \u00fcber Barolo und die Langhe"},"content":{"rendered":"<section class=\"l-section wpb_row us_custom_6430fa7d height_auto\"><div class=\"l-section-h i-cf\"><div class=\"g-cols vc_row via_flex valign_top type_default stacking_default\"><div class=\"vc_col-sm-2 wpb_column vc_column_container\"><div class=\"vc_column-inner\"><div class=\"wpb_wrapper\"><\/div><\/div><\/div><div class=\"vc_col-sm-8 wpb_column vc_column_container\"><div class=\"vc_column-inner\"><div class=\"wpb_wrapper\"><div class=\"w-separator size_small with_line width_default thick_1 style_solid color_border align_left with_text with_content\"><div class=\"w-separator-h\"><h5 class=\"w-separator-text\"><i class=\"fal fa-fast-forward\"><\/i><span>schneller \u00dcberblick<\/span><\/h5><\/div><\/div><div class=\"g-cols wpb_row via_flex valign_top type_default stacking_default\" style=\"--additional-gap:1rem;\"><div class=\"vc_col-sm-6 wpb_column vc_column_container\"><div class=\"vc_column-inner\"><div class=\"wpb_wrapper\"><div class=\"w-iconbox iconpos_left style_default color_contrast align_left no_title\"><div class=\"w-iconbox-icon\" style=\"font-size:1.5rem;\"><i class=\"fal fa-map-marker-smile\"><\/i><\/div><div class=\"w-iconbox-meta\"><div class=\"w-iconbox-text\"><p><strong>\u00d6rtlichkeit<br \/>\n<\/strong>Barolo (CN), Langhe \u2013 Piemont<\/p>\n<\/div><\/div><\/div><\/div><\/div><\/div><div class=\"vc_col-sm-6 wpb_column vc_column_container\"><div class=\"vc_column-inner\"><div class=\"wpb_wrapper\"><div class=\"w-iconbox iconpos_left style_default color_contrast align_left no_title\"><div class=\"w-iconbox-icon\" style=\"font-size:1.5rem;\"><i class=\"fal fa-calendar-alt\"><\/i><\/div><div class=\"w-iconbox-meta\"><div class=\"w-iconbox-text\"><p><strong>Verf\u00fcgbarkeit<br \/>\n<\/strong>Das ganze Jahr<\/p>\n<\/div><\/div><\/div><\/div><\/div><\/div><\/div><div class=\"w-separator size_custom\" style=\"height:1.5rem\"><\/div><div class=\"g-cols wpb_row via_flex valign_top type_default stacking_default\" style=\"--additional-gap:1rem;\"><div class=\"vc_col-sm-6 wpb_column vc_column_container\"><div class=\"vc_column-inner\"><div class=\"wpb_wrapper\"><div class=\"w-iconbox iconpos_left style_default color_contrast align_left no_title\"><div class=\"w-iconbox-icon\" style=\"font-size:1.5rem;\"><i class=\"fal fa-users\"><\/i><\/div><div class=\"w-iconbox-meta\"><div class=\"w-iconbox-text\"><p><strong>Teilnehmer<\/strong><br \/>\n2 \u2013 5 Personen (Privatflug)<\/p>\n<\/div><\/div><\/div><\/div><\/div><\/div><div class=\"vc_col-sm-6 wpb_column vc_column_container\"><div class=\"vc_column-inner\"><div class=\"wpb_wrapper\"><div class=\"w-iconbox iconpos_left style_default color_contrast align_left no_title\"><div class=\"w-iconbox-icon\" style=\"font-size:1.5rem;\"><i class=\"fal fa-clock\"><\/i><\/div><div class=\"w-iconbox-meta\"><div class=\"w-iconbox-text\"><p><strong>\u00d6ffnungszeiten<\/strong><br \/>\nMorgen- oder Abendd\u00e4mmerung (von September bis Mai)<\/p>\n<\/div><\/div><\/div><\/div><\/div><\/div><\/div><div class=\"w-separator size_custom\" style=\"height:1.5rem\"><\/div><div class=\"g-cols wpb_row via_flex valign_top type_default stacking_default\" style=\"--additional-gap:2rem;\"><div class=\"vc_col-sm-12 wpb_column vc_column_container\"><div class=\"vc_column-inner\"><div class=\"wpb_wrapper\"><div class=\"w-iconbox iconpos_left style_default color_contrast align_left no_title\"><div class=\"w-iconbox-icon\" style=\"font-size:1.5rem;\"><i class=\"fal fa-hourglass\"><\/i><\/div><div class=\"w-iconbox-meta\"><div class=\"w-iconbox-text\"><p><strong>Gesamtdauer der Erfahrung<\/strong><br \/>\nca. 3 Stunden (inklusive Vorbereitung, Flug und R\u00fcckflug)<\/p>\n<\/div><\/div><\/div><\/div><\/div><\/div><\/div><div class=\"w-separator size_custom\" style=\"height:2rem\"><\/div><div class=\"w-separator size_small\"><\/div><div class=\"w-separator size_small with_line width_default thick_1 style_solid color_border align_left with_text with_content\"><div class=\"w-separator-h\"><h5 class=\"w-separator-text\"><i class=\"fal fa-telescope\"><\/i><span>was er von oben sehen wird<\/span><\/h5><\/div><\/div><div class=\"wpb_text_column\"><div class=\"wpb_wrapper\"><ul>\n<li style=\"font-weight: 400;\" aria-level=\"1\"><span style=\"font-weight: 400;\">Die Burg <strong>Barolo<\/strong> und seine Weinberge<\/span><\/li>\n<li style=\"font-weight: 400;\" aria-level=\"1\"><span style=\"font-weight: 400;\">Die eleganten Profile von <strong>Grinzane Cavour<\/strong>, <strong>Monforte<\/strong> e <strong>Serralunga d\u2019Alba<\/strong><\/span><\/li>\n<li style=\"font-weight: 400;\" aria-level=\"1\"><span style=\"font-weight: 400;\">Die harmonischen H\u00fcgel der <strong>Langhe<\/strong>, UNESCO-Weltkulturerbe<\/span><\/li>\n<li style=\"font-weight: 400;\" aria-level=\"1\"><span style=\"font-weight: 400;\">Eins <strong>Mosaik der Farben<\/strong>, atemberaubendes Licht und Natur<\/span><\/li>\n<\/ul>\n<\/div><\/div><div class=\"w-separator size_small\"><\/div><div class=\"w-separator size_small with_line width_default thick_1 style_solid color_border align_left with_text with_content\"><div class=\"w-separator-h\"><h5 class=\"w-separator-text\"><i class=\"fas fa-vial\"><\/i><span>die Erfahrung beinhaltet<\/span><\/h5><\/div><\/div><div class=\"wpb_text_column\"><div class=\"wpb_wrapper\"><ol>\n<li><strong>Vorflugbesprechung<\/strong> mit dem Piloten<\/li>\n<li>Mindestens eine Stunde <strong>Panoramflug durch die Weinberge<\/strong> \u2713<\/li>\n<li>Brindisi\/<strong>Aperitif mit lokalen Produkten<\/strong> (Wurstwaren, K\u00e4se, Weine, S\u00e4fte\u2026) \u2713<\/li>\n<li><strong>Transport<\/strong> bei der R\u00fcckkehr<\/li>\n<li><strong>Versicherung<\/strong> Passagiere vollst\u00e4ndig \u2713<\/li>\n<li><strong>Kostenlose Parkpl\u00e4tze<\/strong> am Treffpunkt<\/li>\n<\/ol>\n<\/div><\/div><div class=\"w-separator size_small\"><\/div><\/div><\/div><\/div><div class=\"vc_col-sm-2 wpb_column vc_column_container\"><div class=\"vc_column-inner\"><div class=\"wpb_wrapper\"><\/div><\/div><\/div><\/div><\/div><\/section><section class=\"l-section wpb_row us_custom_8d032b96 height_auto width_full color_primary\"><div class=\"l-section-h i-cf\"><div class=\"g-cols vc_row via_flex valign_top type_default stacking_default\"><div class=\"vc_col-sm-12 wpb_column vc_column_container\"><div class=\"vc_column-inner\"><div class=\"wpb_wrapper\"><div class=\"w-separator size_small with_line width_default thick_1 style_solid color_text align_left with_text with_content\"><div class=\"w-separator-h\"><h5 class=\"w-separator-text\"><i class=\"fas fa-vial\"><\/i><span>Warum Sie uns w\u00e4hlen sollten?<\/span><\/h5><\/div><\/div><div class=\"g-cols wpb_row via_flex valign_top type_boxes stacking_default\"><div class=\"vc_col-sm-6 wpb_column vc_column_container\"><div class=\"vc_column-inner\"><div class=\"wpb_wrapper\"><div class=\"w-iconbox iconpos_top style_default color_contrast align_center no_title\"><div class=\"w-iconbox-icon\" style=\"font-size:2rem;\"><i class=\"fal fa-user-shield\"><\/i><\/div><div class=\"w-iconbox-meta\"><div class=\"w-iconbox-text\"><p>Piloten <strong>Experten und Zertifizierte<\/strong> ENAC<\/p>\n<\/div><\/div><\/div><\/div><\/div><\/div><div class=\"vc_col-sm-6 wpb_column vc_column_container\"><div class=\"vc_column-inner\"><div class=\"wpb_wrapper\"><div class=\"w-iconbox iconpos_top style_default color_contrast align_center no_title\"><div class=\"w-iconbox-icon\" style=\"font-size:2rem;\"><i class=\"fal fa-cloud-hail-mixed\"><\/i><\/div><div class=\"w-iconbox-meta\"><div class=\"w-iconbox-text\"><p>Wettergarantie: Bei schlechtem Wetter verschieben wir. <strong>kostenlos<\/strong><\/p>\n<\/div><\/div><\/div><\/div><\/div><\/div><\/div><div class=\"g-cols wpb_row via_flex valign_top type_boxes stacking_default\"><div class=\"vc_col-sm-6 wpb_column vc_column_container\"><div class=\"vc_column-inner\"><div class=\"wpb_wrapper\"><div class=\"w-iconbox iconpos_top style_default color_contrast align_center no_title\"><div class=\"w-iconbox-icon\" style=\"font-size:2rem;\"><i class=\"fal fa-glass-cheers\"><\/i><\/div><div class=\"w-iconbox-meta\"><div class=\"w-iconbox-text\"><p>Wir sto\u00dfen gemeinsam an auf<strong> lokale Produkte<\/strong><\/p>\n<\/div><\/div><\/div><\/div><\/div><\/div><div class=\"vc_col-sm-6 wpb_column vc_column_container\"><div class=\"vc_column-inner\"><div class=\"wpb_wrapper\"><div class=\"w-iconbox iconpos_top style_default color_contrast align_center no_title\"><div class=\"w-iconbox-icon\" style=\"font-size:2rem;\"><i class=\"fal fa-tree-alt\"><\/i><\/div><div class=\"w-iconbox-meta\"><div class=\"w-iconbox-text\"><p>Nuller-Emissionen: f\u00fcr jeden Flug <strong>Lasst uns einen Baum pflanzen.<\/strong><\/p>\n<\/div><\/div><\/div><\/div><\/div><\/div><\/div><\/div><\/div><\/div><\/div><\/div><\/section><section class=\"l-section wpb_row us_custom_8417cf24 height_auto\"><div class=\"l-section-overlay\" style=\"background:rgba(255,255,255,0.55)\"><\/div><div class=\"l-section-h i-cf\"><div class=\"g-cols vc_row via_flex valign_top type_default stacking_default\"><div class=\"vc_col-sm-2 wpb_column vc_column_container\"><div class=\"vc_column-inner\"><div class=\"wpb_wrapper\"><\/div><\/div><\/div><div class=\"vc_col-sm-8 wpb_column vc_column_container\"><div class=\"vc_column-inner\"><div class=\"wpb_wrapper\"><div class=\"w-separator us_custom_2ba75eac size_medium has_font_size with_line width_default thick_1 style_solid color_text align_left with_text with_content\"><div class=\"w-separator-h\"><div class=\"w-separator-text\"><span>Alles Gute, das auf dich wartet<\/span><\/div><\/div><\/div><div class=\"wpb_text_column with_collapsible_content\" data-content-height=\"300px\"><div class=\"wpb_wrapper\"><h4><b>Exklusiver Flug ab Barolo: Zwischen Himmel, Weinbergen und stiller Poesie<\/b><\/h4>\n<p><span style=\"font-weight: 400;\">Was passiert, wenn man aufsteigt und zum Himmel hinauff\u00e4hrt<\/span><b> Welches sind die ber\u00fchmtesten Wein-H\u00fcgel Italiens?<\/b><span style=\"font-weight: 400;\"> Es kommt vor, dass die Zeit langsamer vergeht, die Landschaft sich weitet und jedes Detail unvergesslich wird. Der exklusive Flug von Barolo ist ein Erlebnis, das f\u00fcr diejenigen konzipiert wurde, die etwas Besonderes suchen., <\/span><b>zur gemeinsamen Nutzung in Paaren oder mit wenigen lieben Menschen.<\/b><\/p>\n<p><b>Der exklusive Flug <\/b><span style=\"font-weight: 400;\">Es ist ideal, um einzigartige Momente zu feiern: Heiratsantr\u00e4ge, Jubil\u00e4en, Geburtstage oder einfach den Wunsch, etwas Unvergessliches zu erleben. <\/span><b>Ein Geschenk, das im Herzen bleibt und \u00fcber Jahre erz\u00e4hlt wird.<\/b><\/p>\n<p><span style=\"font-weight: 400;\">Wenn der Abflug beginnt<\/span><b> im Morgengrauen <\/b><span style=\"font-weight: 400;\">o <\/span><b>bei Sonnenuntergang<\/b><span style=\"font-weight: 400;\"> (von September bis Mai), wenn die Weinberge in goldenes Licht getaucht sind und der Himmel eine Palette von Farbt\u00f6nen bietet. Man startet von einem Aussichtspunkt im Herzen der Barolo-Region: \u00fcberall duftet es nach Wein und Stille. Und dann geht es bergauf... ohne Eile,<\/span><b> sich vom Wind leiten lassen <\/b><span style=\"font-weight: 400;\">er ist derjenige, der die Richtung bestimmt, <\/span><b>Jeder Flug ist einzigartig und unwiederholbar.<\/b><\/p>\n<p><span style=\"font-weight: 400;\">Der Flug dauert etwa eine Stunde:<\/span><b> das Schloss von Barolo, <\/b><span style=\"font-weight: 400;\">i<\/span><b> historische D\u00f6rfer <\/b><span style=\"font-weight: 400;\">e <\/span><b>die sanften H\u00fcgel<\/b><span style=\"font-weight: 400;\"> Sie werden zu einer lebendigen Postkarte vor deinen Augen. Die Zeit bleibt stehen, Worte werden lesbar. Nur das Ger\u00e4usch des Brenners und eine Landschaft, die f\u00fcr sich spricht.<\/span><\/p>\n<p><span style=\"font-weight: 400;\">Und nach der Landung? Erwartet er dich <\/span><b>eine Verkostung <\/b><span style=\"font-weight: 400;\">mit einer Auswahl an <\/span><b>Produkte aus dem Piemont<\/b><span style=\"font-weight: 400;\"> Wurstwaren, K\u00e4se und, nat\u00fcrlich, <\/span><b>ein Glas Wein. <\/b><span style=\"font-weight: 400;\">Ein ruhiger Moment nur f\u00fcr Sie, um das Erlebnis so authentisch wie m\u00f6glich ausklingen zu lassen.<\/span><\/p>\n<p><span style=\"font-weight: 400;\">Es gibt noch einen besonderen Hauch, der den Flug noch wertvoller macht: <\/span><b>F\u00fcr jeden Flug pflanzen wir einen Baum.,<\/b><span style=\"font-weight: 400;\"> um die kleine CO\u2082-Spur, die wir am Himmel hinterlassen, auszugleichen und das Erlebnis nicht nur unvergesslich, sondern<\/span><b> auch nachhaltig.<\/b><span style=\"font-weight: 400;\"> Warum entsteht dort oben, inmitten all dieser Sch\u00f6nheit, ganz nat\u00fcrlich der Wunsch, sie zu bewahren.<\/span><\/p>\n<p><span style=\"font-weight: 400;\">Der Flug ist geeignet <\/span><b>ab 7 Jahren <\/b><span style=\"font-weight: 400;\">(Mindesth\u00f6he 130 cm) und bequem Platz bietet<\/span><b> bis zu 5 Personen.<\/b><span style=\"font-weight: 400;\"> Aus technischen Gr\u00fcnden ist f\u00fcr Passagiere \u00fcber 100 kg ein geringer Aufpreis vorgesehen. Keine Fl\u00fcge f\u00fcr Schwangere oder nach wilden N\u00e4chten: In den Himmel steigt man nur in Topform.<\/span><\/p>\n<p><b>Wenn das Wetter die Pl\u00e4ne \u00e4ndert, <\/b><span style=\"font-weight: 400;\">kein Problem <\/span><b>alles wird kostenlos neu programmiert.<\/b><span style=\"font-weight: 400;\"> Sie erhalten die Informationen am Vortag, inklusive des Treffpunkts mit kostenlosen Parkpl\u00e4tzen. An Bord werden Sie mitgenommen <\/span><b>ENAC-zertifizierte Piloten:<\/b><span style=\"font-weight: 400;\"> zuverl\u00e4ssige und leidenschaftliche Fachleute.<\/span><\/p>\n<p><b>Was mitbringen?<\/b><span style=\"font-weight: 400;\"> Bequeme Kleidung, praktische Schuhe, eine Kappe, die Kamera und all das Staunen, das du in deiner Tasche hast.<\/span><\/p>\n<p><span style=\"font-weight: 400;\">Manchmal <b>das sch\u00f6nste Geschenk<\/b> ist nichts zum Verwerfen, aber<b> einen Moment, den man zusammen geniessen kann. <\/b>Und dies, inmitten der Wolken, bleibt f\u00fcr immer im Herzen.<\/span><span style=\"font-weight: 400;\"><\/span><\/p>\n<\/div><div class=\"toggle-links align_none\"><button class=\"collapsible-content-more\">Mehr anzeigen<\/button><button class=\"collapsible-content-less\">Weniger anzeigen<\/button><\/div><\/div><div class=\"w-separator size_small\"><\/div><\/div><\/div><\/div><div class=\"vc_col-sm-2 wpb_column vc_column_container\"><div class=\"vc_column-inner\"><div class=\"wpb_wrapper\"><\/div><\/div><\/div><\/div><\/div><\/section>","protected":false},"excerpt":{"rendered":"<p>Fliegen Sie exklusiv \u00fcber die Weinberge des Barolo<\/p>","protected":false},"featured_media":19071,"template":"","meta":{"_acf_changed":false},"product_brand":[],"product_cat":[140,24],"product_tag":[],"partenza_voli":[70],"zona":[95,94],"class_list":{"0":"post-18885","1":"product","2":"type-product","3":"status-publish","4":"has-post-thumbnail","6":"product_cat-voli","7":"product_cat-voli-esclusivi","8":"partenza_voli-barolo","9":"zona-barolo","10":"zona-langhe","12":"first","13":"instock","14":"shipping-taxable","15":"purchasable","16":"product-type-variable","17":"has-default-attributes"},"acf":[],"yoast_head":"<!-- This site is optimized with the Yoast SEO plugin v27.1.1 - https:\/\/yoast.com\/product\/yoast-seo-wordpress\/ -->\n<title>Giro in Mongolfiera su Barolo e le Langhe - Cesto riservato<\/title>\n<meta name=\"description\" content=\"Un Giro in Mongolfiera riservato, tutta la Mongolfiera per te per le tue occasioni davvero speciali. Un&#039;esperienza indimenticabile.\" \/>\n<meta name=\"robots\" content=\"index, follow, max-snippet:-1, max-image-preview:large, max-video-preview:-1\" \/>\n<link rel=\"canonical\" href=\"https:\/\/giroinmongolfiera.com\/de\/catalogo\/voli\/voli-esclusivi\/esclusivo-profumo-di-langa\/\" \/>\n<meta property=\"og:locale\" content=\"de_DE\" \/>\n<meta property=\"og:type\" content=\"article\" \/>\n<meta property=\"og:title\" content=\"Giro in Mongolfiera su Barolo e le Langhe - Cesto riservato\" \/>\n<meta property=\"og:description\" content=\"Un Giro in Mongolfiera riservato, tutta la Mongolfiera per te per le tue occasioni davvero speciali. Un&#039;esperienza indimenticabile.\" \/>\n<meta property=\"og:url\" content=\"https:\/\/giroinmongolfiera.com\/de\/catalogo\/voli\/voli-esclusivi\/esclusivo-profumo-di-langa\/\" \/>\n<meta property=\"og:site_name\" content=\"Giro in mongolfiera\" \/>\n<meta property=\"article:modified_time\" content=\"2025-06-18T12:53:41+00:00\" \/>\n<meta property=\"og:image\" content=\"https:\/\/giroinmongolfiera.com\/wp-content\/uploads\/volo-esclusivo-al-profumo-di-Langa-e1709131824611.jpg\" \/>\n\t<meta property=\"og:image:width\" content=\"1365\" \/>\n\t<meta property=\"og:image:height\" content=\"1365\" \/>\n\t<meta property=\"og:image:type\" content=\"image\/jpeg\" \/>\n<meta name=\"twitter:card\" content=\"summary_large_image\" \/>\n<meta name=\"twitter:label1\" content=\"Gesch\u00e4tzte Lesezeit\" \/>\n\t<meta name=\"twitter:data1\" content=\"1\u00a0Minute\" \/>\n<script type=\"application\/ld+json\" class=\"yoast-schema-graph\">{\"@context\":\"https:\/\/schema.org\",\"@graph\":[{\"@type\":\"WebPage\",\"@id\":\"https:\/\/giroinmongolfiera.com\/catalogo\/voli\/voli-esclusivi\/esclusivo-profumo-di-langa\/\",\"url\":\"https:\/\/giroinmongolfiera.com\/catalogo\/voli\/voli-esclusivi\/esclusivo-profumo-di-langa\/\",\"name\":\"Giro in Mongolfiera su Barolo e le Langhe - Cesto riservato\",\"isPartOf\":{\"@id\":\"https:\/\/giroinmongolfiera.com\/#website\"},\"primaryImageOfPage\":{\"@id\":\"https:\/\/giroinmongolfiera.com\/catalogo\/voli\/voli-esclusivi\/esclusivo-profumo-di-langa\/#primaryimage\"},\"image\":{\"@id\":\"https:\/\/giroinmongolfiera.com\/catalogo\/voli\/voli-esclusivi\/esclusivo-profumo-di-langa\/#primaryimage\"},\"thumbnailUrl\":\"https:\/\/giroinmongolfiera.com\/wp-content\/uploads\/volo-esclusivo-al-profumo-di-Langa-e1709131824611.jpg\",\"datePublished\":\"2024-02-01T10:26:14+00:00\",\"dateModified\":\"2025-06-18T12:53:41+00:00\",\"description\":\"Un Giro in Mongolfiera riservato, tutta la Mongolfiera per te per le tue occasioni davvero speciali. Un'esperienza indimenticabile.\",\"breadcrumb\":{\"@id\":\"https:\/\/giroinmongolfiera.com\/catalogo\/voli\/voli-esclusivi\/esclusivo-profumo-di-langa\/#breadcrumb\"},\"inLanguage\":\"de\",\"potentialAction\":[{\"@type\":\"ReadAction\",\"target\":[\"https:\/\/giroinmongolfiera.com\/catalogo\/voli\/voli-esclusivi\/esclusivo-profumo-di-langa\/\"]}]},{\"@type\":\"ImageObject\",\"inLanguage\":\"de\",\"@id\":\"https:\/\/giroinmongolfiera.com\/catalogo\/voli\/voli-esclusivi\/esclusivo-profumo-di-langa\/#primaryimage\",\"url\":\"https:\/\/giroinmongolfiera.com\/wp-content\/uploads\/volo-esclusivo-al-profumo-di-Langa-e1709131824611.jpg\",\"contentUrl\":\"https:\/\/giroinmongolfiera.com\/wp-content\/uploads\/volo-esclusivo-al-profumo-di-Langa-e1709131824611.jpg\",\"width\":1365,\"height\":1365},{\"@type\":\"BreadcrumbList\",\"@id\":\"https:\/\/giroinmongolfiera.com\/catalogo\/voli\/voli-esclusivi\/esclusivo-profumo-di-langa\/#breadcrumb\",\"itemListElement\":[{\"@type\":\"ListItem\",\"position\":1,\"name\":\"Home\",\"item\":\"https:\/\/giroinmongolfiera.com\/\"},{\"@type\":\"ListItem\",\"position\":2,\"name\":\"Products\",\"item\":\"https:\/\/giroinmongolfiera.com\/shop\/\"},{\"@type\":\"ListItem\",\"position\":3,\"name\":\"VOLI\",\"item\":\"https:\/\/giroinmongolfiera.com\/categoria\/voli\/\"},{\"@type\":\"ListItem\",\"position\":4,\"name\":\"Voli esclusivi\",\"item\":\"https:\/\/giroinmongolfiera.com\/categoria\/voli\/voli-esclusivi\/\"},{\"@type\":\"ListItem\",\"position\":5,\"name\":\"Giro in mongolfiera esclusivo su Barolo e le Langhe\"}]},{\"@type\":\"WebSite\",\"@id\":\"https:\/\/giroinmongolfiera.com\/#website\",\"url\":\"https:\/\/giroinmongolfiera.com\/\",\"name\":\"Giro in mongolfiera\",\"description\":\"Vola in mongolfiera, vivi un&#039;esperienza unica\",\"publisher\":{\"@id\":\"https:\/\/giroinmongolfiera.com\/#organization\"},\"potentialAction\":[{\"@type\":\"SearchAction\",\"target\":{\"@type\":\"EntryPoint\",\"urlTemplate\":\"https:\/\/giroinmongolfiera.com\/?s={search_term_string}\"},\"query-input\":{\"@type\":\"PropertyValueSpecification\",\"valueRequired\":true,\"valueName\":\"search_term_string\"}}],\"inLanguage\":\"de\"},{\"@type\":\"Organization\",\"@id\":\"https:\/\/giroinmongolfiera.com\/#organization\",\"name\":\"Giroinmongolfiera SRL\",\"url\":\"https:\/\/giroinmongolfiera.com\/\",\"logo\":{\"@type\":\"ImageObject\",\"inLanguage\":\"de\",\"@id\":\"https:\/\/giroinmongolfiera.com\/#\/schema\/logo\/image\/\",\"url\":\"https:\/\/giroinmongolfiera.com\/wp-content\/uploads\/Giro_in_Mongolfiera-LOGO.png\",\"contentUrl\":\"https:\/\/giroinmongolfiera.com\/wp-content\/uploads\/Giro_in_Mongolfiera-LOGO.png\",\"width\":385,\"height\":126,\"caption\":\"Giroinmongolfiera SRL\"},\"image\":{\"@id\":\"https:\/\/giroinmongolfiera.com\/#\/schema\/logo\/image\/\"}}]}<\/script>\n<!-- \/ Yoast SEO plugin. -->","yoast_head_json":{"title":"Giro in Mongolfiera su Barolo e le Langhe - Cesto riservato","description":"Un Giro in Mongolfiera riservato, tutta la Mongolfiera per te per le tue occasioni davvero speciali. Un'esperienza indimenticabile.","robots":{"index":"index","follow":"follow","max-snippet":"max-snippet:-1","max-image-preview":"max-image-preview:large","max-video-preview":"max-video-preview:-1"},"canonical":"https:\/\/giroinmongolfiera.com\/de\/catalogo\/voli\/voli-esclusivi\/esclusivo-profumo-di-langa\/","og_locale":"de_DE","og_type":"article","og_title":"Giro in Mongolfiera su Barolo e le Langhe - Cesto riservato","og_description":"Un Giro in Mongolfiera riservato, tutta la Mongolfiera per te per le tue occasioni davvero speciali. Un'esperienza indimenticabile.","og_url":"https:\/\/giroinmongolfiera.com\/de\/catalogo\/voli\/voli-esclusivi\/esclusivo-profumo-di-langa\/","og_site_name":"Giro in mongolfiera","article_modified_time":"2025-06-18T12:53:41+00:00","og_image":[{"width":1365,"height":1365,"url":"https:\/\/giroinmongolfiera.com\/wp-content\/uploads\/volo-esclusivo-al-profumo-di-Langa-e1709131824611.jpg","type":"image\/jpeg"}],"twitter_card":"summary_large_image","twitter_misc":{"Gesch\u00e4tzte Lesezeit":"1\u00a0Minute"},"schema":{"@context":"https:\/\/schema.org","@graph":[{"@type":"WebPage","@id":"https:\/\/giroinmongolfiera.com\/catalogo\/voli\/voli-esclusivi\/esclusivo-profumo-di-langa\/","url":"https:\/\/giroinmongolfiera.com\/catalogo\/voli\/voli-esclusivi\/esclusivo-profumo-di-langa\/","name":"Giro in Mongolfiera su Barolo e le Langhe - Cesto riservato","isPartOf":{"@id":"https:\/\/giroinmongolfiera.com\/#website"},"primaryImageOfPage":{"@id":"https:\/\/giroinmongolfiera.com\/catalogo\/voli\/voli-esclusivi\/esclusivo-profumo-di-langa\/#primaryimage"},"image":{"@id":"https:\/\/giroinmongolfiera.com\/catalogo\/voli\/voli-esclusivi\/esclusivo-profumo-di-langa\/#primaryimage"},"thumbnailUrl":"https:\/\/giroinmongolfiera.com\/wp-content\/uploads\/volo-esclusivo-al-profumo-di-Langa-e1709131824611.jpg","datePublished":"2024-02-01T10:26:14+00:00","dateModified":"2025-06-18T12:53:41+00:00","description":"Un Giro in Mongolfiera riservato, tutta la Mongolfiera per te per le tue occasioni davvero speciali. Un'esperienza indimenticabile.","breadcrumb":{"@id":"https:\/\/giroinmongolfiera.com\/catalogo\/voli\/voli-esclusivi\/esclusivo-profumo-di-langa\/#breadcrumb"},"inLanguage":"de","potentialAction":[{"@type":"ReadAction","target":["https:\/\/giroinmongolfiera.com\/catalogo\/voli\/voli-esclusivi\/esclusivo-profumo-di-langa\/"]}]},{"@type":"ImageObject","inLanguage":"de","@id":"https:\/\/giroinmongolfiera.com\/catalogo\/voli\/voli-esclusivi\/esclusivo-profumo-di-langa\/#primaryimage","url":"https:\/\/giroinmongolfiera.com\/wp-content\/uploads\/volo-esclusivo-al-profumo-di-Langa-e1709131824611.jpg","contentUrl":"https:\/\/giroinmongolfiera.com\/wp-content\/uploads\/volo-esclusivo-al-profumo-di-Langa-e1709131824611.jpg","width":1365,"height":1365},{"@type":"BreadcrumbList","@id":"https:\/\/giroinmongolfiera.com\/catalogo\/voli\/voli-esclusivi\/esclusivo-profumo-di-langa\/#breadcrumb","itemListElement":[{"@type":"ListItem","position":1,"name":"Home","item":"https:\/\/giroinmongolfiera.com\/"},{"@type":"ListItem","position":2,"name":"Products","item":"https:\/\/giroinmongolfiera.com\/shop\/"},{"@type":"ListItem","position":3,"name":"VOLI","item":"https:\/\/giroinmongolfiera.com\/categoria\/voli\/"},{"@type":"ListItem","position":4,"name":"Voli esclusivi","item":"https:\/\/giroinmongolfiera.com\/categoria\/voli\/voli-esclusivi\/"},{"@type":"ListItem","position":5,"name":"Giro in mongolfiera esclusivo su Barolo e le Langhe"}]},{"@type":"WebSite","@id":"https:\/\/giroinmongolfiera.com\/#website","url":"https:\/\/giroinmongolfiera.com\/","name":"Giro in mongolfiera","description":"Vola in mongolfiera, vivi un&#039;esperienza unica","publisher":{"@id":"https:\/\/giroinmongolfiera.com\/#organization"},"potentialAction":[{"@type":"SearchAction","target":{"@type":"EntryPoint","urlTemplate":"https:\/\/giroinmongolfiera.com\/?s={search_term_string}"},"query-input":{"@type":"PropertyValueSpecification","valueRequired":true,"valueName":"search_term_string"}}],"inLanguage":"de"},{"@type":"Organization","@id":"https:\/\/giroinmongolfiera.com\/#organization","name":"Giroinmongolfiera SRL","url":"https:\/\/giroinmongolfiera.com\/","logo":{"@type":"ImageObject","inLanguage":"de","@id":"https:\/\/giroinmongolfiera.com\/#\/schema\/logo\/image\/","url":"https:\/\/giroinmongolfiera.com\/wp-content\/uploads\/Giro_in_Mongolfiera-LOGO.png","contentUrl":"https:\/\/giroinmongolfiera.com\/wp-content\/uploads\/Giro_in_Mongolfiera-LOGO.png","width":385,"height":126,"caption":"Giroinmongolfiera SRL"},"image":{"@id":"https:\/\/giroinmongolfiera.com\/#\/schema\/logo\/image\/"}}]}},"_links":{"self":[{"href":"https:\/\/giroinmongolfiera.com\/de\/wp-json\/wp\/v2\/product\/18885","targetHints":{"allow":["GET"]}}],"collection":[{"href":"https:\/\/giroinmongolfiera.com\/de\/wp-json\/wp\/v2\/product"}],"about":[{"href":"https:\/\/giroinmongolfiera.com\/de\/wp-json\/wp\/v2\/types\/product"}],"wp:featuredmedia":[{"embeddable":true,"href":"https:\/\/giroinmongolfiera.com\/de\/wp-json\/wp\/v2\/media\/19071"}],"wp:attachment":[{"href":"https:\/\/giroinmongolfiera.com\/de\/wp-json\/wp\/v2\/media?parent=18885"}],"wp:term":[{"taxonomy":"product_brand","embeddable":true,"href":"https:\/\/giroinmongolfiera.com\/de\/wp-json\/wp\/v2\/product_brand?post=18885"},{"taxonomy":"product_cat","embeddable":true,"href":"https:\/\/giroinmongolfiera.com\/de\/wp-json\/wp\/v2\/product_cat?post=18885"},{"taxonomy":"product_tag","embeddable":true,"href":"https:\/\/giroinmongolfiera.com\/de\/wp-json\/wp\/v2\/product_tag?post=18885"},{"taxonomy":"partenza_voli","embeddable":true,"href":"https:\/\/giroinmongolfiera.com\/de\/wp-json\/wp\/v2\/partenza_voli?post=18885"},{"taxonomy":"zona","embeddable":true,"href":"https:\/\/giroinmongolfiera.com\/de\/wp-json\/wp\/v2\/zona?post=18885"}],"curies":[{"name":"wp","href":"https:\/\/api.w.org\/{rel}","templated":true}]}}