{"id":22570,"date":"2024-07-02T09:28:22","date_gmt":"2024-07-02T07:28:22","guid":{"rendered":"https:\/\/giroinmongolfiera8962.live-website.com\/?post_type=product&#038;p=22570"},"modified":"2025-11-07T16:26:41","modified_gmt":"2025-11-07T14:26:41","slug":"gift-card-di-gim","status":"publish","type":"product","link":"https:\/\/giroinmongolfiera.com\/de\/catalogo\/regala-un-volo\/gift-card-di-gim\/","title":{"rendered":"Gutschein f\u00fcr eine Ballonfahrt"},"content":{"rendered":"<section class=\"l-section wpb_row height_large\"><div class=\"l-section-h i-cf\"><div class=\"g-cols vc_row via_flex valign_top type_default stacking_default\"><div class=\"vc_col-sm-12 wpb_column vc_column_container\"><div class=\"vc_column-inner\"><div class=\"wpb_wrapper\"><div class=\"wpb_text_column\"><div class=\"wpb_wrapper\"><p>Sie sind sich unsicher, welche Art von Flug Sie verschenken sollen? Mit der Geschenkkarte bestimmen Sie den Wert und \u00fcberlassen dem Beschenkten die Wahl des Startortes!<\/p>\n<p>Die G\u00fcltigkeit betr\u00e4gt 12 Monate!<\/p>\n<p>Sie k\u00f6nnen den Standard-Rabattgutschein w\u00e4hlen, den Sie per E-Mail erhalten, oder Sie k\u00f6nnen sich f\u00fcr die \u201cBox-Version\u201d entscheiden, die eine Geschenkbox enth\u00e4lt, die Ihnen nach Hause geschickt wird.<br \/>\nWir haben drei Farben zur Auswahl: Unendlich Blau, Feuerrot oder Eleganz Schwarz. Bitte gib uns die Farbe im Feld an <em>Notiz<\/em> f\u00fcr die Bestellung, oder kontaktieren Sie uns nach dem Kauf!<\/p>\n<\/div><\/div><\/div><\/div><\/div><\/div><\/div><\/section>","protected":false},"excerpt":{"rendered":"<p>W\u00e4hlen Sie den Wert \u2013 Gutschein 12 Monate g\u00fcltig. Schenken Sie ein Erlebnis!<\/p>","protected":false},"featured_media":23093,"template":"","meta":{"_acf_changed":false},"product_brand":[],"product_cat":[149,142],"product_tag":[],"partenza_voli":[],"zona":[],"class_list":{"0":"post-22570","1":"product","2":"type-product","3":"status-publish","4":"has-post-thumbnail","6":"product_cat-wps_wgm_giftcard","7":"product_cat-regala-un-volo","8":"product_shipping_class-voli","10":"first","11":"instock","12":"shipping-taxable","13":"purchasable","14":"product-type-variable"},"acf":[],"yoast_head":"<!-- This site is optimized with the Yoast SEO plugin v27.1.1 - https:\/\/yoast.com\/product\/yoast-seo-wordpress\/ -->\n<title>Buono Regalo - Scegli tu il valore | Giro in mongolfiera<\/title>\n<meta name=\"description\" content=\"Un dono originale e prezioso perch\u00e9 regala emozioni indimenticabili! Gift Card valida 12 mesi per qualsiasi Giro in Mongolfiera del nostro catalogo.\" \/>\n<meta name=\"robots\" content=\"index, follow, max-snippet:-1, max-image-preview:large, max-video-preview:-1\" \/>\n<link rel=\"canonical\" href=\"https:\/\/giroinmongolfiera.com\/de\/catalogo\/regala-un-volo\/gift-card-di-gim\/\" \/>\n<meta property=\"og:locale\" content=\"de_DE\" \/>\n<meta property=\"og:type\" content=\"article\" \/>\n<meta property=\"og:title\" content=\"Buono Regalo - Scegli tu il valore | Giro in mongolfiera\" \/>\n<meta property=\"og:description\" content=\"Un dono originale e prezioso perch\u00e9 regala emozioni indimenticabili! Gift Card valida 12 mesi per qualsiasi Giro in Mongolfiera del nostro catalogo.\" \/>\n<meta property=\"og:url\" content=\"https:\/\/giroinmongolfiera.com\/de\/catalogo\/regala-un-volo\/gift-card-di-gim\/\" \/>\n<meta property=\"og:site_name\" content=\"Giro in mongolfiera\" \/>\n<meta property=\"article:modified_time\" content=\"2025-11-07T14:26:41+00:00\" \/>\n<meta property=\"og:image\" content=\"https:\/\/giroinmongolfiera.com\/wp-content\/uploads\/OLJA-4.jpeg\" \/>\n\t<meta property=\"og:image:width\" content=\"1280\" \/>\n\t<meta property=\"og:image:height\" content=\"852\" \/>\n\t<meta property=\"og:image:type\" content=\"image\/jpeg\" \/>\n<meta name=\"twitter:card\" content=\"summary_large_image\" \/>\n<meta name=\"twitter:label1\" content=\"Gesch\u00e4tzte Lesezeit\" \/>\n\t<meta name=\"twitter:data1\" content=\"1\u00a0Minute\" \/>\n<script type=\"application\/ld+json\" class=\"yoast-schema-graph\">{\"@context\":\"https:\/\/schema.org\",\"@graph\":[{\"@type\":\"WebPage\",\"@id\":\"https:\/\/giroinmongolfiera.com\/catalogo\/regala-un-volo\/gift-card-di-gim\/\",\"url\":\"https:\/\/giroinmongolfiera.com\/catalogo\/regala-un-volo\/gift-card-di-gim\/\",\"name\":\"Buono Regalo - Scegli tu il valore | Giro in mongolfiera\",\"isPartOf\":{\"@id\":\"https:\/\/giroinmongolfiera.com\/#website\"},\"primaryImageOfPage\":{\"@id\":\"https:\/\/giroinmongolfiera.com\/catalogo\/regala-un-volo\/gift-card-di-gim\/#primaryimage\"},\"image\":{\"@id\":\"https:\/\/giroinmongolfiera.com\/catalogo\/regala-un-volo\/gift-card-di-gim\/#primaryimage\"},\"thumbnailUrl\":\"https:\/\/giroinmongolfiera.com\/wp-content\/uploads\/OLJA-4.jpeg\",\"datePublished\":\"2024-07-02T07:28:22+00:00\",\"dateModified\":\"2025-11-07T14:26:41+00:00\",\"description\":\"Un dono originale e prezioso perch\u00e9 regala emozioni indimenticabili! Gift Card valida 12 mesi per qualsiasi Giro in Mongolfiera del nostro catalogo.\",\"breadcrumb\":{\"@id\":\"https:\/\/giroinmongolfiera.com\/catalogo\/regala-un-volo\/gift-card-di-gim\/#breadcrumb\"},\"inLanguage\":\"de\",\"potentialAction\":[{\"@type\":\"ReadAction\",\"target\":[\"https:\/\/giroinmongolfiera.com\/catalogo\/regala-un-volo\/gift-card-di-gim\/\"]}]},{\"@type\":\"ImageObject\",\"inLanguage\":\"de\",\"@id\":\"https:\/\/giroinmongolfiera.com\/catalogo\/regala-un-volo\/gift-card-di-gim\/#primaryimage\",\"url\":\"https:\/\/giroinmongolfiera.com\/wp-content\/uploads\/OLJA-4.jpeg\",\"contentUrl\":\"https:\/\/giroinmongolfiera.com\/wp-content\/uploads\/OLJA-4.jpeg\",\"width\":1280,\"height\":852,\"caption\":\"Una mongolfiera gialla vola sui vigneti delle Langhe\"},{\"@type\":\"BreadcrumbList\",\"@id\":\"https:\/\/giroinmongolfiera.com\/catalogo\/regala-un-volo\/gift-card-di-gim\/#breadcrumb\",\"itemListElement\":[{\"@type\":\"ListItem\",\"position\":1,\"name\":\"Home\",\"item\":\"https:\/\/giroinmongolfiera.com\/\"},{\"@type\":\"ListItem\",\"position\":2,\"name\":\"Products\",\"item\":\"https:\/\/giroinmongolfiera.com\/shop\/\"},{\"@type\":\"ListItem\",\"position\":3,\"name\":\"Gift Card\",\"item\":\"https:\/\/giroinmongolfiera.com\/categoria\/wps_wgm_giftcard\/\"},{\"@type\":\"ListItem\",\"position\":4,\"name\":\"Buono Regalo Giro in Mongolfiera\"}]},{\"@type\":\"WebSite\",\"@id\":\"https:\/\/giroinmongolfiera.com\/#website\",\"url\":\"https:\/\/giroinmongolfiera.com\/\",\"name\":\"Giro in mongolfiera\",\"description\":\"Vola in mongolfiera, vivi un&#039;esperienza unica\",\"publisher\":{\"@id\":\"https:\/\/giroinmongolfiera.com\/#organization\"},\"potentialAction\":[{\"@type\":\"SearchAction\",\"target\":{\"@type\":\"EntryPoint\",\"urlTemplate\":\"https:\/\/giroinmongolfiera.com\/?s={search_term_string}\"},\"query-input\":{\"@type\":\"PropertyValueSpecification\",\"valueRequired\":true,\"valueName\":\"search_term_string\"}}],\"inLanguage\":\"de\"},{\"@type\":\"Organization\",\"@id\":\"https:\/\/giroinmongolfiera.com\/#organization\",\"name\":\"Giroinmongolfiera SRL\",\"url\":\"https:\/\/giroinmongolfiera.com\/\",\"logo\":{\"@type\":\"ImageObject\",\"inLanguage\":\"de\",\"@id\":\"https:\/\/giroinmongolfiera.com\/#\/schema\/logo\/image\/\",\"url\":\"https:\/\/giroinmongolfiera.com\/wp-content\/uploads\/Giro_in_Mongolfiera-LOGO.png\",\"contentUrl\":\"https:\/\/giroinmongolfiera.com\/wp-content\/uploads\/Giro_in_Mongolfiera-LOGO.png\",\"width\":385,\"height\":126,\"caption\":\"Giroinmongolfiera SRL\"},\"image\":{\"@id\":\"https:\/\/giroinmongolfiera.com\/#\/schema\/logo\/image\/\"}}]}<\/script>\n<!-- \/ Yoast SEO plugin. -->","yoast_head_json":{"title":"Buono Regalo - Scegli tu il valore | Giro in mongolfiera","description":"Un dono originale e prezioso perch\u00e9 regala emozioni indimenticabili! Gift Card valida 12 mesi per qualsiasi Giro in Mongolfiera del nostro catalogo.","robots":{"index":"index","follow":"follow","max-snippet":"max-snippet:-1","max-image-preview":"max-image-preview:large","max-video-preview":"max-video-preview:-1"},"canonical":"https:\/\/giroinmongolfiera.com\/de\/catalogo\/regala-un-volo\/gift-card-di-gim\/","og_locale":"de_DE","og_type":"article","og_title":"Buono Regalo - Scegli tu il valore | Giro in mongolfiera","og_description":"Un dono originale e prezioso perch\u00e9 regala emozioni indimenticabili! Gift Card valida 12 mesi per qualsiasi Giro in Mongolfiera del nostro catalogo.","og_url":"https:\/\/giroinmongolfiera.com\/de\/catalogo\/regala-un-volo\/gift-card-di-gim\/","og_site_name":"Giro in mongolfiera","article_modified_time":"2025-11-07T14:26:41+00:00","og_image":[{"width":1280,"height":852,"url":"https:\/\/giroinmongolfiera.com\/wp-content\/uploads\/OLJA-4.jpeg","type":"image\/jpeg"}],"twitter_card":"summary_large_image","twitter_misc":{"Gesch\u00e4tzte Lesezeit":"1\u00a0Minute"},"schema":{"@context":"https:\/\/schema.org","@graph":[{"@type":"WebPage","@id":"https:\/\/giroinmongolfiera.com\/catalogo\/regala-un-volo\/gift-card-di-gim\/","url":"https:\/\/giroinmongolfiera.com\/catalogo\/regala-un-volo\/gift-card-di-gim\/","name":"Buono Regalo - Scegli tu il valore | Giro in mongolfiera","isPartOf":{"@id":"https:\/\/giroinmongolfiera.com\/#website"},"primaryImageOfPage":{"@id":"https:\/\/giroinmongolfiera.com\/catalogo\/regala-un-volo\/gift-card-di-gim\/#primaryimage"},"image":{"@id":"https:\/\/giroinmongolfiera.com\/catalogo\/regala-un-volo\/gift-card-di-gim\/#primaryimage"},"thumbnailUrl":"https:\/\/giroinmongolfiera.com\/wp-content\/uploads\/OLJA-4.jpeg","datePublished":"2024-07-02T07:28:22+00:00","dateModified":"2025-11-07T14:26:41+00:00","description":"Un dono originale e prezioso perch\u00e9 regala emozioni indimenticabili! Gift Card valida 12 mesi per qualsiasi Giro in Mongolfiera del nostro catalogo.","breadcrumb":{"@id":"https:\/\/giroinmongolfiera.com\/catalogo\/regala-un-volo\/gift-card-di-gim\/#breadcrumb"},"inLanguage":"de","potentialAction":[{"@type":"ReadAction","target":["https:\/\/giroinmongolfiera.com\/catalogo\/regala-un-volo\/gift-card-di-gim\/"]}]},{"@type":"ImageObject","inLanguage":"de","@id":"https:\/\/giroinmongolfiera.com\/catalogo\/regala-un-volo\/gift-card-di-gim\/#primaryimage","url":"https:\/\/giroinmongolfiera.com\/wp-content\/uploads\/OLJA-4.jpeg","contentUrl":"https:\/\/giroinmongolfiera.com\/wp-content\/uploads\/OLJA-4.jpeg","width":1280,"height":852,"caption":"Una mongolfiera gialla vola sui vigneti delle Langhe"},{"@type":"BreadcrumbList","@id":"https:\/\/giroinmongolfiera.com\/catalogo\/regala-un-volo\/gift-card-di-gim\/#breadcrumb","itemListElement":[{"@type":"ListItem","position":1,"name":"Home","item":"https:\/\/giroinmongolfiera.com\/"},{"@type":"ListItem","position":2,"name":"Products","item":"https:\/\/giroinmongolfiera.com\/shop\/"},{"@type":"ListItem","position":3,"name":"Gift Card","item":"https:\/\/giroinmongolfiera.com\/categoria\/wps_wgm_giftcard\/"},{"@type":"ListItem","position":4,"name":"Buono Regalo Giro in Mongolfiera"}]},{"@type":"WebSite","@id":"https:\/\/giroinmongolfiera.com\/#website","url":"https:\/\/giroinmongolfiera.com\/","name":"Giro in mongolfiera","description":"Vola in mongolfiera, vivi un&#039;esperienza unica","publisher":{"@id":"https:\/\/giroinmongolfiera.com\/#organization"},"potentialAction":[{"@type":"SearchAction","target":{"@type":"EntryPoint","urlTemplate":"https:\/\/giroinmongolfiera.com\/?s={search_term_string}"},"query-input":{"@type":"PropertyValueSpecification","valueRequired":true,"valueName":"search_term_string"}}],"inLanguage":"de"},{"@type":"Organization","@id":"https:\/\/giroinmongolfiera.com\/#organization","name":"Giroinmongolfiera SRL","url":"https:\/\/giroinmongolfiera.com\/","logo":{"@type":"ImageObject","inLanguage":"de","@id":"https:\/\/giroinmongolfiera.com\/#\/schema\/logo\/image\/","url":"https:\/\/giroinmongolfiera.com\/wp-content\/uploads\/Giro_in_Mongolfiera-LOGO.png","contentUrl":"https:\/\/giroinmongolfiera.com\/wp-content\/uploads\/Giro_in_Mongolfiera-LOGO.png","width":385,"height":126,"caption":"Giroinmongolfiera SRL"},"image":{"@id":"https:\/\/giroinmongolfiera.com\/#\/schema\/logo\/image\/"}}]}},"_links":{"self":[{"href":"https:\/\/giroinmongolfiera.com\/de\/wp-json\/wp\/v2\/product\/22570","targetHints":{"allow":["GET"]}}],"collection":[{"href":"https:\/\/giroinmongolfiera.com\/de\/wp-json\/wp\/v2\/product"}],"about":[{"href":"https:\/\/giroinmongolfiera.com\/de\/wp-json\/wp\/v2\/types\/product"}],"wp:featuredmedia":[{"embeddable":true,"href":"https:\/\/giroinmongolfiera.com\/de\/wp-json\/wp\/v2\/media\/23093"}],"wp:attachment":[{"href":"https:\/\/giroinmongolfiera.com\/de\/wp-json\/wp\/v2\/media?parent=22570"}],"wp:term":[{"taxonomy":"product_brand","embeddable":true,"href":"https:\/\/giroinmongolfiera.com\/de\/wp-json\/wp\/v2\/product_brand?post=22570"},{"taxonomy":"product_cat","embeddable":true,"href":"https:\/\/giroinmongolfiera.com\/de\/wp-json\/wp\/v2\/product_cat?post=22570"},{"taxonomy":"product_tag","embeddable":true,"href":"https:\/\/giroinmongolfiera.com\/de\/wp-json\/wp\/v2\/product_tag?post=22570"},{"taxonomy":"partenza_voli","embeddable":true,"href":"https:\/\/giroinmongolfiera.com\/de\/wp-json\/wp\/v2\/partenza_voli?post=22570"},{"taxonomy":"zona","embeddable":true,"href":"https:\/\/giroinmongolfiera.com\/de\/wp-json\/wp\/v2\/zona?post=22570"}],"curies":[{"name":"wp","href":"https:\/\/api.w.org\/{rel}","templated":true}]}}