{"id":29580,"date":"2025-04-28T11:09:05","date_gmt":"2025-04-28T09:09:05","guid":{"rendered":"https:\/\/giroinmongolfiera.com\/?post_type=product&#038;p=29580"},"modified":"2026-03-06T11:26:05","modified_gmt":"2026-03-06T09:26:05","slug":"volo-avventura-da-mondovi","status":"publish","type":"product","link":"https:\/\/giroinmongolfiera.com\/de\/catalogo\/voli\/voli-di-gruppo\/volo-avventura-da-mondovi\/","title":{"rendered":"FLUG ERLEBNIS"},"content":{"rendered":"<section class=\"l-section wpb_row us_custom_6430fa7d height_auto\"><div class=\"l-section-h i-cf\"><div class=\"g-cols vc_row via_flex valign_top type_default stacking_default\"><div class=\"vc_col-sm-2 wpb_column vc_column_container\"><div class=\"vc_column-inner\"><div class=\"wpb_wrapper\"><\/div><\/div><\/div><div class=\"vc_col-sm-8 wpb_column vc_column_container\"><div class=\"vc_column-inner\"><div class=\"wpb_wrapper\"><div class=\"w-separator size_small with_line width_default thick_1 style_solid color_border align_left with_text with_content\"><div class=\"w-separator-h\"><h5 class=\"w-separator-text\"><i class=\"fal fa-fast-forward\"><\/i><span>schneller \u00dcberblick<\/span><\/h5><\/div><\/div><div class=\"g-cols wpb_row via_flex valign_top type_default stacking_default\" style=\"--additional-gap:1rem;\"><div class=\"vc_col-sm-6 wpb_column vc_column_container\"><div class=\"vc_column-inner\"><div class=\"wpb_wrapper\"><div class=\"w-iconbox iconpos_left style_default color_contrast align_left no_title\"><div class=\"w-iconbox-icon\" style=\"font-size:1.5rem;\"><i class=\"fal fa-map-marker-smile\"><\/i><\/div><div class=\"w-iconbox-meta\"><div class=\"w-iconbox-text\"><p><strong>\u00d6rtlichkeit<br \/>\n<\/strong>Mondov\u00ec (CN) \u2013 Piemont<\/p>\n<\/div><\/div><\/div><\/div><\/div><\/div><div class=\"vc_col-sm-6 wpb_column vc_column_container\"><div class=\"vc_column-inner\"><div class=\"wpb_wrapper\"><div class=\"w-iconbox iconpos_left style_default color_contrast align_left no_title\"><div class=\"w-iconbox-icon\" style=\"font-size:1.5rem;\"><i class=\"fal fa-calendar-alt\"><\/i><\/div><div class=\"w-iconbox-meta\"><div class=\"w-iconbox-text\"><p><strong>Verf\u00fcgbarkeit<br \/>\n<\/strong>Von Juli bis M\u00e4rz, jeden 1. Sonntag im Monat<\/p>\n<\/div><\/div><\/div><\/div><\/div><\/div><\/div><div class=\"w-separator size_custom\" style=\"height:1.5rem\"><\/div><div class=\"g-cols wpb_row via_flex valign_top type_default stacking_default\" style=\"--additional-gap:1rem;\"><div class=\"vc_col-sm-6 wpb_column vc_column_container\"><div class=\"vc_column-inner\"><div class=\"wpb_wrapper\"><div class=\"w-iconbox iconpos_left style_default color_contrast align_left no_title\"><div class=\"w-iconbox-icon\" style=\"font-size:1.5rem;\"><i class=\"fal fa-users\"><\/i><\/div><div class=\"w-iconbox-meta\"><div class=\"w-iconbox-text\"><p><strong>Teilnehmer<\/strong><br \/>\nErste Gruppe: bis zu 12 Personen<br \/>\nZweite Gruppe: bis zu 12 Personen<\/p>\n<\/div><\/div><\/div><\/div><\/div><\/div><div class=\"vc_col-sm-6 wpb_column vc_column_container\"><div class=\"vc_column-inner\"><div class=\"wpb_wrapper\"><div class=\"w-iconbox iconpos_left style_default color_contrast align_left no_title\"><div class=\"w-iconbox-icon\" style=\"font-size:1.5rem;\"><i class=\"fal fa-clock\"><\/i><\/div><div class=\"w-iconbox-meta\"><div class=\"w-iconbox-text\"><p><strong>\u00d6ffnungszeiten<\/strong><br \/>\nkurz nach Sonnenaufgang<\/p>\n<\/div><\/div><\/div><\/div><\/div><\/div><\/div><div class=\"w-separator size_custom\" style=\"height:1.5rem\"><\/div><div class=\"g-cols wpb_row via_flex valign_top type_default stacking_default\" style=\"--additional-gap:2rem;\"><div class=\"vc_col-sm-12 wpb_column vc_column_container\"><div class=\"vc_column-inner\"><div class=\"wpb_wrapper\"><div class=\"w-iconbox iconpos_left style_default color_contrast align_left no_title\"><div class=\"w-iconbox-icon\" style=\"font-size:1.5rem;\"><i class=\"fal fa-hourglass\"><\/i><\/div><div class=\"w-iconbox-meta\"><div class=\"w-iconbox-text\"><p><strong>Gesamtdauer der Erfahrung<\/strong><br \/>\nca. 2 Stunden (inklusive Vorbereitung, Flug\/Verfolgung und R\u00fcckkehr)<\/p>\n<\/div><\/div><\/div><\/div><\/div><\/div><\/div><div class=\"w-separator size_custom\" style=\"height:2rem\"><\/div><div class=\"w-separator size_small\"><\/div><div class=\"w-separator size_small with_line width_default thick_1 style_solid color_border align_left with_text with_content\"><div class=\"w-separator-h\"><h5 class=\"w-separator-text\"><i class=\"fal fa-telescope\"><\/i><span>was du von oben sehen wirst<\/span><\/h5><\/div><\/div><div class=\"wpb_text_column\"><div class=\"wpb_wrapper\"><ul>\n<li aria-level=\"1\"><span>Die L\u00e4nder zwischen<span>\u00a0<\/span><strong>Mondov\u00ec<\/strong><span>\u00a0<\/span>und die<span>\u00a0<\/span><strong>Langhe<\/strong><\/span><\/li>\n<li aria-level=\"1\"><span>I<span>\u00a0<\/span><strong>Calanchi<\/strong>, naturliche Wunder, von der Zeit geformt<\/span><\/li>\n<li aria-level=\"1\"><span>Elle<span>\u00a0<\/span><strong>Pesio Fluss<\/strong>, das elegant die Ebene durchquert<\/span><\/li>\n<li aria-level=\"1\"><span>Die Majest\u00e4tischen<span>\u00a0<\/span><strong>Alpen<\/strong><span>\u00a0<\/span>und die<span>\u00a0<\/span><strong>sanfte H\u00fcgel<\/strong><span>\u00a0<\/span>der Langhe am Horizont<\/span><\/li>\n<\/ul>\n<\/div><\/div><div class=\"w-separator size_small\"><\/div><div class=\"w-separator size_small with_line width_default thick_1 style_solid color_border align_left with_text with_content\"><div class=\"w-separator-h\"><h5 class=\"w-separator-text\"><i class=\"fas fa-vial\"><\/i><span>die Erfahrung beinhaltet<\/span><\/h5><\/div><\/div><div class=\"wpb_text_column\"><div class=\"wpb_wrapper\"><ol>\n<li><strong>Vorflugbesprechung <\/strong>mit dem Piloten<\/li>\n<li><strong>Flug von ca. 30 Minuten \u00fcber die Ebene von Cuneo<\/strong>\u2713<\/li>\n<li><strong>Brindisi<\/strong> <strong>Finale<\/strong> \u2713<\/li>\n<li><strong>Der Transport <\/strong>Hin- und\/oder R\u00fcckfahrt f\u00fcr beide Gruppen<\/li>\n<li><strong>Versicherung <\/strong>Passagiere vollst\u00e4ndig \u2713<\/li>\n<li><strong>Kostenlose Parkpl\u00e4tze <\/strong>am Treffpunkt<\/li>\n<\/ol>\n<\/div><\/div><div class=\"w-separator size_small\"><\/div><\/div><\/div><\/div><div class=\"vc_col-sm-2 wpb_column vc_column_container\"><div class=\"vc_column-inner\"><div class=\"wpb_wrapper\"><\/div><\/div><\/div><\/div><\/div><\/section><section class=\"l-section wpb_row us_custom_8417cf24 height_auto\"><div class=\"l-section-overlay\" style=\"background:rgba(255,255,255,0.55)\"><\/div><div class=\"l-section-h i-cf\"><div class=\"g-cols vc_row via_flex valign_top type_default stacking_default\"><div class=\"vc_col-sm-2 wpb_column vc_column_container\"><div class=\"vc_column-inner\"><div class=\"wpb_wrapper\"><\/div><\/div><\/div><div class=\"vc_col-sm-8 wpb_column vc_column_container\"><div class=\"vc_column-inner\"><div class=\"wpb_wrapper\"><div class=\"w-separator us_custom_2ba75eac size_medium has_font_size with_line width_default thick_1 style_solid color_text align_left with_text with_content\"><div class=\"w-separator-h\"><div class=\"w-separator-text\"><span>BESCHREIBUNG<\/span><\/div><\/div><\/div><div class=\"wpb_text_column with_collapsible_content\" data-content-height=\"300px\"><div class=\"wpb_wrapper\"><p>Buchen Sie jetzt den Erlebnisflug und erleben Sie einen unvergesslichen Sonnenaufgang zwischen Himmel und Erde. Ein komplettes Erlebnis zu <strong>Nur 180 \u20ac pro Person!<\/strong><\/p>\n<p><strong>Das funktioniert so:<\/strong><\/p>\n<ul>\n<li>Die Teilnehmer werden in zwei Gruppen aufgeteilt<\/li>\n<li>Die erste Gruppe startet sofort mit dem Hei\u00dfluftballon<\/li>\n<li>Die zweite Gruppe nimmt die Verfolgung in unseren Gel\u00e4ndewagen auf, angef\u00fchrt von erfahrenen Besatzungen, die Funkkontakt zum Ballon halten<\/li>\n<li>Nach 30-40 Minuten Flug landet der Hei\u00dfluftballon an einem Punkt, der durch die Windstr\u00f6mungen bestimmt wird.<\/li>\n<li>An diesem Punkt findet der Wechsel statt: Die zweite Gruppe steigt f\u00fcr den zweiten Teil des Abenteuers in der Luft auf den Hei\u00dfluftballon.<\/li>\n<li>Am Ende der Erfahrung werden alle Teilnehmer zum urspr\u00fcnglichen Ausgangspunkt zur\u00fcckgebracht.<\/li>\n<li>Das Abenteuer endet mit einem Toast, dem perfekten Moment, um die erlebten Emotionen zu teilen.<\/li>\n<li>Das Erlebnis findet jeden ersten Sonntag im Monat bei Sonnenaufgang statt (Juli bis M\u00e4rz).<\/li>\n<\/ul>\n<\/div><div class=\"toggle-links align_none\"><button class=\"collapsible-content-more\">Mehr anzeigen<\/button><button class=\"collapsible-content-less\">Weniger anzeigen<\/button><\/div><\/div><div class=\"w-separator size_small\"><\/div><\/div><\/div><\/div><div class=\"vc_col-sm-2 wpb_column vc_column_container\"><div class=\"vc_column-inner\"><div class=\"wpb_wrapper\"><\/div><\/div><\/div><\/div><\/div><\/section><section class=\"l-section wpb_row us_custom_8d032b96 height_auto width_full color_primary\"><div class=\"l-section-h i-cf\"><div class=\"g-cols vc_row via_flex valign_top type_default stacking_default\"><div class=\"vc_col-sm-12 wpb_column vc_column_container\"><div class=\"vc_column-inner\"><div class=\"wpb_wrapper\"><div class=\"w-separator size_small with_line width_default thick_1 style_solid color_text align_left with_text with_content\"><div class=\"w-separator-h\"><h5 class=\"w-separator-text\"><i class=\"fas fa-vial\"><\/i><span>Warum Sie uns w\u00e4hlen sollten?<\/span><\/h5><\/div><\/div><div class=\"g-cols wpb_row via_flex valign_top type_boxes stacking_default\"><div class=\"vc_col-sm-6 wpb_column vc_column_container\"><div class=\"vc_column-inner\"><div class=\"wpb_wrapper\"><div class=\"w-iconbox iconpos_top style_default color_contrast align_center no_title\"><div class=\"w-iconbox-icon\" style=\"font-size:2rem;\"><i class=\"fal fa-user-shield\"><\/i><\/div><div class=\"w-iconbox-meta\"><div class=\"w-iconbox-text\"><p>Piloten <strong>Experten und Zertifizierte<\/strong> ENAC<\/p>\n<\/div><\/div><\/div><\/div><\/div><\/div><div class=\"vc_col-sm-6 wpb_column vc_column_container\"><div class=\"vc_column-inner\"><div class=\"wpb_wrapper\"><div class=\"w-iconbox iconpos_top style_default color_contrast align_center no_title\"><div class=\"w-iconbox-icon\" style=\"font-size:2rem;\"><i class=\"fal fa-cloud-hail-mixed\"><\/i><\/div><div class=\"w-iconbox-meta\"><div class=\"w-iconbox-text\"><p>Wettergarantie: Bei schlechtem Wetter verschieben wir. <strong>kostenlos<\/strong><\/p>\n<\/div><\/div><\/div><\/div><\/div><\/div><\/div><div class=\"g-cols wpb_row via_flex valign_top type_boxes stacking_default\"><div class=\"vc_col-sm-6 wpb_column vc_column_container\"><div class=\"vc_column-inner\"><div class=\"wpb_wrapper\"><div class=\"w-iconbox iconpos_top style_default color_contrast align_center no_title\"><div class=\"w-iconbox-icon\" style=\"font-size:2rem;\"><i class=\"fal fa-glass-cheers\"><\/i><\/div><div class=\"w-iconbox-meta\"><div class=\"w-iconbox-text\"><p>Wir sto\u00dfen gemeinsam an auf<strong> lokale Produkte<\/strong><\/p>\n<\/div><\/div><\/div><\/div><\/div><\/div><div class=\"vc_col-sm-6 wpb_column vc_column_container\"><div class=\"vc_column-inner\"><div class=\"wpb_wrapper\"><div class=\"w-iconbox iconpos_top style_default color_contrast align_center no_title\"><div class=\"w-iconbox-icon\" style=\"font-size:2rem;\"><i class=\"fal fa-tree-alt\"><\/i><\/div><div class=\"w-iconbox-meta\"><div class=\"w-iconbox-text\"><p>Nuller-Emissionen: f\u00fcr jeden Flug <strong>Lasst uns einen Baum pflanzen.<\/strong><\/p>\n<\/div><\/div><\/div><\/div><\/div><\/div><\/div><\/div><\/div><\/div><\/div><\/div><\/section><section class=\"l-section wpb_row us_custom_8417cf24 height_auto\"><div class=\"l-section-overlay\" style=\"background:rgba(255,255,255,0.55)\"><\/div><div class=\"l-section-h i-cf\"><div class=\"g-cols vc_row via_flex valign_top type_default stacking_default\"><div class=\"vc_col-sm-2 wpb_column vc_column_container\"><div class=\"vc_column-inner\"><div class=\"wpb_wrapper\"><\/div><\/div><\/div><div class=\"vc_col-sm-8 wpb_column vc_column_container\"><div class=\"vc_column-inner\"><div class=\"wpb_wrapper\"><div class=\"w-separator us_custom_2ba75eac size_medium has_font_size with_line width_default thick_1 style_solid color_text align_left with_text with_content\"><div class=\"w-separator-h\"><div class=\"w-separator-text\"><span>Alles Gute, das auf dich wartet<\/span><\/div><\/div><\/div><div class=\"wpb_text_column with_collapsible_content\" data-content-height=\"300px\"><div class=\"wpb_wrapper\"><p><strong>H\u00f6hepunkte<\/strong><\/p>\n<ul>\n<li><strong>Privilegierte Lage<\/strong>Mondov\u00ec bietet atemberaubende Landschaften zwischen H\u00fcgeln und Bergen<\/li>\n<li><strong>Magischer Moment<\/strong>Der Flug im Morgengrauen schenkt ein einzigartiges Licht und eine einzigartige Atmosph\u00e4re<\/li>\n<li><strong>Vollst\u00e4ndiges Abenteuer<\/strong>Kombinieren Sie die Emotion des Fliegens mit dem Nervenkitzel der Offroad-Verfolgung<\/li>\n<li><strong>G\u00fcnstiger Preis<\/strong>Schon ab 180 \u20ac pro Person wird ein exklusives Erlebnis erschwinglich<\/li>\n<li><strong>Professionelle Unterst\u00fctzung<\/strong>Unsere Besatzungen garantieren Sicherheit und perfekte Koordination<\/li>\n<li><strong>Besondere Erinnerung<\/strong>Der abschlie\u00dfende Toast verleiht dem Abenteuer einen Moment der Geselligkeit und Freundschaft<\/li>\n<\/ul>\n<\/div><div class=\"toggle-links align_none\"><button class=\"collapsible-content-more\">Mehr anzeigen<\/button><button class=\"collapsible-content-less\">Weniger anzeigen<\/button><\/div><\/div><div class=\"w-separator size_small\"><\/div><\/div><\/div><\/div><div class=\"vc_col-sm-2 wpb_column vc_column_container\"><div class=\"vc_column-inner\"><div class=\"wpb_wrapper\"><\/div><\/div><\/div><\/div><\/div><\/section>","protected":false},"excerpt":{"rendered":"<p><strong>Kurzflug von Mondov\u00ec, in der Gruppe, auf zwei Durchg\u00e4nge. Eine dynamische und unterhaltsame Erfahrung! Der erste Sonntag im Monat von Juli bis M\u00e4rz.<\/strong><\/p>\n<p>&nbsp;<\/p>","protected":false},"featured_media":5835,"template":"","meta":{"_acf_changed":false},"product_brand":[],"product_cat":[140,23],"product_tag":[],"partenza_voli":[109],"zona":[96],"class_list":{"0":"post-29580","1":"product","2":"type-product","3":"status-publish","4":"has-post-thumbnail","6":"product_cat-voli","7":"product_cat-voli-di-gruppo","8":"partenza_voli-mondovi-en","9":"zona-mondovi","11":"first","12":"instock","13":"featured","14":"virtual","15":"purchasable","16":"product-type-simple"},"acf":[],"yoast_head":"<!-- This site is optimized with the Yoast SEO plugin v27.1.1 - https:\/\/yoast.com\/product\/yoast-seo-wordpress\/ -->\n<title>Giro in Mongolfiera breve su Mondov\u00ec - volo di gruppo<\/title>\n<meta name=\"description\" content=\"Gioca a guardie e ladri con le mongolfiere, salici a bordo e vola risparmiando! Decollo da Mondov\u00ec la prima domenica di ogni mese da Luglio a Marzo.\" \/>\n<meta name=\"robots\" content=\"index, follow, max-snippet:-1, max-image-preview:large, max-video-preview:-1\" \/>\n<link rel=\"canonical\" href=\"https:\/\/giroinmongolfiera.com\/de\/catalogo\/voli\/voli-di-gruppo\/volo-avventura-da-mondovi\/\" \/>\n<meta property=\"og:locale\" content=\"de_DE\" \/>\n<meta property=\"og:type\" content=\"article\" \/>\n<meta property=\"og:title\" content=\"Giro in Mongolfiera breve su Mondov\u00ec - volo di gruppo\" \/>\n<meta property=\"og:description\" content=\"Gioca a guardie e ladri con le mongolfiere, salici a bordo e vola risparmiando! Decollo da Mondov\u00ec la prima domenica di ogni mese da Luglio a Marzo.\" \/>\n<meta property=\"og:url\" content=\"https:\/\/giroinmongolfiera.com\/de\/catalogo\/voli\/voli-di-gruppo\/volo-avventura-da-mondovi\/\" \/>\n<meta property=\"og:site_name\" content=\"Giro in mongolfiera\" \/>\n<meta property=\"article:modified_time\" content=\"2026-03-06T09:26:05+00:00\" \/>\n<meta property=\"og:image\" content=\"https:\/\/giroinmongolfiera.com\/wp-content\/uploads\/varie-con-persone-1.jpg\" \/>\n\t<meta property=\"og:image:width\" content=\"2000\" \/>\n\t<meta property=\"og:image:height\" content=\"1500\" \/>\n\t<meta property=\"og:image:type\" content=\"image\/jpeg\" \/>\n<meta name=\"twitter:card\" content=\"summary_large_image\" \/>\n<meta name=\"twitter:label1\" content=\"Gesch\u00e4tzte Lesezeit\" \/>\n\t<meta name=\"twitter:data1\" content=\"1\u00a0Minute\" \/>\n<script type=\"application\/ld+json\" class=\"yoast-schema-graph\">{\"@context\":\"https:\/\/schema.org\",\"@graph\":[{\"@type\":\"WebPage\",\"@id\":\"https:\/\/giroinmongolfiera.com\/catalogo\/voli\/voli-di-gruppo\/volo-avventura-da-mondovi\/\",\"url\":\"https:\/\/giroinmongolfiera.com\/catalogo\/voli\/voli-di-gruppo\/volo-avventura-da-mondovi\/\",\"name\":\"Giro in Mongolfiera breve su Mondov\u00ec - volo di gruppo\",\"isPartOf\":{\"@id\":\"https:\/\/giroinmongolfiera.com\/#website\"},\"primaryImageOfPage\":{\"@id\":\"https:\/\/giroinmongolfiera.com\/catalogo\/voli\/voli-di-gruppo\/volo-avventura-da-mondovi\/#primaryimage\"},\"image\":{\"@id\":\"https:\/\/giroinmongolfiera.com\/catalogo\/voli\/voli-di-gruppo\/volo-avventura-da-mondovi\/#primaryimage\"},\"thumbnailUrl\":\"https:\/\/giroinmongolfiera.com\/wp-content\/uploads\/varie-con-persone-1.jpg\",\"datePublished\":\"2025-04-28T09:09:05+00:00\",\"dateModified\":\"2026-03-06T09:26:05+00:00\",\"description\":\"Gioca a guardie e ladri con le mongolfiere, salici a bordo e vola risparmiando! Decollo da Mondov\u00ec la prima domenica di ogni mese da Luglio a Marzo.\",\"breadcrumb\":{\"@id\":\"https:\/\/giroinmongolfiera.com\/catalogo\/voli\/voli-di-gruppo\/volo-avventura-da-mondovi\/#breadcrumb\"},\"inLanguage\":\"de\",\"potentialAction\":[{\"@type\":\"ReadAction\",\"target\":[\"https:\/\/giroinmongolfiera.com\/catalogo\/voli\/voli-di-gruppo\/volo-avventura-da-mondovi\/\"]}]},{\"@type\":\"ImageObject\",\"inLanguage\":\"de\",\"@id\":\"https:\/\/giroinmongolfiera.com\/catalogo\/voli\/voli-di-gruppo\/volo-avventura-da-mondovi\/#primaryimage\",\"url\":\"https:\/\/giroinmongolfiera.com\/wp-content\/uploads\/varie-con-persone-1.jpg\",\"contentUrl\":\"https:\/\/giroinmongolfiera.com\/wp-content\/uploads\/varie-con-persone-1.jpg\",\"width\":2000,\"height\":1500},{\"@type\":\"BreadcrumbList\",\"@id\":\"https:\/\/giroinmongolfiera.com\/catalogo\/voli\/voli-di-gruppo\/volo-avventura-da-mondovi\/#breadcrumb\",\"itemListElement\":[{\"@type\":\"ListItem\",\"position\":1,\"name\":\"Home\",\"item\":\"https:\/\/giroinmongolfiera.com\/\"},{\"@type\":\"ListItem\",\"position\":2,\"name\":\"Products\",\"item\":\"https:\/\/giroinmongolfiera.com\/shop\/\"},{\"@type\":\"ListItem\",\"position\":3,\"name\":\"VOLI\",\"item\":\"https:\/\/giroinmongolfiera.com\/categoria\/voli\/\"},{\"@type\":\"ListItem\",\"position\":4,\"name\":\"Voli di gruppo\",\"item\":\"https:\/\/giroinmongolfiera.com\/categoria\/voli\/voli-di-gruppo\/\"},{\"@type\":\"ListItem\",\"position\":5,\"name\":\"VOLO ESPERIENZA\"}]},{\"@type\":\"WebSite\",\"@id\":\"https:\/\/giroinmongolfiera.com\/#website\",\"url\":\"https:\/\/giroinmongolfiera.com\/\",\"name\":\"Giro in mongolfiera\",\"description\":\"Vola in mongolfiera, vivi un&#039;esperienza unica\",\"publisher\":{\"@id\":\"https:\/\/giroinmongolfiera.com\/#organization\"},\"potentialAction\":[{\"@type\":\"SearchAction\",\"target\":{\"@type\":\"EntryPoint\",\"urlTemplate\":\"https:\/\/giroinmongolfiera.com\/?s={search_term_string}\"},\"query-input\":{\"@type\":\"PropertyValueSpecification\",\"valueRequired\":true,\"valueName\":\"search_term_string\"}}],\"inLanguage\":\"de\"},{\"@type\":\"Organization\",\"@id\":\"https:\/\/giroinmongolfiera.com\/#organization\",\"name\":\"Giroinmongolfiera SRL\",\"url\":\"https:\/\/giroinmongolfiera.com\/\",\"logo\":{\"@type\":\"ImageObject\",\"inLanguage\":\"de\",\"@id\":\"https:\/\/giroinmongolfiera.com\/#\/schema\/logo\/image\/\",\"url\":\"https:\/\/giroinmongolfiera.com\/wp-content\/uploads\/Giro_in_Mongolfiera-LOGO.png\",\"contentUrl\":\"https:\/\/giroinmongolfiera.com\/wp-content\/uploads\/Giro_in_Mongolfiera-LOGO.png\",\"width\":385,\"height\":126,\"caption\":\"Giroinmongolfiera SRL\"},\"image\":{\"@id\":\"https:\/\/giroinmongolfiera.com\/#\/schema\/logo\/image\/\"}}]}<\/script>\n<!-- \/ Yoast SEO plugin. -->","yoast_head_json":{"title":"Giro in Mongolfiera breve su Mondov\u00ec - volo di gruppo","description":"Gioca a guardie e ladri con le mongolfiere, salici a bordo e vola risparmiando! Decollo da Mondov\u00ec la prima domenica di ogni mese da Luglio a Marzo.","robots":{"index":"index","follow":"follow","max-snippet":"max-snippet:-1","max-image-preview":"max-image-preview:large","max-video-preview":"max-video-preview:-1"},"canonical":"https:\/\/giroinmongolfiera.com\/de\/catalogo\/voli\/voli-di-gruppo\/volo-avventura-da-mondovi\/","og_locale":"de_DE","og_type":"article","og_title":"Giro in Mongolfiera breve su Mondov\u00ec - volo di gruppo","og_description":"Gioca a guardie e ladri con le mongolfiere, salici a bordo e vola risparmiando! Decollo da Mondov\u00ec la prima domenica di ogni mese da Luglio a Marzo.","og_url":"https:\/\/giroinmongolfiera.com\/de\/catalogo\/voli\/voli-di-gruppo\/volo-avventura-da-mondovi\/","og_site_name":"Giro in mongolfiera","article_modified_time":"2026-03-06T09:26:05+00:00","og_image":[{"width":2000,"height":1500,"url":"https:\/\/giroinmongolfiera.com\/wp-content\/uploads\/varie-con-persone-1.jpg","type":"image\/jpeg"}],"twitter_card":"summary_large_image","twitter_misc":{"Gesch\u00e4tzte Lesezeit":"1\u00a0Minute"},"schema":{"@context":"https:\/\/schema.org","@graph":[{"@type":"WebPage","@id":"https:\/\/giroinmongolfiera.com\/catalogo\/voli\/voli-di-gruppo\/volo-avventura-da-mondovi\/","url":"https:\/\/giroinmongolfiera.com\/catalogo\/voli\/voli-di-gruppo\/volo-avventura-da-mondovi\/","name":"Giro in Mongolfiera breve su Mondov\u00ec - volo di gruppo","isPartOf":{"@id":"https:\/\/giroinmongolfiera.com\/#website"},"primaryImageOfPage":{"@id":"https:\/\/giroinmongolfiera.com\/catalogo\/voli\/voli-di-gruppo\/volo-avventura-da-mondovi\/#primaryimage"},"image":{"@id":"https:\/\/giroinmongolfiera.com\/catalogo\/voli\/voli-di-gruppo\/volo-avventura-da-mondovi\/#primaryimage"},"thumbnailUrl":"https:\/\/giroinmongolfiera.com\/wp-content\/uploads\/varie-con-persone-1.jpg","datePublished":"2025-04-28T09:09:05+00:00","dateModified":"2026-03-06T09:26:05+00:00","description":"Gioca a guardie e ladri con le mongolfiere, salici a bordo e vola risparmiando! Decollo da Mondov\u00ec la prima domenica di ogni mese da Luglio a Marzo.","breadcrumb":{"@id":"https:\/\/giroinmongolfiera.com\/catalogo\/voli\/voli-di-gruppo\/volo-avventura-da-mondovi\/#breadcrumb"},"inLanguage":"de","potentialAction":[{"@type":"ReadAction","target":["https:\/\/giroinmongolfiera.com\/catalogo\/voli\/voli-di-gruppo\/volo-avventura-da-mondovi\/"]}]},{"@type":"ImageObject","inLanguage":"de","@id":"https:\/\/giroinmongolfiera.com\/catalogo\/voli\/voli-di-gruppo\/volo-avventura-da-mondovi\/#primaryimage","url":"https:\/\/giroinmongolfiera.com\/wp-content\/uploads\/varie-con-persone-1.jpg","contentUrl":"https:\/\/giroinmongolfiera.com\/wp-content\/uploads\/varie-con-persone-1.jpg","width":2000,"height":1500},{"@type":"BreadcrumbList","@id":"https:\/\/giroinmongolfiera.com\/catalogo\/voli\/voli-di-gruppo\/volo-avventura-da-mondovi\/#breadcrumb","itemListElement":[{"@type":"ListItem","position":1,"name":"Home","item":"https:\/\/giroinmongolfiera.com\/"},{"@type":"ListItem","position":2,"name":"Products","item":"https:\/\/giroinmongolfiera.com\/shop\/"},{"@type":"ListItem","position":3,"name":"VOLI","item":"https:\/\/giroinmongolfiera.com\/categoria\/voli\/"},{"@type":"ListItem","position":4,"name":"Voli di gruppo","item":"https:\/\/giroinmongolfiera.com\/categoria\/voli\/voli-di-gruppo\/"},{"@type":"ListItem","position":5,"name":"VOLO ESPERIENZA"}]},{"@type":"WebSite","@id":"https:\/\/giroinmongolfiera.com\/#website","url":"https:\/\/giroinmongolfiera.com\/","name":"Giro in mongolfiera","description":"Vola in mongolfiera, vivi un&#039;esperienza unica","publisher":{"@id":"https:\/\/giroinmongolfiera.com\/#organization"},"potentialAction":[{"@type":"SearchAction","target":{"@type":"EntryPoint","urlTemplate":"https:\/\/giroinmongolfiera.com\/?s={search_term_string}"},"query-input":{"@type":"PropertyValueSpecification","valueRequired":true,"valueName":"search_term_string"}}],"inLanguage":"de"},{"@type":"Organization","@id":"https:\/\/giroinmongolfiera.com\/#organization","name":"Giroinmongolfiera SRL","url":"https:\/\/giroinmongolfiera.com\/","logo":{"@type":"ImageObject","inLanguage":"de","@id":"https:\/\/giroinmongolfiera.com\/#\/schema\/logo\/image\/","url":"https:\/\/giroinmongolfiera.com\/wp-content\/uploads\/Giro_in_Mongolfiera-LOGO.png","contentUrl":"https:\/\/giroinmongolfiera.com\/wp-content\/uploads\/Giro_in_Mongolfiera-LOGO.png","width":385,"height":126,"caption":"Giroinmongolfiera SRL"},"image":{"@id":"https:\/\/giroinmongolfiera.com\/#\/schema\/logo\/image\/"}}]}},"_links":{"self":[{"href":"https:\/\/giroinmongolfiera.com\/de\/wp-json\/wp\/v2\/product\/29580","targetHints":{"allow":["GET"]}}],"collection":[{"href":"https:\/\/giroinmongolfiera.com\/de\/wp-json\/wp\/v2\/product"}],"about":[{"href":"https:\/\/giroinmongolfiera.com\/de\/wp-json\/wp\/v2\/types\/product"}],"wp:featuredmedia":[{"embeddable":true,"href":"https:\/\/giroinmongolfiera.com\/de\/wp-json\/wp\/v2\/media\/5835"}],"wp:attachment":[{"href":"https:\/\/giroinmongolfiera.com\/de\/wp-json\/wp\/v2\/media?parent=29580"}],"wp:term":[{"taxonomy":"product_brand","embeddable":true,"href":"https:\/\/giroinmongolfiera.com\/de\/wp-json\/wp\/v2\/product_brand?post=29580"},{"taxonomy":"product_cat","embeddable":true,"href":"https:\/\/giroinmongolfiera.com\/de\/wp-json\/wp\/v2\/product_cat?post=29580"},{"taxonomy":"product_tag","embeddable":true,"href":"https:\/\/giroinmongolfiera.com\/de\/wp-json\/wp\/v2\/product_tag?post=29580"},{"taxonomy":"partenza_voli","embeddable":true,"href":"https:\/\/giroinmongolfiera.com\/de\/wp-json\/wp\/v2\/partenza_voli?post=29580"},{"taxonomy":"zona","embeddable":true,"href":"https:\/\/giroinmongolfiera.com\/de\/wp-json\/wp\/v2\/zona?post=29580"}],"curies":[{"name":"wp","href":"https:\/\/api.w.org\/{rel}","templated":true}]}}