{"id":18880,"date":"2024-02-01T12:22:45","date_gmt":"2024-02-01T10:22:45","guid":{"rendered":"https:\/\/giroinmongolfiera8962.live-website.com\/?post_type=product&#038;p=18880"},"modified":"2026-03-20T15:36:33","modified_gmt":"2026-03-20T13:36:33","slug":"in-compagnia-profumo-di-langa","status":"publish","type":"product","link":"https:\/\/giroinmongolfiera.com\/eng\/catalogo\/voli\/voli-di-gruppo\/in-compagnia-profumo-di-langa\/","title":{"rendered":"Group Hot Air Balloon Ride Over Barolo and the Langhe"},"content":{"rendered":"<section class=\"l-section wpb_row us_custom_6430fa7d height_auto\"><div class=\"l-section-h i-cf\"><div class=\"g-cols vc_row via_flex valign_top type_default stacking_default\"><div class=\"vc_col-sm-2 wpb_column vc_column_container\"><div class=\"vc_column-inner\"><div class=\"wpb_wrapper\"><\/div><\/div><\/div><div class=\"vc_col-sm-8 wpb_column vc_column_container\"><div class=\"vc_column-inner\"><div class=\"wpb_wrapper\"><div class=\"w-separator size_small with_line width_default thick_1 style_solid color_border align_left with_text with_content\"><div class=\"w-separator-h\"><h5 class=\"w-separator-text\"><i class=\"fal fa-fast-forward\"><\/i><span>Quick overview<\/span><\/h5><\/div><\/div><div class=\"g-cols wpb_row via_flex valign_top type_default stacking_default\" style=\"--additional-gap:1rem;\"><div class=\"vc_col-sm-6 wpb_column vc_column_container\"><div class=\"vc_column-inner\"><div class=\"wpb_wrapper\"><div class=\"w-iconbox iconpos_left style_default color_contrast align_left no_title\"><div class=\"w-iconbox-icon\" style=\"font-size:1.5rem;\"><i class=\"fal fa-map-marker-smile\"><\/i><\/div><div class=\"w-iconbox-meta\"><div class=\"w-iconbox-text\"><p><strong>Location<br \/>\n<\/strong>Barolo (CN), Langhe \u2013 Piedmont<\/p>\n<\/div><\/div><\/div><\/div><\/div><\/div><div class=\"vc_col-sm-6 wpb_column vc_column_container\"><div class=\"vc_column-inner\"><div class=\"wpb_wrapper\"><div class=\"w-iconbox iconpos_left style_default color_contrast align_left no_title\"><div class=\"w-iconbox-icon\" style=\"font-size:1.5rem;\"><i class=\"fal fa-calendar-alt\"><\/i><\/div><div class=\"w-iconbox-meta\"><div class=\"w-iconbox-text\"><p><strong>Availability<br \/>\n<\/strong>All year round<\/p>\n<\/div><\/div><\/div><\/div><\/div><\/div><\/div><div class=\"w-separator size_custom\" style=\"height:1.5rem\"><\/div><div class=\"g-cols wpb_row via_flex valign_top type_default stacking_default\" style=\"--additional-gap:1rem;\"><div class=\"vc_col-sm-6 wpb_column vc_column_container\"><div class=\"vc_column-inner\"><div class=\"wpb_wrapper\"><div class=\"w-iconbox iconpos_left style_default color_contrast align_left no_title\"><div class=\"w-iconbox-icon\" style=\"font-size:1.5rem;\"><i class=\"fal fa-users\"><\/i><\/div><div class=\"w-iconbox-meta\"><div class=\"w-iconbox-text\"><p><strong>Participants<\/strong><br \/>\nup to 12 people (shared flight)<\/p>\n<\/div><\/div><\/div><\/div><\/div><\/div><div class=\"vc_col-sm-6 wpb_column vc_column_container\"><div class=\"vc_column-inner\"><div class=\"wpb_wrapper\"><div class=\"w-iconbox iconpos_left style_default color_contrast align_left no_title\"><div class=\"w-iconbox-icon\" style=\"font-size:1.5rem;\"><i class=\"fal fa-clock\"><\/i><\/div><div class=\"w-iconbox-meta\"><div class=\"w-iconbox-text\"><p><strong>Hours<\/strong><br \/>\nSunrise or sunset (September to May)<\/p>\n<\/div><\/div><\/div><\/div><\/div><\/div><\/div><div class=\"w-separator size_custom\" style=\"height:1.5rem\"><\/div><div class=\"g-cols wpb_row via_flex valign_top type_default stacking_default\" style=\"--additional-gap:2rem;\"><div class=\"vc_col-sm-12 wpb_column vc_column_container\"><div class=\"vc_column-inner\"><div class=\"wpb_wrapper\"><div class=\"w-iconbox iconpos_left style_default color_contrast align_left no_title\"><div class=\"w-iconbox-icon\" style=\"font-size:1.5rem;\"><i class=\"fal fa-hourglass\"><\/i><\/div><div class=\"w-iconbox-meta\"><div class=\"w-iconbox-text\"><p><strong>Total duration of experience<\/strong><br \/>\napproximately 3 hours (includes preparation, flight and return)<\/p>\n<\/div><\/div><\/div><\/div><\/div><\/div><\/div><div class=\"w-separator size_custom\" style=\"height:2rem\"><\/div><div class=\"w-separator size_small\"><\/div><div class=\"w-separator size_small with_line width_default thick_1 style_solid color_border align_left with_text with_content\"><div class=\"w-separator-h\"><h5 class=\"w-separator-text\"><i class=\"fal fa-telescope\"><\/i><span>what to see from above<\/span><\/h5><\/div><\/div><div class=\"wpb_text_column\"><div class=\"wpb_wrapper\"><ul>\n<li style=\"font-weight: 400;\" aria-level=\"1\"><span style=\"font-weight: 400;\">Barolo <strong>castle<\/strong> and its vineyards<\/span><\/li>\n<li style=\"font-weight: 400;\" aria-level=\"1\"><span style=\"font-weight: 400;\">The villages and castles of <strong>Serralunga,<\/strong>, <strong>Monforte<\/strong>,<strong> Grinzane Cavour<\/strong><\/span><\/li>\n<li style=\"font-weight: 400;\" aria-level=\"1\"><span style=\"font-weight: 400;\">The harmonious hills of the <strong>Langhe<\/strong>, vineyards and gentle slopes<\/span><\/li>\n<li style=\"font-weight: 400;\" aria-level=\"1\"><span style=\"font-weight: 400;\">A <strong>unique landscape in the world<\/strong>, celebrated for its beauty and flavours<\/span><span style=\"font-weight: 400;\"><\/span><\/li>\n<\/ul>\n<\/div><\/div><div class=\"w-separator size_small\"><\/div><div class=\"w-separator size_small with_line width_default thick_1 style_solid color_border align_left with_text with_content\"><div class=\"w-separator-h\"><h5 class=\"w-separator-text\"><i class=\"fas fa-vial\"><\/i><span>the experience includes<\/span><\/h5><\/div><\/div><div class=\"wpb_text_column\"><div class=\"wpb_wrapper\"><ol>\n<li><strong>Pre-flight briefing<\/strong> with the pilot<\/li>\n<li>At least an hour of <strong>panoramic flight among the vineyards<\/strong> \u2713<\/li>\n<li>Toasts\/<strong>aperitif with local products<\/strong> (cold cuts, cheeses, wines, juices\u2026) \u2713<\/li>\n<li><strong>Return<\/strong> transport \u2713<\/li>\n<li><strong>Insurance<\/strong> full passengers \u2713<\/li>\n<li><strong>Free parking<\/strong> at the meeting point  \u2713<\/li>\n<\/ol>\n<\/div><\/div><div class=\"w-separator size_small\"><\/div><\/div><\/div><\/div><div class=\"vc_col-sm-2 wpb_column vc_column_container\"><div class=\"vc_column-inner\"><div class=\"wpb_wrapper\"><\/div><\/div><\/div><\/div><\/div><\/section><section class=\"l-section wpb_row us_custom_8d032b96 height_auto width_full color_primary\"><div class=\"l-section-h i-cf\"><div class=\"g-cols vc_row via_flex valign_top type_default stacking_default\"><div class=\"vc_col-sm-12 wpb_column vc_column_container\"><div class=\"vc_column-inner\"><div class=\"wpb_wrapper\"><div class=\"w-separator size_small with_line width_default thick_1 style_solid color_text align_left with_text with_content\"><div class=\"w-separator-h\"><h5 class=\"w-separator-text\"><i class=\"fas fa-vial\"><\/i><span>why choose us?<\/span><\/h5><\/div><\/div><div class=\"g-cols wpb_row via_flex valign_top type_boxes stacking_default\"><div class=\"vc_col-sm-6 wpb_column vc_column_container\"><div class=\"vc_column-inner\"><div class=\"wpb_wrapper\"><div class=\"w-iconbox iconpos_top style_default color_contrast align_center no_title\"><div class=\"w-iconbox-icon\" style=\"font-size:2rem;\"><i class=\"fal fa-user-shield\"><\/i><\/div><div class=\"w-iconbox-meta\"><div class=\"w-iconbox-text\"><p>ENAC <strong>Pilots<\/strong> experts and certified<\/p>\n<\/div><\/div><\/div><\/div><\/div><\/div><div class=\"vc_col-sm-6 wpb_column vc_column_container\"><div class=\"vc_column-inner\"><div class=\"wpb_wrapper\"><div class=\"w-iconbox iconpos_top style_default color_contrast align_center no_title\"><div class=\"w-iconbox-icon\" style=\"font-size:2rem;\"><i class=\"fal fa-cloud-hail-mixed\"><\/i><\/div><div class=\"w-iconbox-meta\"><div class=\"w-iconbox-text\"><p>Weather guarantee: in case of bad weather, we will reschedule <strong>without costs<\/strong><\/p>\n<\/div><\/div><\/div><\/div><\/div><\/div><\/div><div class=\"g-cols wpb_row via_flex valign_top type_boxes stacking_default\"><div class=\"vc_col-sm-6 wpb_column vc_column_container\"><div class=\"vc_column-inner\"><div class=\"wpb_wrapper\"><div class=\"w-iconbox iconpos_top style_default color_contrast align_center no_title\"><div class=\"w-iconbox-icon\" style=\"font-size:2rem;\"><i class=\"fal fa-glass-cheers\"><\/i><\/div><div class=\"w-iconbox-meta\"><div class=\"w-iconbox-text\"><p>We toast together<strong> with local products<\/strong><\/p>\n<\/div><\/div><\/div><\/div><\/div><\/div><div class=\"vc_col-sm-6 wpb_column vc_column_container\"><div class=\"vc_column-inner\"><div class=\"wpb_wrapper\"><div class=\"w-iconbox iconpos_top style_default color_contrast align_center no_title\"><div class=\"w-iconbox-icon\" style=\"font-size:2rem;\"><i class=\"fal fa-tree-alt\"><\/i><\/div><div class=\"w-iconbox-meta\"><div class=\"w-iconbox-text\"><p>Zero impact: for every flight <strong>we plant a tree<\/strong><\/p>\n<\/div><\/div><\/div><\/div><\/div><\/div><\/div><\/div><\/div><\/div><\/div><\/div><\/section><section class=\"l-section wpb_row us_custom_8417cf24 height_auto\"><div class=\"l-section-overlay\" style=\"background:rgba(255,255,255,0.55)\"><\/div><div class=\"l-section-h i-cf\"><div class=\"g-cols vc_row via_flex valign_top type_default stacking_default\"><div class=\"vc_col-sm-2 wpb_column vc_column_container\"><div class=\"vc_column-inner\"><div class=\"wpb_wrapper\"><\/div><\/div><\/div><div class=\"vc_col-sm-8 wpb_column vc_column_container\"><div class=\"vc_column-inner\"><div class=\"wpb_wrapper\"><div class=\"w-separator us_custom_2ba75eac size_medium has_font_size with_line width_default thick_1 style_solid color_text align_left with_text with_content\"><div class=\"w-separator-h\"><div class=\"w-separator-text\"><span>ALL THE BEAUTY THAT AWAITS YOU<\/span><\/div><\/div><\/div><div class=\"wpb_text_column with_collapsible_content\" data-content-height=\"300px\"><div class=\"wpb_wrapper\"><h4><b>Hot Air Balloon Flight from Barolo: an Adventure between Sky, Vineyards and Castles<\/b><\/h4>\n<p><span style=\"font-weight: 400;\">Imagine taking off among the most famous vineyards in the world, leaving your routine behind and rising towards the sky, suspended above a landscape that seems drawn. Flying in a hot air balloon above the <\/span><b>Langa of Barolo<\/b><span style=\"font-weight: 400;\">, in the heart of the <\/span><b>UNESCO heritage hills<\/b><span style=\"font-weight: 400;\">, is a perfect mix of wonder and relaxation.<\/span><\/p>\n<p><span style=\"font-weight: 400;\">We start from a panoramic point in the heart of the production area of <\/span><b>castle<\/b><span style=\"font-weight: 400;\">, where everything smells of wine and beauty. We take off <\/span><b>at dawn<\/b><span style=\"font-weight: 400;\"> \u2013 always magical \u2013 or <\/span><b>in the afternoon <\/b><span style=\"font-weight: 400;\">(from September to May)<\/span><b>,<\/b><span style=\"font-weight: 400;\"> when the sun goes down and dyes the rows gold and orange. The beauty? <\/span><b>There is no fixed map, the route is decided by the wind<\/b><span style=\"font-weight: 400;\">: you relax and he guides you. Each flight is a limited edition.<\/span><!--more--><\/p>\n<p><span style=\"font-weight: 400;\">During the <\/span><b>approximately 60 minutes in flight<\/b><span style=\"font-weight: 400;\">, you will be able to admire the view from above <\/span><b>Barolo castle<\/b><span style=\"font-weight: 400;\">, the roofs of <\/span><b>Monforte<\/b><span style=\"font-weight: 400;\">, <\/span><b>Serralunga,<\/b><span style=\"font-weight: 400;\">, <\/span><b>Grinzane Cavour<\/b><span style=\"font-weight: 400;\"> and the soft and colorful hills that make these lands so special. All accompanied only by silence and the sweet breath of the burner.\u00a0<\/span><\/p>\n<p><span style=\"font-weight: 400;\">And you know what's great? <\/span><b>Flying in a hot air balloon is a kind choice towards Earth.<\/b><span style=\"font-weight: 400;\"> The impact on the environment is minimal and that slight trace of <\/span><b>CO\u2082 that we leave in the sky\u2026 we return by planting a tree for every flight.<\/b><span style=\"font-weight: 400;\"> A small but precious gesture. Because up there, where everything appears perfect and silent, the desire to preserve so much beauty arises spontaneously.<\/span><\/p>\n<p><span style=\"font-weight: 400;\">And it doesn't end there: once you've got your feet back on the ground, <\/span><b>a toast with typical products of the Langhe<\/b><span style=\"font-weight: 400;\">! Cured meats, cheeses, local wines\u2026 a small banquet among friends, to celebrate a day to remember.<\/span><\/p>\n<p><span style=\"font-weight: 400;\">The experience is suitable <\/span><b>to everyone aged 7 and up<\/b><span style=\"font-weight: 400;\"> (minimum height 130 cm). For technical reasons related to the capacity of the balloon, it is expected <\/span><b>a small surcharge<\/b><span style=\"font-weight: 400;\"> for passengers<\/span><b> over 100kg<\/b><span style=\"font-weight: 400;\">. No flying during pregnancy or after a very lively evening: safety first.<\/span><span style=\"font-weight: 400;\"><br \/>\n<\/span><span style=\"font-weight: 400;\"><br \/>\n<\/span><b>And what if the weather is bad? No problem.<\/b><span style=\"font-weight: 400;\"> The flight will come <\/span><b>postponed at no additional cost<\/b><span style=\"font-weight: 400;\">: yes to flying, but only in complete safety and in the right sky.<\/span><\/p>\n<p><span style=\"font-weight: 400;\">The flight is <\/span><b>confirmed with a minimum of 5 participants<\/b><span style=\"font-weight: 400;\">, and the day before you will receive all the information, including the meeting point with <\/span><b>free parking<\/b><span style=\"font-weight: 400;\">There will be on board <\/span><b>experienced and ENAC certified pilots<\/b><span style=\"font-weight: 400;\">, ready to make you live an unforgettable experience.<\/span><\/p>\n<p><span style=\"font-weight: 400;\">What to bring? <\/span><b>Comfortable clothes<\/b><span style=\"font-weight: 400;\">, <\/span><b>sneakers or trekking shoes<\/b><span style=\"font-weight: 400;\">, a <\/span><b>hat<\/b><span style=\"font-weight: 400;\">, the <\/span><b>camera<\/b><span style=\"font-weight: 400;\"> and all the happiness you have.<\/span><\/p>\n<p><b>Flying over the Langhe is pure magic.<\/b><span style=\"font-weight: 400;\"> A gift to give (and to be given) to see Piedmont with new eyes.<\/span><\/p>\n<\/div><div class=\"toggle-links align_none\"><button class=\"collapsible-content-more\">Show More<\/button><button class=\"collapsible-content-less\">Show Less<\/button><\/div><\/div><div class=\"w-separator size_small\"><\/div><\/div><\/div><\/div><div class=\"vc_col-sm-2 wpb_column vc_column_container\"><div class=\"vc_column-inner\"><div class=\"wpb_wrapper\"><\/div><\/div><\/div><\/div><\/div><\/section>","protected":false},"excerpt":{"rendered":"<p>Fly in group over the vineyards of Barolo, live a unique experience in full relax!<\/p>","protected":false},"featured_media":19698,"template":"","meta":{"_acf_changed":false},"product_brand":[],"product_cat":[140,23],"product_tag":[],"partenza_voli":[70],"zona":[],"class_list":{"0":"post-18880","1":"product","2":"type-product","3":"status-publish","4":"has-post-thumbnail","6":"product_cat-voli","7":"product_cat-voli-di-gruppo","8":"partenza_voli-barolo","10":"first","11":"instock","12":"featured","13":"shipping-taxable","14":"purchasable","15":"product-type-variable","16":"has-default-attributes"},"acf":[],"yoast_head":"<!-- This site is optimized with the Yoast SEO plugin v27.1.1 - https:\/\/yoast.com\/product\/yoast-seo-wordpress\/ -->\n<title>Giro in Mongolfiera su Barolo e le Langhe - Volo di gruppo<\/title>\n<meta name=\"description\" content=\"Un Giro in Mongolfiera in compagnia, la nostra opzione pi\u00f9 conveniente. Per gruppi gi\u00e0 formati oppure possibilit\u00e0 di unirsi a gruppi last minute. Chiamaci!\" \/>\n<meta name=\"robots\" content=\"index, follow, max-snippet:-1, max-image-preview:large, max-video-preview:-1\" \/>\n<link rel=\"canonical\" href=\"https:\/\/giroinmongolfiera.com\/eng\/catalogo\/voli\/voli-di-gruppo\/in-compagnia-profumo-di-langa\/\" \/>\n<meta property=\"og:locale\" content=\"en_US\" \/>\n<meta property=\"og:type\" content=\"article\" \/>\n<meta property=\"og:title\" content=\"Giro in Mongolfiera su Barolo e le Langhe - Volo di gruppo\" \/>\n<meta property=\"og:description\" content=\"Un Giro in Mongolfiera in compagnia, la nostra opzione pi\u00f9 conveniente. Per gruppi gi\u00e0 formati oppure possibilit\u00e0 di unirsi a gruppi last minute. Chiamaci!\" \/>\n<meta property=\"og:url\" content=\"https:\/\/giroinmongolfiera.com\/eng\/catalogo\/voli\/voli-di-gruppo\/in-compagnia-profumo-di-langa\/\" \/>\n<meta property=\"og:site_name\" content=\"Giro in mongolfiera\" \/>\n<meta property=\"article:modified_time\" content=\"2026-03-20T13:36:33+00:00\" \/>\n<meta property=\"og:image\" content=\"https:\/\/giroinmongolfiera.com\/wp-content\/uploads\/Barolo-4-2.jpg\" \/>\n\t<meta property=\"og:image:width\" content=\"2048\" \/>\n\t<meta property=\"og:image:height\" content=\"1536\" \/>\n\t<meta property=\"og:image:type\" content=\"image\/jpeg\" \/>\n<meta name=\"twitter:card\" content=\"summary_large_image\" \/>\n<meta name=\"twitter:label1\" content=\"Est. reading time\" \/>\n\t<meta name=\"twitter:data1\" content=\"1 minute\" \/>\n<script type=\"application\/ld+json\" class=\"yoast-schema-graph\">{\"@context\":\"https:\/\/schema.org\",\"@graph\":[{\"@type\":\"WebPage\",\"@id\":\"https:\/\/giroinmongolfiera.com\/catalogo\/voli\/voli-di-gruppo\/in-compagnia-profumo-di-langa\/\",\"url\":\"https:\/\/giroinmongolfiera.com\/catalogo\/voli\/voli-di-gruppo\/in-compagnia-profumo-di-langa\/\",\"name\":\"Giro in Mongolfiera su Barolo e le Langhe - Volo di gruppo\",\"isPartOf\":{\"@id\":\"https:\/\/giroinmongolfiera.com\/#website\"},\"primaryImageOfPage\":{\"@id\":\"https:\/\/giroinmongolfiera.com\/catalogo\/voli\/voli-di-gruppo\/in-compagnia-profumo-di-langa\/#primaryimage\"},\"image\":{\"@id\":\"https:\/\/giroinmongolfiera.com\/catalogo\/voli\/voli-di-gruppo\/in-compagnia-profumo-di-langa\/#primaryimage\"},\"thumbnailUrl\":\"https:\/\/giroinmongolfiera.com\/wp-content\/uploads\/Barolo-4-2.jpg\",\"datePublished\":\"2024-02-01T10:22:45+00:00\",\"dateModified\":\"2026-03-20T13:36:33+00:00\",\"description\":\"Un Giro in Mongolfiera in compagnia, la nostra opzione pi\u00f9 conveniente. Per gruppi gi\u00e0 formati oppure possibilit\u00e0 di unirsi a gruppi last minute. Chiamaci!\",\"breadcrumb\":{\"@id\":\"https:\/\/giroinmongolfiera.com\/catalogo\/voli\/voli-di-gruppo\/in-compagnia-profumo-di-langa\/#breadcrumb\"},\"inLanguage\":\"en-US\",\"potentialAction\":[{\"@type\":\"ReadAction\",\"target\":[\"https:\/\/giroinmongolfiera.com\/catalogo\/voli\/voli-di-gruppo\/in-compagnia-profumo-di-langa\/\"]}]},{\"@type\":\"ImageObject\",\"inLanguage\":\"en-US\",\"@id\":\"https:\/\/giroinmongolfiera.com\/catalogo\/voli\/voli-di-gruppo\/in-compagnia-profumo-di-langa\/#primaryimage\",\"url\":\"https:\/\/giroinmongolfiera.com\/wp-content\/uploads\/Barolo-4-2.jpg\",\"contentUrl\":\"https:\/\/giroinmongolfiera.com\/wp-content\/uploads\/Barolo-4-2.jpg\",\"width\":2048,\"height\":1536},{\"@type\":\"BreadcrumbList\",\"@id\":\"https:\/\/giroinmongolfiera.com\/catalogo\/voli\/voli-di-gruppo\/in-compagnia-profumo-di-langa\/#breadcrumb\",\"itemListElement\":[{\"@type\":\"ListItem\",\"position\":1,\"name\":\"Home\",\"item\":\"https:\/\/giroinmongolfiera.com\/\"},{\"@type\":\"ListItem\",\"position\":2,\"name\":\"Products\",\"item\":\"https:\/\/giroinmongolfiera.com\/shop\/\"},{\"@type\":\"ListItem\",\"position\":3,\"name\":\"VOLI\",\"item\":\"https:\/\/giroinmongolfiera.com\/categoria\/voli\/\"},{\"@type\":\"ListItem\",\"position\":4,\"name\":\"Voli di gruppo\",\"item\":\"https:\/\/giroinmongolfiera.com\/categoria\/voli\/voli-di-gruppo\/\"},{\"@type\":\"ListItem\",\"position\":5,\"name\":\"Giro in mongolfiera di gruppo su Barolo e le Langhe\"}]},{\"@type\":\"WebSite\",\"@id\":\"https:\/\/giroinmongolfiera.com\/#website\",\"url\":\"https:\/\/giroinmongolfiera.com\/\",\"name\":\"Giro in mongolfiera\",\"description\":\"Vola in mongolfiera, vivi un&#039;esperienza unica\",\"publisher\":{\"@id\":\"https:\/\/giroinmongolfiera.com\/#organization\"},\"potentialAction\":[{\"@type\":\"SearchAction\",\"target\":{\"@type\":\"EntryPoint\",\"urlTemplate\":\"https:\/\/giroinmongolfiera.com\/?s={search_term_string}\"},\"query-input\":{\"@type\":\"PropertyValueSpecification\",\"valueRequired\":true,\"valueName\":\"search_term_string\"}}],\"inLanguage\":\"en-US\"},{\"@type\":\"Organization\",\"@id\":\"https:\/\/giroinmongolfiera.com\/#organization\",\"name\":\"Giroinmongolfiera SRL\",\"url\":\"https:\/\/giroinmongolfiera.com\/\",\"logo\":{\"@type\":\"ImageObject\",\"inLanguage\":\"en-US\",\"@id\":\"https:\/\/giroinmongolfiera.com\/#\/schema\/logo\/image\/\",\"url\":\"https:\/\/giroinmongolfiera.com\/wp-content\/uploads\/Giro_in_Mongolfiera-LOGO.png\",\"contentUrl\":\"https:\/\/giroinmongolfiera.com\/wp-content\/uploads\/Giro_in_Mongolfiera-LOGO.png\",\"width\":385,\"height\":126,\"caption\":\"Giroinmongolfiera SRL\"},\"image\":{\"@id\":\"https:\/\/giroinmongolfiera.com\/#\/schema\/logo\/image\/\"}}]}<\/script>\n<!-- \/ Yoast SEO plugin. -->","yoast_head_json":{"title":"Giro in Mongolfiera su Barolo e le Langhe - Volo di gruppo","description":"Un Giro in Mongolfiera in compagnia, la nostra opzione pi\u00f9 conveniente. Per gruppi gi\u00e0 formati oppure possibilit\u00e0 di unirsi a gruppi last minute. Chiamaci!","robots":{"index":"index","follow":"follow","max-snippet":"max-snippet:-1","max-image-preview":"max-image-preview:large","max-video-preview":"max-video-preview:-1"},"canonical":"https:\/\/giroinmongolfiera.com\/eng\/catalogo\/voli\/voli-di-gruppo\/in-compagnia-profumo-di-langa\/","og_locale":"en_US","og_type":"article","og_title":"Giro in Mongolfiera su Barolo e le Langhe - Volo di gruppo","og_description":"Un Giro in Mongolfiera in compagnia, la nostra opzione pi\u00f9 conveniente. Per gruppi gi\u00e0 formati oppure possibilit\u00e0 di unirsi a gruppi last minute. Chiamaci!","og_url":"https:\/\/giroinmongolfiera.com\/eng\/catalogo\/voli\/voli-di-gruppo\/in-compagnia-profumo-di-langa\/","og_site_name":"Giro in mongolfiera","article_modified_time":"2026-03-20T13:36:33+00:00","og_image":[{"width":2048,"height":1536,"url":"https:\/\/giroinmongolfiera.com\/wp-content\/uploads\/Barolo-4-2.jpg","type":"image\/jpeg"}],"twitter_card":"summary_large_image","twitter_misc":{"Est. reading time":"1 minute"},"schema":{"@context":"https:\/\/schema.org","@graph":[{"@type":"WebPage","@id":"https:\/\/giroinmongolfiera.com\/catalogo\/voli\/voli-di-gruppo\/in-compagnia-profumo-di-langa\/","url":"https:\/\/giroinmongolfiera.com\/catalogo\/voli\/voli-di-gruppo\/in-compagnia-profumo-di-langa\/","name":"Giro in Mongolfiera su Barolo e le Langhe - Volo di gruppo","isPartOf":{"@id":"https:\/\/giroinmongolfiera.com\/#website"},"primaryImageOfPage":{"@id":"https:\/\/giroinmongolfiera.com\/catalogo\/voli\/voli-di-gruppo\/in-compagnia-profumo-di-langa\/#primaryimage"},"image":{"@id":"https:\/\/giroinmongolfiera.com\/catalogo\/voli\/voli-di-gruppo\/in-compagnia-profumo-di-langa\/#primaryimage"},"thumbnailUrl":"https:\/\/giroinmongolfiera.com\/wp-content\/uploads\/Barolo-4-2.jpg","datePublished":"2024-02-01T10:22:45+00:00","dateModified":"2026-03-20T13:36:33+00:00","description":"Un Giro in Mongolfiera in compagnia, la nostra opzione pi\u00f9 conveniente. Per gruppi gi\u00e0 formati oppure possibilit\u00e0 di unirsi a gruppi last minute. Chiamaci!","breadcrumb":{"@id":"https:\/\/giroinmongolfiera.com\/catalogo\/voli\/voli-di-gruppo\/in-compagnia-profumo-di-langa\/#breadcrumb"},"inLanguage":"en-US","potentialAction":[{"@type":"ReadAction","target":["https:\/\/giroinmongolfiera.com\/catalogo\/voli\/voli-di-gruppo\/in-compagnia-profumo-di-langa\/"]}]},{"@type":"ImageObject","inLanguage":"en-US","@id":"https:\/\/giroinmongolfiera.com\/catalogo\/voli\/voli-di-gruppo\/in-compagnia-profumo-di-langa\/#primaryimage","url":"https:\/\/giroinmongolfiera.com\/wp-content\/uploads\/Barolo-4-2.jpg","contentUrl":"https:\/\/giroinmongolfiera.com\/wp-content\/uploads\/Barolo-4-2.jpg","width":2048,"height":1536},{"@type":"BreadcrumbList","@id":"https:\/\/giroinmongolfiera.com\/catalogo\/voli\/voli-di-gruppo\/in-compagnia-profumo-di-langa\/#breadcrumb","itemListElement":[{"@type":"ListItem","position":1,"name":"Home","item":"https:\/\/giroinmongolfiera.com\/"},{"@type":"ListItem","position":2,"name":"Products","item":"https:\/\/giroinmongolfiera.com\/shop\/"},{"@type":"ListItem","position":3,"name":"VOLI","item":"https:\/\/giroinmongolfiera.com\/categoria\/voli\/"},{"@type":"ListItem","position":4,"name":"Voli di gruppo","item":"https:\/\/giroinmongolfiera.com\/categoria\/voli\/voli-di-gruppo\/"},{"@type":"ListItem","position":5,"name":"Giro in mongolfiera di gruppo su Barolo e le Langhe"}]},{"@type":"WebSite","@id":"https:\/\/giroinmongolfiera.com\/#website","url":"https:\/\/giroinmongolfiera.com\/","name":"Giro in mongolfiera","description":"Vola in mongolfiera, vivi un&#039;esperienza unica","publisher":{"@id":"https:\/\/giroinmongolfiera.com\/#organization"},"potentialAction":[{"@type":"SearchAction","target":{"@type":"EntryPoint","urlTemplate":"https:\/\/giroinmongolfiera.com\/?s={search_term_string}"},"query-input":{"@type":"PropertyValueSpecification","valueRequired":true,"valueName":"search_term_string"}}],"inLanguage":"en-US"},{"@type":"Organization","@id":"https:\/\/giroinmongolfiera.com\/#organization","name":"Giroinmongolfiera SRL","url":"https:\/\/giroinmongolfiera.com\/","logo":{"@type":"ImageObject","inLanguage":"en-US","@id":"https:\/\/giroinmongolfiera.com\/#\/schema\/logo\/image\/","url":"https:\/\/giroinmongolfiera.com\/wp-content\/uploads\/Giro_in_Mongolfiera-LOGO.png","contentUrl":"https:\/\/giroinmongolfiera.com\/wp-content\/uploads\/Giro_in_Mongolfiera-LOGO.png","width":385,"height":126,"caption":"Giroinmongolfiera SRL"},"image":{"@id":"https:\/\/giroinmongolfiera.com\/#\/schema\/logo\/image\/"}}]}},"_links":{"self":[{"href":"https:\/\/giroinmongolfiera.com\/eng\/wp-json\/wp\/v2\/product\/18880","targetHints":{"allow":["GET"]}}],"collection":[{"href":"https:\/\/giroinmongolfiera.com\/eng\/wp-json\/wp\/v2\/product"}],"about":[{"href":"https:\/\/giroinmongolfiera.com\/eng\/wp-json\/wp\/v2\/types\/product"}],"wp:featuredmedia":[{"embeddable":true,"href":"https:\/\/giroinmongolfiera.com\/eng\/wp-json\/wp\/v2\/media\/19698"}],"wp:attachment":[{"href":"https:\/\/giroinmongolfiera.com\/eng\/wp-json\/wp\/v2\/media?parent=18880"}],"wp:term":[{"taxonomy":"product_brand","embeddable":true,"href":"https:\/\/giroinmongolfiera.com\/eng\/wp-json\/wp\/v2\/product_brand?post=18880"},{"taxonomy":"product_cat","embeddable":true,"href":"https:\/\/giroinmongolfiera.com\/eng\/wp-json\/wp\/v2\/product_cat?post=18880"},{"taxonomy":"product_tag","embeddable":true,"href":"https:\/\/giroinmongolfiera.com\/eng\/wp-json\/wp\/v2\/product_tag?post=18880"},{"taxonomy":"partenza_voli","embeddable":true,"href":"https:\/\/giroinmongolfiera.com\/eng\/wp-json\/wp\/v2\/partenza_voli?post=18880"},{"taxonomy":"zona","embeddable":true,"href":"https:\/\/giroinmongolfiera.com\/eng\/wp-json\/wp\/v2\/zona?post=18880"}],"curies":[{"name":"wp","href":"https:\/\/api.w.org\/{rel}","templated":true}]}}