{"id":18473,"date":"2024-01-09T13:37:25","date_gmt":"2024-01-09T11:37:25","guid":{"rendered":"https:\/\/giroinmongolfiera8962.live-website.com\/?post_type=product&#038;p=18473"},"modified":"2025-12-16T11:44:09","modified_gmt":"2025-12-16T09:44:09","slug":"in-compagnia-alpi-e-pascoli","status":"publish","type":"product","link":"https:\/\/giroinmongolfiera.com\/fr\/catalogo\/voli\/voli-di-gruppo\/in-compagnia-alpi-e-pascoli\/","title":{"rendered":"Tour en montgolfi\u00e8re de groupe aux pieds des Alpes"},"content":{"rendered":"<section class=\"l-section wpb_row us_custom_6430fa7d height_auto\"><div class=\"l-section-h i-cf\"><div class=\"g-cols vc_row via_flex valign_top type_default stacking_default\"><div class=\"vc_col-sm-2 wpb_column vc_column_container\"><div class=\"vc_column-inner\"><div class=\"wpb_wrapper\"><\/div><\/div><\/div><div class=\"vc_col-sm-8 wpb_column vc_column_container\"><div class=\"vc_column-inner\"><div class=\"wpb_wrapper\"><div class=\"w-separator size_small with_line width_default thick_1 style_solid color_border align_left with_text with_content\"><div class=\"w-separator-h\"><h5 class=\"w-separator-text\"><i class=\"fal fa-fast-forward\"><\/i><span>aper\u00e7ue rapide<\/span><\/h5><\/div><\/div><div class=\"g-cols wpb_row via_flex valign_top type_default stacking_default\" style=\"--additional-gap:1rem;\"><div class=\"vc_col-sm-6 wpb_column vc_column_container\"><div class=\"vc_column-inner\"><div class=\"wpb_wrapper\"><div class=\"w-iconbox iconpos_left style_default color_contrast align_left no_title\"><div class=\"w-iconbox-icon\" style=\"font-size:1.5rem;\"><i class=\"fal fa-map-marker-smile\"><\/i><\/div><div class=\"w-iconbox-meta\"><div class=\"w-iconbox-text\"><p><strong>Localit\u00e9<br \/>\n<\/strong>Mondov\u00ec (CN) \u2013Pi\u00e9mont<\/p>\n<\/div><\/div><\/div><\/div><\/div><\/div><div class=\"vc_col-sm-6 wpb_column vc_column_container\"><div class=\"vc_column-inner\"><div class=\"wpb_wrapper\"><div class=\"w-iconbox iconpos_left style_default color_contrast align_left no_title\"><div class=\"w-iconbox-icon\" style=\"font-size:1.5rem;\"><i class=\"fal fa-calendar-alt\"><\/i><\/div><div class=\"w-iconbox-meta\"><div class=\"w-iconbox-text\"><p><strong>Disponibilit\u00e9<br \/>\n<\/strong>Toute l'ann\u00e9e<\/p>\n<\/div><\/div><\/div><\/div><\/div><\/div><\/div><div class=\"w-separator size_custom\" style=\"height:1.5rem\"><\/div><div class=\"g-cols wpb_row via_flex valign_top type_default stacking_default\" style=\"--additional-gap:1rem;\"><div class=\"vc_col-sm-6 wpb_column vc_column_container\"><div class=\"vc_column-inner\"><div class=\"wpb_wrapper\"><div class=\"w-iconbox iconpos_left style_default color_contrast align_left no_title\"><div class=\"w-iconbox-icon\" style=\"font-size:1.5rem;\"><i class=\"fal fa-users\"><\/i><\/div><div class=\"w-iconbox-meta\"><div class=\"w-iconbox-text\"><p><strong>Participants<\/strong><br \/>\njusqu'\u00e0 12 personnes (vol partag\u00e9)<\/p>\n<\/div><\/div><\/div><\/div><\/div><\/div><div class=\"vc_col-sm-6 wpb_column vc_column_container\"><div class=\"vc_column-inner\"><div class=\"wpb_wrapper\"><div class=\"w-iconbox iconpos_left style_default color_contrast align_left no_title\"><div class=\"w-iconbox-icon\" style=\"font-size:1.5rem;\"><i class=\"fal fa-clock\"><\/i><\/div><div class=\"w-iconbox-meta\"><div class=\"w-iconbox-text\"><p><strong>Horaires<\/strong><br \/>\nPeu apr\u00e8s l'aube (varie selon la saison)<\/p>\n<\/div><\/div><\/div><\/div><\/div><\/div><\/div><div class=\"w-separator size_custom\" style=\"height:1.5rem\"><\/div><div class=\"g-cols wpb_row via_flex valign_top type_default stacking_default\" style=\"--additional-gap:2rem;\"><div class=\"vc_col-sm-12 wpb_column vc_column_container\"><div class=\"vc_column-inner\"><div class=\"wpb_wrapper\"><div class=\"w-iconbox iconpos_left style_default color_contrast align_left no_title\"><div class=\"w-iconbox-icon\" style=\"font-size:1.5rem;\"><i class=\"fal fa-hourglass\"><\/i><\/div><div class=\"w-iconbox-meta\"><div class=\"w-iconbox-text\"><p><strong>Dur\u00e9e totale de l'exp\u00e9rience<\/strong><br \/>\nenviron 3 heures ( il comprend pr\u00e9paration, vol, rafra\u00eechissement et retour)<\/p>\n<\/div><\/div><\/div><\/div><\/div><\/div><\/div><div class=\"w-separator size_custom\" style=\"height:2rem\"><\/div><div class=\"w-separator size_small\"><\/div><div class=\"w-separator size_small with_line width_default thick_1 style_solid color_border align_left with_text with_content\"><div class=\"w-separator-h\"><h5 class=\"w-separator-text\"><i class=\"fal fa-telescope\"><\/i><span>ce que vous verrez d'en haut<\/span><\/h5><\/div><\/div><div class=\"wpb_text_column\"><div class=\"wpb_wrapper\"><ul>\n<li style=\"font-weight: 400;\" aria-level=\"1\"><span style=\"font-weight: 400;\">Les terres entre <strong>Mondov\u00ec<\/strong> et les <strong>Langhe<\/strong><\/span><\/li>\n<li style=\"font-weight: 400;\" aria-level=\"1\"><span style=\"font-weight: 400;\">Les <strong>calanques<\/strong>, merveilles naturelles fa\u00e7onn\u00e9es par le temps<\/span><\/li>\n<li style=\"font-weight: 400;\" aria-level=\"1\"><span style=\"font-weight: 400;\">Le <strong>rivi\u00e8re Tanaro<\/strong>, qui traverse la pleine avec \u00e9l\u00e9gance<\/span><\/li>\n<li style=\"font-weight: 400;\" aria-level=\"1\"><span style=\"font-weight: 400;\">Les majestueuses <strong>Alpes<\/strong> et les <strong>douces collines<\/strong> des Langhe \u00e0 l'horizon<\/span><\/li>\n<\/ul>\n<\/div><\/div><div class=\"w-separator size_small\"><\/div><div class=\"w-separator size_small with_line width_default thick_1 style_solid color_border align_left with_text with_content\"><div class=\"w-separator-h\"><h5 class=\"w-separator-text\"><i class=\"fas fa-vial\"><\/i><span>l'exp\u00e9rience comprend<\/span><\/h5><\/div><\/div><div class=\"wpb_text_column\"><div class=\"wpb_wrapper\"><ol>\n<li><strong>R\u00e9union d'information pr\u00e9-vol<\/strong> avec le pilote  \u2713<\/li>\n<li>Au moins une heure de <strong>vol panoramique entre les vignes<\/strong> \u2713<\/li>\n<li>Toast\/<strong>petit-d\u00e9jeuner de l'aviateur<\/strong>\u00a0(charcuteries, fromages, vins, jus...) \u2713<\/li>\n<li><strong>Transport<\/strong> de retour \u2713<\/li>\n<li><strong>Assurance<\/strong> compl\u00e8te des passagers  \u2713<\/li>\n<li><strong>Parking gratuit<\/strong> au point de retour  \u2713<\/li>\n<\/ol>\n<\/div><\/div><div class=\"w-separator size_small\"><\/div><\/div><\/div><\/div><div class=\"vc_col-sm-2 wpb_column vc_column_container\"><div class=\"vc_column-inner\"><div class=\"wpb_wrapper\"><\/div><\/div><\/div><\/div><\/div><\/section><section class=\"l-section wpb_row us_custom_8d032b96 height_auto width_full color_primary\"><div class=\"l-section-h i-cf\"><div class=\"g-cols vc_row via_flex valign_top type_default stacking_default\"><div class=\"vc_col-sm-12 wpb_column vc_column_container\"><div class=\"vc_column-inner\"><div class=\"wpb_wrapper\"><div class=\"w-separator size_small with_line width_default thick_1 style_solid color_text align_left with_text with_content\"><div class=\"w-separator-h\"><h5 class=\"w-separator-text\"><i class=\"fas fa-vial\"><\/i><span>pourquoi nous choisir ?<\/span><\/h5><\/div><\/div><div class=\"g-cols wpb_row via_flex valign_top type_boxes stacking_default\"><div class=\"vc_col-sm-6 wpb_column vc_column_container\"><div class=\"vc_column-inner\"><div class=\"wpb_wrapper\"><div class=\"w-iconbox iconpos_top style_default color_contrast align_center no_title\"><div class=\"w-iconbox-icon\" style=\"font-size:2rem;\"><i class=\"fal fa-user-shield\"><\/i><\/div><div class=\"w-iconbox-meta\"><div class=\"w-iconbox-text\"><p>Pilotes <strong>exp\u00e9riment\u00e9s et certifi\u00e9s<\/strong> ENAC<\/p>\n<\/div><\/div><\/div><\/div><\/div><\/div><div class=\"vc_col-sm-6 wpb_column vc_column_container\"><div class=\"vc_column-inner\"><div class=\"wpb_wrapper\"><div class=\"w-iconbox iconpos_top style_default color_contrast align_center no_title\"><div class=\"w-iconbox-icon\" style=\"font-size:2rem;\"><i class=\"fal fa-cloud-hail-mixed\"><\/i><\/div><div class=\"w-iconbox-meta\"><div class=\"w-iconbox-text\"><p>Garantie m\u00e9t\u00e9o:, en cas de mauvais temps, on reprogramme <strong>sans co\u00fbts<\/strong><\/p>\n<\/div><\/div><\/div><\/div><\/div><\/div><\/div><div class=\"g-cols wpb_row via_flex valign_top type_boxes stacking_default\"><div class=\"vc_col-sm-6 wpb_column vc_column_container\"><div class=\"vc_column-inner\"><div class=\"wpb_wrapper\"><div class=\"w-iconbox iconpos_top style_default color_contrast align_center no_title\"><div class=\"w-iconbox-icon\" style=\"font-size:2rem;\"><i class=\"fal fa-glass-cheers\"><\/i><\/div><div class=\"w-iconbox-meta\"><div class=\"w-iconbox-text\"><p>On trinque ensemble avec<strong> produits locaux<\/strong><\/p>\n<\/div><\/div><\/div><\/div><\/div><\/div><div class=\"vc_col-sm-6 wpb_column vc_column_container\"><div class=\"vc_column-inner\"><div class=\"wpb_wrapper\"><div class=\"w-iconbox iconpos_top style_default color_contrast align_center no_title\"><div class=\"w-iconbox-icon\" style=\"font-size:2rem;\"><i class=\"fal fa-tree-alt\"><\/i><\/div><div class=\"w-iconbox-meta\"><div class=\"w-iconbox-text\"><p>Impact z\u00e9ro: pour chaque vol <strong>on plante un arbre<\/strong><\/p>\n<\/div><\/div><\/div><\/div><\/div><\/div><\/div><\/div><\/div><\/div><\/div><\/div><\/section><section class=\"l-section wpb_row us_custom_8417cf24 height_auto\"><div class=\"l-section-overlay\" style=\"background:rgba(255,255,255,0.55)\"><\/div><div class=\"l-section-h i-cf\"><div class=\"g-cols vc_row via_flex valign_top type_default stacking_default\"><div class=\"vc_col-sm-2 wpb_column vc_column_container\"><div class=\"vc_column-inner\"><div class=\"wpb_wrapper\"><\/div><\/div><\/div><div class=\"vc_col-sm-8 wpb_column vc_column_container\"><div class=\"vc_column-inner\"><div class=\"wpb_wrapper\"><div class=\"w-separator us_custom_2ba75eac size_medium has_font_size with_line width_default thick_1 style_solid color_text align_left with_text with_content\"><div class=\"w-separator-h\"><div class=\"w-separator-text\"><span>TOUTE LA BEAUT\u00c9 QUI VOUS ATTEND<\/span><\/div><\/div><\/div><div class=\"wpb_text_column with_collapsible_content\" data-content-height=\"300px\"><div class=\"wpb_wrapper\"><h4><b>Volez en montgolfi\u00e8re de Mondov\u00ec: une aventure entre ciel, nature et grands horizons<\/b><\/h4>\n<p><span style=\"font-weight: 400;\">On part pr\u00e8s de <\/span><b>Mondov\u00ec<\/b><span style=\"font-weight: 400;\">, dans un cadre qui m\u00e9lange <\/span><b>la force des montagnes et la douceur des p\u00e2turages.<\/b><span style=\"font-weight: 400;\"> L'air fra\u00eeche, le panorama relaxant et tout semble pr\u00eat pour une aventure inoubliable. Ici le mot d'ordre est une:<\/span><b> se laisser transporter.<\/b><\/p>\n<p><span style=\"font-weight: 400;\">On part<\/span><b> au lever su soleil,<\/b><span style=\"font-weight: 400;\"> quand tout est encore silencieux<\/span><span style=\"font-weight: 400;\">. <\/span><b>Il n'y a pas une route pr\u00e9cise: c'est le vent qui choisit la direction<\/b><span style=\"font-weight: 400;\">, et chaque vol devient une autre histoire.<\/span><\/p>\n<p><span style=\"font-weight: 400;\">Pendant les <\/span><b>60 minutes environ en vol<\/b><span style=\"font-weight: 400;\">, vous pourrez admirer d'en haut <\/span><b>les calanques,<\/b><span style=\"font-weight: 400;\"> les collines des <\/span><b>Langhe<\/b><span style=\"font-weight: 400;\">, le cours de la <\/span><b>rivi\u00e8re Tanaro<\/b><span style=\"font-weight: 400;\">, et- dans les jours plus clairs-<\/span><b> la majest\u00e9 des Alpes. <\/b><span style=\"font-weight: 400;\">\u00a0Un panorama vaste, propre, et tout \u00e0 savourer en silence, accompagn\u00e9s par le doux souffle du br\u00fbleur.\u00a0<\/span><\/p>\n<p><span style=\"font-weight: 400;\">\u00c0 terre vous attend <\/span><b>un toast avec produits typiques:<\/b><span style=\"font-weight: 400;\"> charcuteries, fromages et vins locaux pour conclure l'exp\u00e9rience de la mani\u00e8re la plus conviviable possible, entre bavardages et sourires.<\/span><\/p>\n<p><span style=\"font-weight: 400;\">Et il y a un detail qui fait ce cadeau encore plus sp\u00e9cial: <\/span><b>voler en montglofi\u00e8re est aussi une choix \"verte\".<\/b><span style=\"font-weight: 400;\"> L'impact sur l'environnement est minimum et<\/span><b> pour chaque vol on plante un arbre, <\/b><span style=\"font-weight: 400;\">pour rendre \u00e0 la nature un morceau de ce qu'elle nous a donn\u00e9. Un geste concret, que rend l'exp\u00e9rience pas seulement inoubliable, mais aussi \u00e9cologique.<\/span><\/p>\n<p><span style=\"font-weight: 400;\">L'activit\u00e9 est <\/span><b>apte \u00e0 tous \u00e0 partir de 7 ans<\/b><span style=\"font-weight: 400;\"> (hauteur minimale 130cm). Pour raisons techniques, est pr\u00e9vu un petit suppl\u00e9ment pour ceux qui d\u00e9passent les 100kg. On ne vole pas pendant la grossesse et  et m\u00eame apr\u00e8s une soir\u00e9e un peu trop joyeuse: la s\u00e9curit\u00e9 passe avant tout.<\/span><\/p>\n<p><b>Si la m\u00e9t\u00e9o est capricieuse,<\/b><span style=\"font-weight: 400;\"> pas des probl\u00e8mes:<\/span><b> le vol est report\u00e9 sans co\u00fbts. <\/b><span style=\"font-weight: 400;\">Le d\u00e9part est conferm\u00e9 avec au moins 5 participants, et vous recevrez tous les indications utiles le jour avant, compris le rendez-vous avec parking gratuit.<\/span><\/p>\n<p><span style=\"font-weight: 400;\">\u00c0 bord il y aura <\/span><b>pilotes certifi\u00e9s ENAC: <\/b><span style=\"font-weight: 400;\">exp\u00e9riment\u00e9s, fiables et pr\u00eats \u00e0 vous faire vivre quelque chose de vraiment m\u00e9morable.<\/span><\/p>\n<p><b>Quoi porter?<\/b><span style=\"font-weight: 400;\"> V\u00eatements confortables, chaussures de sport ou de randonn\u00e9e, une casquette, un appareil photo... et envie de l\u00e9g\u00e8ret\u00e9.<\/span><\/p>\n<p><span style=\"font-weight: 400;\">Survoler Mondov\u00ec at ses vall\u00e9es est un moyen sp\u00e9cial pour<b> voir le Pi\u00e9mont avec yeux nouveaux.<\/b> Un cadeau qui reste dans le c\u0153ur.<\/span><span style=\"font-weight: 400;\"><\/span><\/p>\n<\/div><div class=\"toggle-links align_none\"><button class=\"collapsible-content-more\">Voir plus<\/button><button class=\"collapsible-content-less\">Voir moins<\/button><\/div><\/div><div class=\"w-separator size_small\"><\/div><\/div><\/div><\/div><div class=\"vc_col-sm-2 wpb_column vc_column_container\"><div class=\"vc_column-inner\"><div class=\"wpb_wrapper\"><\/div><\/div><\/div><\/div><\/div><\/section>","protected":false},"excerpt":{"rendered":"<p>Volez en groupe sur la pleine de Cuneo et admirez les Alpes \u00e0 l'horizon<\/p>","protected":false},"featured_media":19973,"template":"","meta":{"_acf_changed":false},"product_brand":[],"product_cat":[140,23],"product_tag":[],"partenza_voli":[69],"zona":[96],"class_list":{"0":"post-18473","1":"product","2":"type-product","3":"status-publish","4":"has-post-thumbnail","6":"product_cat-voli","7":"product_cat-voli-di-gruppo","8":"partenza_voli-mondovi","9":"zona-mondovi","11":"first","12":"instock","13":"featured","14":"shipping-taxable","15":"purchasable","16":"product-type-variable","17":"has-default-attributes"},"acf":[],"yoast_head":"<!-- This site is optimized with the Yoast SEO plugin v27.1.1 - https:\/\/yoast.com\/product\/yoast-seo-wordpress\/ -->\n<title>Giro in Mongolfiera a Mondov\u00ec, ai piedi delle Alpi - Volo di gruppo<\/title>\n<meta name=\"description\" content=\"Un Giro in Mongolfiera in compagnia, la nostra opzione pi\u00f9 conveniente. Per gruppi gi\u00e0 formati oppure possibilit\u00e0 di unirsi a gruppi last minute. Chiamaci!\" \/>\n<meta name=\"robots\" content=\"index, follow, max-snippet:-1, max-image-preview:large, max-video-preview:-1\" \/>\n<link rel=\"canonical\" href=\"https:\/\/giroinmongolfiera.com\/fr\/catalogo\/voli\/voli-di-gruppo\/in-compagnia-alpi-e-pascoli\/\" \/>\n<meta property=\"og:locale\" content=\"fr_FR\" \/>\n<meta property=\"og:type\" content=\"article\" \/>\n<meta property=\"og:title\" content=\"Giro in Mongolfiera a Mondov\u00ec, ai piedi delle Alpi - Volo di gruppo\" \/>\n<meta property=\"og:description\" content=\"Un Giro in Mongolfiera in compagnia, la nostra opzione pi\u00f9 conveniente. Per gruppi gi\u00e0 formati oppure possibilit\u00e0 di unirsi a gruppi last minute. Chiamaci!\" \/>\n<meta property=\"og:url\" content=\"https:\/\/giroinmongolfiera.com\/fr\/catalogo\/voli\/voli-di-gruppo\/in-compagnia-alpi-e-pascoli\/\" \/>\n<meta property=\"og:site_name\" content=\"Giro in mongolfiera\" \/>\n<meta property=\"article:modified_time\" content=\"2025-12-16T09:44:09+00:00\" \/>\n<meta property=\"og:image\" content=\"https:\/\/giroinmongolfiera.com\/wp-content\/uploads\/mondovi_-4.jpg\" \/>\n\t<meta property=\"og:image:width\" content=\"2048\" \/>\n\t<meta property=\"og:image:height\" content=\"1367\" \/>\n\t<meta property=\"og:image:type\" content=\"image\/jpeg\" \/>\n<meta name=\"twitter:card\" content=\"summary_large_image\" \/>\n<meta name=\"twitter:label1\" content=\"Dur\u00e9e de lecture estim\u00e9e\" \/>\n\t<meta name=\"twitter:data1\" content=\"1 minute\" \/>\n<script type=\"application\/ld+json\" class=\"yoast-schema-graph\">{\"@context\":\"https:\/\/schema.org\",\"@graph\":[{\"@type\":\"WebPage\",\"@id\":\"https:\/\/giroinmongolfiera.com\/catalogo\/voli\/voli-di-gruppo\/in-compagnia-alpi-e-pascoli\/\",\"url\":\"https:\/\/giroinmongolfiera.com\/catalogo\/voli\/voli-di-gruppo\/in-compagnia-alpi-e-pascoli\/\",\"name\":\"Giro in Mongolfiera a Mondov\u00ec, ai piedi delle Alpi - Volo di gruppo\",\"isPartOf\":{\"@id\":\"https:\/\/giroinmongolfiera.com\/#website\"},\"primaryImageOfPage\":{\"@id\":\"https:\/\/giroinmongolfiera.com\/catalogo\/voli\/voli-di-gruppo\/in-compagnia-alpi-e-pascoli\/#primaryimage\"},\"image\":{\"@id\":\"https:\/\/giroinmongolfiera.com\/catalogo\/voli\/voli-di-gruppo\/in-compagnia-alpi-e-pascoli\/#primaryimage\"},\"thumbnailUrl\":\"https:\/\/giroinmongolfiera.com\/wp-content\/uploads\/mondovi_-4.jpg\",\"datePublished\":\"2024-01-09T11:37:25+00:00\",\"dateModified\":\"2025-12-16T09:44:09+00:00\",\"description\":\"Un Giro in Mongolfiera in compagnia, la nostra opzione pi\u00f9 conveniente. Per gruppi gi\u00e0 formati oppure possibilit\u00e0 di unirsi a gruppi last minute. Chiamaci!\",\"breadcrumb\":{\"@id\":\"https:\/\/giroinmongolfiera.com\/catalogo\/voli\/voli-di-gruppo\/in-compagnia-alpi-e-pascoli\/#breadcrumb\"},\"inLanguage\":\"fr-FR\",\"potentialAction\":[{\"@type\":\"ReadAction\",\"target\":[\"https:\/\/giroinmongolfiera.com\/catalogo\/voli\/voli-di-gruppo\/in-compagnia-alpi-e-pascoli\/\"]}]},{\"@type\":\"ImageObject\",\"inLanguage\":\"fr-FR\",\"@id\":\"https:\/\/giroinmongolfiera.com\/catalogo\/voli\/voli-di-gruppo\/in-compagnia-alpi-e-pascoli\/#primaryimage\",\"url\":\"https:\/\/giroinmongolfiera.com\/wp-content\/uploads\/mondovi_-4.jpg\",\"contentUrl\":\"https:\/\/giroinmongolfiera.com\/wp-content\/uploads\/mondovi_-4.jpg\",\"width\":2048,\"height\":1367,\"caption\":\"Voli in Mongolfiera da Mondovi con vista sulle Alpi innevate\"},{\"@type\":\"BreadcrumbList\",\"@id\":\"https:\/\/giroinmongolfiera.com\/catalogo\/voli\/voli-di-gruppo\/in-compagnia-alpi-e-pascoli\/#breadcrumb\",\"itemListElement\":[{\"@type\":\"ListItem\",\"position\":1,\"name\":\"Home\",\"item\":\"https:\/\/giroinmongolfiera.com\/\"},{\"@type\":\"ListItem\",\"position\":2,\"name\":\"Products\",\"item\":\"https:\/\/giroinmongolfiera.com\/shop\/\"},{\"@type\":\"ListItem\",\"position\":3,\"name\":\"VOLI\",\"item\":\"https:\/\/giroinmongolfiera.com\/categoria\/voli\/\"},{\"@type\":\"ListItem\",\"position\":4,\"name\":\"Voli di gruppo\",\"item\":\"https:\/\/giroinmongolfiera.com\/categoria\/voli\/voli-di-gruppo\/\"},{\"@type\":\"ListItem\",\"position\":5,\"name\":\"Giro in Mongolfiera di gruppo ai piedi delle Alpi\"}]},{\"@type\":\"WebSite\",\"@id\":\"https:\/\/giroinmongolfiera.com\/#website\",\"url\":\"https:\/\/giroinmongolfiera.com\/\",\"name\":\"Giro in mongolfiera\",\"description\":\"Vola in mongolfiera, vivi un&#039;esperienza unica\",\"publisher\":{\"@id\":\"https:\/\/giroinmongolfiera.com\/#organization\"},\"potentialAction\":[{\"@type\":\"SearchAction\",\"target\":{\"@type\":\"EntryPoint\",\"urlTemplate\":\"https:\/\/giroinmongolfiera.com\/?s={search_term_string}\"},\"query-input\":{\"@type\":\"PropertyValueSpecification\",\"valueRequired\":true,\"valueName\":\"search_term_string\"}}],\"inLanguage\":\"fr-FR\"},{\"@type\":\"Organization\",\"@id\":\"https:\/\/giroinmongolfiera.com\/#organization\",\"name\":\"Giroinmongolfiera SRL\",\"url\":\"https:\/\/giroinmongolfiera.com\/\",\"logo\":{\"@type\":\"ImageObject\",\"inLanguage\":\"fr-FR\",\"@id\":\"https:\/\/giroinmongolfiera.com\/#\/schema\/logo\/image\/\",\"url\":\"https:\/\/giroinmongolfiera.com\/wp-content\/uploads\/Giro_in_Mongolfiera-LOGO.png\",\"contentUrl\":\"https:\/\/giroinmongolfiera.com\/wp-content\/uploads\/Giro_in_Mongolfiera-LOGO.png\",\"width\":385,\"height\":126,\"caption\":\"Giroinmongolfiera SRL\"},\"image\":{\"@id\":\"https:\/\/giroinmongolfiera.com\/#\/schema\/logo\/image\/\"}}]}<\/script>\n<!-- \/ Yoast SEO plugin. -->","yoast_head_json":{"title":"Giro in Mongolfiera a Mondov\u00ec, ai piedi delle Alpi - Volo di gruppo","description":"Un Giro in Mongolfiera in compagnia, la nostra opzione pi\u00f9 conveniente. Per gruppi gi\u00e0 formati oppure possibilit\u00e0 di unirsi a gruppi last minute. Chiamaci!","robots":{"index":"index","follow":"follow","max-snippet":"max-snippet:-1","max-image-preview":"max-image-preview:large","max-video-preview":"max-video-preview:-1"},"canonical":"https:\/\/giroinmongolfiera.com\/fr\/catalogo\/voli\/voli-di-gruppo\/in-compagnia-alpi-e-pascoli\/","og_locale":"fr_FR","og_type":"article","og_title":"Giro in Mongolfiera a Mondov\u00ec, ai piedi delle Alpi - Volo di gruppo","og_description":"Un Giro in Mongolfiera in compagnia, la nostra opzione pi\u00f9 conveniente. Per gruppi gi\u00e0 formati oppure possibilit\u00e0 di unirsi a gruppi last minute. Chiamaci!","og_url":"https:\/\/giroinmongolfiera.com\/fr\/catalogo\/voli\/voli-di-gruppo\/in-compagnia-alpi-e-pascoli\/","og_site_name":"Giro in mongolfiera","article_modified_time":"2025-12-16T09:44:09+00:00","og_image":[{"width":2048,"height":1367,"url":"https:\/\/giroinmongolfiera.com\/wp-content\/uploads\/mondovi_-4.jpg","type":"image\/jpeg"}],"twitter_card":"summary_large_image","twitter_misc":{"Dur\u00e9e de lecture estim\u00e9e":"1 minute"},"schema":{"@context":"https:\/\/schema.org","@graph":[{"@type":"WebPage","@id":"https:\/\/giroinmongolfiera.com\/catalogo\/voli\/voli-di-gruppo\/in-compagnia-alpi-e-pascoli\/","url":"https:\/\/giroinmongolfiera.com\/catalogo\/voli\/voli-di-gruppo\/in-compagnia-alpi-e-pascoli\/","name":"Giro in Mongolfiera a Mondov\u00ec, ai piedi delle Alpi - Volo di gruppo","isPartOf":{"@id":"https:\/\/giroinmongolfiera.com\/#website"},"primaryImageOfPage":{"@id":"https:\/\/giroinmongolfiera.com\/catalogo\/voli\/voli-di-gruppo\/in-compagnia-alpi-e-pascoli\/#primaryimage"},"image":{"@id":"https:\/\/giroinmongolfiera.com\/catalogo\/voli\/voli-di-gruppo\/in-compagnia-alpi-e-pascoli\/#primaryimage"},"thumbnailUrl":"https:\/\/giroinmongolfiera.com\/wp-content\/uploads\/mondovi_-4.jpg","datePublished":"2024-01-09T11:37:25+00:00","dateModified":"2025-12-16T09:44:09+00:00","description":"Un Giro in Mongolfiera in compagnia, la nostra opzione pi\u00f9 conveniente. Per gruppi gi\u00e0 formati oppure possibilit\u00e0 di unirsi a gruppi last minute. Chiamaci!","breadcrumb":{"@id":"https:\/\/giroinmongolfiera.com\/catalogo\/voli\/voli-di-gruppo\/in-compagnia-alpi-e-pascoli\/#breadcrumb"},"inLanguage":"fr-FR","potentialAction":[{"@type":"ReadAction","target":["https:\/\/giroinmongolfiera.com\/catalogo\/voli\/voli-di-gruppo\/in-compagnia-alpi-e-pascoli\/"]}]},{"@type":"ImageObject","inLanguage":"fr-FR","@id":"https:\/\/giroinmongolfiera.com\/catalogo\/voli\/voli-di-gruppo\/in-compagnia-alpi-e-pascoli\/#primaryimage","url":"https:\/\/giroinmongolfiera.com\/wp-content\/uploads\/mondovi_-4.jpg","contentUrl":"https:\/\/giroinmongolfiera.com\/wp-content\/uploads\/mondovi_-4.jpg","width":2048,"height":1367,"caption":"Voli in Mongolfiera da Mondovi con vista sulle Alpi innevate"},{"@type":"BreadcrumbList","@id":"https:\/\/giroinmongolfiera.com\/catalogo\/voli\/voli-di-gruppo\/in-compagnia-alpi-e-pascoli\/#breadcrumb","itemListElement":[{"@type":"ListItem","position":1,"name":"Home","item":"https:\/\/giroinmongolfiera.com\/"},{"@type":"ListItem","position":2,"name":"Products","item":"https:\/\/giroinmongolfiera.com\/shop\/"},{"@type":"ListItem","position":3,"name":"VOLI","item":"https:\/\/giroinmongolfiera.com\/categoria\/voli\/"},{"@type":"ListItem","position":4,"name":"Voli di gruppo","item":"https:\/\/giroinmongolfiera.com\/categoria\/voli\/voli-di-gruppo\/"},{"@type":"ListItem","position":5,"name":"Giro in Mongolfiera di gruppo ai piedi delle Alpi"}]},{"@type":"WebSite","@id":"https:\/\/giroinmongolfiera.com\/#website","url":"https:\/\/giroinmongolfiera.com\/","name":"Giro in mongolfiera","description":"Vola in mongolfiera, vivi un&#039;esperienza unica","publisher":{"@id":"https:\/\/giroinmongolfiera.com\/#organization"},"potentialAction":[{"@type":"SearchAction","target":{"@type":"EntryPoint","urlTemplate":"https:\/\/giroinmongolfiera.com\/?s={search_term_string}"},"query-input":{"@type":"PropertyValueSpecification","valueRequired":true,"valueName":"search_term_string"}}],"inLanguage":"fr-FR"},{"@type":"Organization","@id":"https:\/\/giroinmongolfiera.com\/#organization","name":"Giroinmongolfiera SRL","url":"https:\/\/giroinmongolfiera.com\/","logo":{"@type":"ImageObject","inLanguage":"fr-FR","@id":"https:\/\/giroinmongolfiera.com\/#\/schema\/logo\/image\/","url":"https:\/\/giroinmongolfiera.com\/wp-content\/uploads\/Giro_in_Mongolfiera-LOGO.png","contentUrl":"https:\/\/giroinmongolfiera.com\/wp-content\/uploads\/Giro_in_Mongolfiera-LOGO.png","width":385,"height":126,"caption":"Giroinmongolfiera SRL"},"image":{"@id":"https:\/\/giroinmongolfiera.com\/#\/schema\/logo\/image\/"}}]}},"_links":{"self":[{"href":"https:\/\/giroinmongolfiera.com\/fr\/wp-json\/wp\/v2\/product\/18473","targetHints":{"allow":["GET"]}}],"collection":[{"href":"https:\/\/giroinmongolfiera.com\/fr\/wp-json\/wp\/v2\/product"}],"about":[{"href":"https:\/\/giroinmongolfiera.com\/fr\/wp-json\/wp\/v2\/types\/product"}],"wp:featuredmedia":[{"embeddable":true,"href":"https:\/\/giroinmongolfiera.com\/fr\/wp-json\/wp\/v2\/media\/19973"}],"wp:attachment":[{"href":"https:\/\/giroinmongolfiera.com\/fr\/wp-json\/wp\/v2\/media?parent=18473"}],"wp:term":[{"taxonomy":"product_brand","embeddable":true,"href":"https:\/\/giroinmongolfiera.com\/fr\/wp-json\/wp\/v2\/product_brand?post=18473"},{"taxonomy":"product_cat","embeddable":true,"href":"https:\/\/giroinmongolfiera.com\/fr\/wp-json\/wp\/v2\/product_cat?post=18473"},{"taxonomy":"product_tag","embeddable":true,"href":"https:\/\/giroinmongolfiera.com\/fr\/wp-json\/wp\/v2\/product_tag?post=18473"},{"taxonomy":"partenza_voli","embeddable":true,"href":"https:\/\/giroinmongolfiera.com\/fr\/wp-json\/wp\/v2\/partenza_voli?post=18473"},{"taxonomy":"zona","embeddable":true,"href":"https:\/\/giroinmongolfiera.com\/fr\/wp-json\/wp\/v2\/zona?post=18473"}],"curies":[{"name":"wp","href":"https:\/\/api.w.org\/{rel}","templated":true}]}}