{"id":18885,"date":"2024-02-01T12:26:14","date_gmt":"2024-02-01T10:26:14","guid":{"rendered":"https:\/\/giroinmongolfiera8962.live-website.com\/?post_type=product&#038;p=18885"},"modified":"2025-06-18T14:53:41","modified_gmt":"2025-06-18T12:53:41","slug":"esclusivo-profumo-di-langa","status":"publish","type":"product","link":"https:\/\/giroinmongolfiera.com\/fr\/catalogo\/voli\/voli-esclusivi\/esclusivo-profumo-di-langa\/","title":{"rendered":"Tour en montgolfi\u00e8re exclusif sur Barolo et les Langhe"},"content":{"rendered":"<section class=\"l-section wpb_row us_custom_6430fa7d height_auto\"><div class=\"l-section-h i-cf\"><div class=\"g-cols vc_row via_flex valign_top type_default stacking_default\"><div class=\"vc_col-sm-2 wpb_column vc_column_container\"><div class=\"vc_column-inner\"><div class=\"wpb_wrapper\"><\/div><\/div><\/div><div class=\"vc_col-sm-8 wpb_column vc_column_container\"><div class=\"vc_column-inner\"><div class=\"wpb_wrapper\"><div class=\"w-separator size_small with_line width_default thick_1 style_solid color_border align_left with_text with_content\"><div class=\"w-separator-h\"><h5 class=\"w-separator-text\"><i class=\"fal fa-fast-forward\"><\/i><span>aper\u00e7ue rapide<\/span><\/h5><\/div><\/div><div class=\"g-cols wpb_row via_flex valign_top type_default stacking_default\" style=\"--additional-gap:1rem;\"><div class=\"vc_col-sm-6 wpb_column vc_column_container\"><div class=\"vc_column-inner\"><div class=\"wpb_wrapper\"><div class=\"w-iconbox iconpos_left style_default color_contrast align_left no_title\"><div class=\"w-iconbox-icon\" style=\"font-size:1.5rem;\"><i class=\"fal fa-map-marker-smile\"><\/i><\/div><div class=\"w-iconbox-meta\"><div class=\"w-iconbox-text\"><p><strong>Localit\u00e9<br \/>\n<\/strong>Barolo (CN), Langhe- Pi\u00e9mont<\/p>\n<\/div><\/div><\/div><\/div><\/div><\/div><div class=\"vc_col-sm-6 wpb_column vc_column_container\"><div class=\"vc_column-inner\"><div class=\"wpb_wrapper\"><div class=\"w-iconbox iconpos_left style_default color_contrast align_left no_title\"><div class=\"w-iconbox-icon\" style=\"font-size:1.5rem;\"><i class=\"fal fa-calendar-alt\"><\/i><\/div><div class=\"w-iconbox-meta\"><div class=\"w-iconbox-text\"><p><strong>Disponibilit\u00e9<br \/>\n<\/strong>Toute l'ann\u00e9e<\/p>\n<\/div><\/div><\/div><\/div><\/div><\/div><\/div><div class=\"w-separator size_custom\" style=\"height:1.5rem\"><\/div><div class=\"g-cols wpb_row via_flex valign_top type_default stacking_default\" style=\"--additional-gap:1rem;\"><div class=\"vc_col-sm-6 wpb_column vc_column_container\"><div class=\"vc_column-inner\"><div class=\"wpb_wrapper\"><div class=\"w-iconbox iconpos_left style_default color_contrast align_left no_title\"><div class=\"w-iconbox-icon\" style=\"font-size:1.5rem;\"><i class=\"fal fa-users\"><\/i><\/div><div class=\"w-iconbox-meta\"><div class=\"w-iconbox-text\"><p><strong>Participants<\/strong><br \/>\n2-5 personnes (vol priv\u00e9)<\/p>\n<\/div><\/div><\/div><\/div><\/div><\/div><div class=\"vc_col-sm-6 wpb_column vc_column_container\"><div class=\"vc_column-inner\"><div class=\"wpb_wrapper\"><div class=\"w-iconbox iconpos_left style_default color_contrast align_left no_title\"><div class=\"w-iconbox-icon\" style=\"font-size:1.5rem;\"><i class=\"fal fa-clock\"><\/i><\/div><div class=\"w-iconbox-meta\"><div class=\"w-iconbox-text\"><p><strong>Horaires<\/strong><br \/>\nAube ou cr\u00e9puscule (de septembre \u00e0 mai)<\/p>\n<\/div><\/div><\/div><\/div><\/div><\/div><\/div><div class=\"w-separator size_custom\" style=\"height:1.5rem\"><\/div><div class=\"g-cols wpb_row via_flex valign_top type_default stacking_default\" style=\"--additional-gap:2rem;\"><div class=\"vc_col-sm-12 wpb_column vc_column_container\"><div class=\"vc_column-inner\"><div class=\"wpb_wrapper\"><div class=\"w-iconbox iconpos_left style_default color_contrast align_left no_title\"><div class=\"w-iconbox-icon\" style=\"font-size:1.5rem;\"><i class=\"fal fa-hourglass\"><\/i><\/div><div class=\"w-iconbox-meta\"><div class=\"w-iconbox-text\"><p><strong>Dur\u00e9e totale de l'exp\u00e9rience<\/strong><br \/>\nenviron 3 heures (il comprend pr\u00e9paration, vol et retour)<\/p>\n<\/div><\/div><\/div><\/div><\/div><\/div><\/div><div class=\"w-separator size_custom\" style=\"height:2rem\"><\/div><div class=\"w-separator size_small\"><\/div><div class=\"w-separator size_small with_line width_default thick_1 style_solid color_border align_left with_text with_content\"><div class=\"w-separator-h\"><h5 class=\"w-separator-text\"><i class=\"fal fa-telescope\"><\/i><span>ce que vous verrez d'en haut<\/span><\/h5><\/div><\/div><div class=\"wpb_text_column\"><div class=\"wpb_wrapper\"><ul>\n<li style=\"font-weight: 400;\" aria-level=\"1\"><span style=\"font-weight: 400;\">Le ch\u00e2teau de <strong>Barolo<\/strong> e ses vignes<\/span><\/li>\n<li style=\"font-weight: 400;\" aria-level=\"1\"><span style=\"font-weight: 400;\">Les profils \u00e9l\u00e9gants de <strong>Grinzane Cavour<\/strong>, <strong>Monforte<\/strong> et <strong>Serralunga d\u2019Alba<\/strong><\/span><\/li>\n<li style=\"font-weight: 400;\" aria-level=\"1\"><span style=\"font-weight: 400;\">Les collines harmonieuses des <strong>Langhe<\/strong>, Patrimoine UNESCO<\/span><\/li>\n<li style=\"font-weight: 400;\" aria-level=\"1\"><span style=\"font-weight: 400;\">Un <strong>une mosa\u00efque de couleurs<\/strong>, lumi\u00e8re et nature \u00e0 couper le souffle<\/span><\/li>\n<\/ul>\n<\/div><\/div><div class=\"w-separator size_small\"><\/div><div class=\"w-separator size_small with_line width_default thick_1 style_solid color_border align_left with_text with_content\"><div class=\"w-separator-h\"><h5 class=\"w-separator-text\"><i class=\"fas fa-vial\"><\/i><span>l'exp\u00e9rience comprend<\/span><\/h5><\/div><\/div><div class=\"wpb_text_column\"><div class=\"wpb_wrapper\"><ol>\n<li><strong>R\u00e9union d'information pr\u00e9-vol<\/strong> avec le pilote  \u2713<\/li>\n<li>Au moins une heure de <strong>vol panoramique entre les vignes<\/strong> \u2713<\/li>\n<li>Toast\/<strong>aperitif avec produits locaux<\/strong> (charcuteries, fromages, vins, jus...) \u2713<\/li>\n<li><strong>Transport<\/strong> de retour \u2713<\/li>\n<li><strong>Assurance<\/strong> compl\u00e8te des passagers  \u2713<\/li>\n<li><strong>Parking gratuit<\/strong> au point de retour  \u2713<\/li>\n<\/ol>\n<\/div><\/div><div class=\"w-separator size_small\"><\/div><\/div><\/div><\/div><div class=\"vc_col-sm-2 wpb_column vc_column_container\"><div class=\"vc_column-inner\"><div class=\"wpb_wrapper\"><\/div><\/div><\/div><\/div><\/div><\/section><section class=\"l-section wpb_row us_custom_8d032b96 height_auto width_full color_primary\"><div class=\"l-section-h i-cf\"><div class=\"g-cols vc_row via_flex valign_top type_default stacking_default\"><div class=\"vc_col-sm-12 wpb_column vc_column_container\"><div class=\"vc_column-inner\"><div class=\"wpb_wrapper\"><div class=\"w-separator size_small with_line width_default thick_1 style_solid color_text align_left with_text with_content\"><div class=\"w-separator-h\"><h5 class=\"w-separator-text\"><i class=\"fas fa-vial\"><\/i><span>pourquoi nous choisir ?<\/span><\/h5><\/div><\/div><div class=\"g-cols wpb_row via_flex valign_top type_boxes stacking_default\"><div class=\"vc_col-sm-6 wpb_column vc_column_container\"><div class=\"vc_column-inner\"><div class=\"wpb_wrapper\"><div class=\"w-iconbox iconpos_top style_default color_contrast align_center no_title\"><div class=\"w-iconbox-icon\" style=\"font-size:2rem;\"><i class=\"fal fa-user-shield\"><\/i><\/div><div class=\"w-iconbox-meta\"><div class=\"w-iconbox-text\"><p>Pilotes <strong>exp\u00e9riment\u00e9s et certifi\u00e9s<\/strong> ENAC<\/p>\n<\/div><\/div><\/div><\/div><\/div><\/div><div class=\"vc_col-sm-6 wpb_column vc_column_container\"><div class=\"vc_column-inner\"><div class=\"wpb_wrapper\"><div class=\"w-iconbox iconpos_top style_default color_contrast align_center no_title\"><div class=\"w-iconbox-icon\" style=\"font-size:2rem;\"><i class=\"fal fa-cloud-hail-mixed\"><\/i><\/div><div class=\"w-iconbox-meta\"><div class=\"w-iconbox-text\"><p>Garantie m\u00e9t\u00e9o:, en cas de mauvais temps, on reprogramme <strong>sans co\u00fbts<\/strong><\/p>\n<\/div><\/div><\/div><\/div><\/div><\/div><\/div><div class=\"g-cols wpb_row via_flex valign_top type_boxes stacking_default\"><div class=\"vc_col-sm-6 wpb_column vc_column_container\"><div class=\"vc_column-inner\"><div class=\"wpb_wrapper\"><div class=\"w-iconbox iconpos_top style_default color_contrast align_center no_title\"><div class=\"w-iconbox-icon\" style=\"font-size:2rem;\"><i class=\"fal fa-glass-cheers\"><\/i><\/div><div class=\"w-iconbox-meta\"><div class=\"w-iconbox-text\"><p>On trinque ensemble avec<strong> produits locaux<\/strong><\/p>\n<\/div><\/div><\/div><\/div><\/div><\/div><div class=\"vc_col-sm-6 wpb_column vc_column_container\"><div class=\"vc_column-inner\"><div class=\"wpb_wrapper\"><div class=\"w-iconbox iconpos_top style_default color_contrast align_center no_title\"><div class=\"w-iconbox-icon\" style=\"font-size:2rem;\"><i class=\"fal fa-tree-alt\"><\/i><\/div><div class=\"w-iconbox-meta\"><div class=\"w-iconbox-text\"><p>Impact z\u00e9ro: pour chaque vol <strong>on plante un arbre<\/strong><\/p>\n<\/div><\/div><\/div><\/div><\/div><\/div><\/div><\/div><\/div><\/div><\/div><\/div><\/section><section class=\"l-section wpb_row us_custom_8417cf24 height_auto\"><div class=\"l-section-overlay\" style=\"background:rgba(255,255,255,0.55)\"><\/div><div class=\"l-section-h i-cf\"><div class=\"g-cols vc_row via_flex valign_top type_default stacking_default\"><div class=\"vc_col-sm-2 wpb_column vc_column_container\"><div class=\"vc_column-inner\"><div class=\"wpb_wrapper\"><\/div><\/div><\/div><div class=\"vc_col-sm-8 wpb_column vc_column_container\"><div class=\"vc_column-inner\"><div class=\"wpb_wrapper\"><div class=\"w-separator us_custom_2ba75eac size_medium has_font_size with_line width_default thick_1 style_solid color_text align_left with_text with_content\"><div class=\"w-separator-h\"><div class=\"w-separator-text\"><span>TOUTE LA BEAUT\u00c9 QUI VOUS ATTEND<\/span><\/div><\/div><\/div><div class=\"wpb_text_column with_collapsible_content\" data-content-height=\"300px\"><div class=\"wpb_wrapper\"><h4><b>Vol exclusif de Barolo: entre ciel, vignes et po\u00e9sie silencieuse<\/b><\/h4>\n<p><span style=\"font-weight: 400;\">Que se passe-t-il quand on part et on monte vers le ciel au-dessu<\/span><b> des collines les plus c\u00e9l\u00e8bres  du vin italien?<\/b><span style=\"font-weight: 400;\"> Il  passe que le temps ralentit, le paysage s'\u00e9largit et chaque detail devient m\u00e9morable. Le vol exclusif de Barolo est une exp\u00e9rience pens\u00e9e pour qui cherche quelque chose de sp\u00e9cial, <\/span><b>\u00e0 partager en couple ou avec quelques proches.<\/b><\/p>\n<p><b>Le vol exclusif <\/b><span style=\"font-weight: 400;\">est id\u00e9al pour c\u00e9l\u00e8brer moments uniques: demnades en mariage, anniversaires ou simplement le d\u00e9sir de vivre quelque chose d'inoubliable. <\/span><b>Un cadeau qui reste dans le c\u0153ur et on raconte depuis des ann\u00e9es.<\/b><\/p>\n<p><span style=\"font-weight: 400;\">On d\u00e9colle<\/span><b> \u00e0 l'aube <\/b><span style=\"font-weight: 400;\">o <\/span><b>au cr\u00e9puscule<\/b><span style=\"font-weight: 400;\"> (de septembre \u00e0 mai) quand les vignes s'allument de lumi\u00e8re dor\u00e9eet le ciel est une palette des nuances. On part d'un point panoramique dans le c\u0153ur de la zone de Barolo: tout autour profume du vin et silence. Et puis on monte...sans h\u00e2te,<\/span><b> se laisser guider par le vent\u00a0: <\/b><span style=\"font-weight: 400;\">c'est lui qui d\u00e9cide la direction, <\/span><b>chaque vol est unique et irrepetible.<\/b><\/p>\n<p><span style=\"font-weight: 400;\">Il volo dura circa un\u2019ora:<\/span><b> il castello di Barolo, <\/b><span style=\"font-weight: 400;\">les<\/span><b> borghi storici <\/b><span style=\"font-weight: 400;\">et <\/span><b>le colline morbide<\/b><span style=\"font-weight: 400;\"> diventano una cartolina viva sotto i tuoi occhi. Il tempo si ferma, le parole si fanno leggere. Solo il rumore del bruciatore e un panorama che parla da solo.<\/span><\/p>\n<p><span style=\"font-weight: 400;\">E dopo l\u2019atterraggio? Ti aspetta <\/span><b>una degustazione <\/b><span style=\"font-weight: 400;\">con una selezione di <\/span><b>prodotti delle Langhe:<\/b><span style=\"font-weight: 400;\"> salumi, formaggi e, ovviamente, <\/span><b>un calice di vino. <\/b><span style=\"font-weight: 400;\">Un momento tranquillo e tutto per voi, per chiudere l\u2019esperienza nel modo pi\u00f9 autentico possibile.<\/span><\/p>\n<p><span style=\"font-weight: 400;\">C\u2019\u00e8 un tocco in pi\u00f9 che rende il volo ancora pi\u00f9 prezioso: <\/span><b>pour chaque vol on plante un arbre,<\/b><span style=\"font-weight: 400;\"> per compensare quella piccola traccia di CO\u2082 che lasciamo nel cielo e per rendere l\u2019esperienza non solo indimenticabile, ma<\/span><b> anche sostenibile.<\/b><span style=\"font-weight: 400;\"> Perch\u00e9 quando sei lass\u00f9, immerso in tanta bellezza, nasce spontaneo il desiderio di custodirla.<\/span><\/p>\n<p><span style=\"font-weight: 400;\">Il volo \u00e8 adatto <\/span><b>dai 7 anni in su <\/b><span style=\"font-weight: 400;\">(altezza minima 130 cm) e pu\u00f2 accogliere comodamente<\/span><b> fino a 5 persone.<\/b><span style=\"font-weight: 400;\"> Per motivi tecnici, \u00e8 previsto un piccolo sovrapprezzo per i passeggeri sopra i 100 kg. No voli in gravidanza o dopo serate movimentate: in cielo si sale solo in piena forma.<\/span><\/p>\n<p><b>Se il meteo cambia i piani, <\/b><span style=\"font-weight: 400;\">pas des probl\u00e8mes: <\/span><b>si riprogramma tutto senza costi.<\/b><span style=\"font-weight: 400;\"> Riceverai le info il giorno prima, incluso il punto di ritrovo con parcheggio gratuito. A bordo con te ci saranno <\/span><b>pilotes certifi\u00e9s ENAC:<\/b><span style=\"font-weight: 400;\"> professionisti affidabili e appassionati.<\/span><\/p>\n<p><b>Quoi porter?<\/b><span style=\"font-weight: 400;\"> Abiti comodi, scarpe pratiche, un cappellino, la fotocamera e tutto lo stupore che hai in tasca.<\/span><\/p>\n<p><span style=\"font-weight: 400;\">A volte <b>il regalo pi\u00f9 bello<\/b> non \u00e8 qualcosa da scartare, ma<b> un momento da vivere insieme. <\/b>E questo, tra le nuvole, resta nel cuore per sempre.<\/span><span style=\"font-weight: 400;\"><\/span><\/p>\n<\/div><div class=\"toggle-links align_none\"><button class=\"collapsible-content-more\">Voir plus<\/button><button class=\"collapsible-content-less\">Voir moins<\/button><\/div><\/div><div class=\"w-separator size_small\"><\/div><\/div><\/div><\/div><div class=\"vc_col-sm-2 wpb_column vc_column_container\"><div class=\"vc_column-inner\"><div class=\"wpb_wrapper\"><\/div><\/div><\/div><\/div><\/div><\/section>","protected":false},"excerpt":{"rendered":"<p>Volez en exclusivit\u00e9 sur les vignes du Barolo<\/p>","protected":false},"featured_media":19071,"template":"","meta":{"_acf_changed":false},"product_brand":[],"product_cat":[140,24],"product_tag":[],"partenza_voli":[70],"zona":[95,94],"class_list":{"0":"post-18885","1":"product","2":"type-product","3":"status-publish","4":"has-post-thumbnail","6":"product_cat-voli","7":"product_cat-voli-esclusivi","8":"partenza_voli-barolo","9":"zona-barolo","10":"zona-langhe","12":"first","13":"instock","14":"shipping-taxable","15":"purchasable","16":"product-type-variable","17":"has-default-attributes"},"acf":[],"yoast_head":"<!-- This site is optimized with the Yoast SEO plugin v27.1.1 - https:\/\/yoast.com\/product\/yoast-seo-wordpress\/ -->\n<title>Giro in Mongolfiera su Barolo e le Langhe - Cesto riservato<\/title>\n<meta name=\"description\" content=\"Un Giro in Mongolfiera riservato, tutta la Mongolfiera per te per le tue occasioni davvero speciali. Un&#039;esperienza indimenticabile.\" \/>\n<meta name=\"robots\" content=\"index, follow, max-snippet:-1, max-image-preview:large, max-video-preview:-1\" \/>\n<link rel=\"canonical\" href=\"https:\/\/giroinmongolfiera.com\/fr\/catalogo\/voli\/voli-esclusivi\/esclusivo-profumo-di-langa\/\" \/>\n<meta property=\"og:locale\" content=\"fr_FR\" \/>\n<meta property=\"og:type\" content=\"article\" \/>\n<meta property=\"og:title\" content=\"Giro in Mongolfiera su Barolo e le Langhe - Cesto riservato\" \/>\n<meta property=\"og:description\" content=\"Un Giro in Mongolfiera riservato, tutta la Mongolfiera per te per le tue occasioni davvero speciali. Un&#039;esperienza indimenticabile.\" \/>\n<meta property=\"og:url\" content=\"https:\/\/giroinmongolfiera.com\/fr\/catalogo\/voli\/voli-esclusivi\/esclusivo-profumo-di-langa\/\" \/>\n<meta property=\"og:site_name\" content=\"Giro in mongolfiera\" \/>\n<meta property=\"article:modified_time\" content=\"2025-06-18T12:53:41+00:00\" \/>\n<meta property=\"og:image\" content=\"https:\/\/giroinmongolfiera.com\/wp-content\/uploads\/volo-esclusivo-al-profumo-di-Langa-e1709131824611.jpg\" \/>\n\t<meta property=\"og:image:width\" content=\"1365\" \/>\n\t<meta property=\"og:image:height\" content=\"1365\" \/>\n\t<meta property=\"og:image:type\" content=\"image\/jpeg\" \/>\n<meta name=\"twitter:card\" content=\"summary_large_image\" \/>\n<meta name=\"twitter:label1\" content=\"Dur\u00e9e de lecture estim\u00e9e\" \/>\n\t<meta name=\"twitter:data1\" content=\"1 minute\" \/>\n<script type=\"application\/ld+json\" class=\"yoast-schema-graph\">{\"@context\":\"https:\/\/schema.org\",\"@graph\":[{\"@type\":\"WebPage\",\"@id\":\"https:\/\/giroinmongolfiera.com\/catalogo\/voli\/voli-esclusivi\/esclusivo-profumo-di-langa\/\",\"url\":\"https:\/\/giroinmongolfiera.com\/catalogo\/voli\/voli-esclusivi\/esclusivo-profumo-di-langa\/\",\"name\":\"Giro in Mongolfiera su Barolo e le Langhe - Cesto riservato\",\"isPartOf\":{\"@id\":\"https:\/\/giroinmongolfiera.com\/#website\"},\"primaryImageOfPage\":{\"@id\":\"https:\/\/giroinmongolfiera.com\/catalogo\/voli\/voli-esclusivi\/esclusivo-profumo-di-langa\/#primaryimage\"},\"image\":{\"@id\":\"https:\/\/giroinmongolfiera.com\/catalogo\/voli\/voli-esclusivi\/esclusivo-profumo-di-langa\/#primaryimage\"},\"thumbnailUrl\":\"https:\/\/giroinmongolfiera.com\/wp-content\/uploads\/volo-esclusivo-al-profumo-di-Langa-e1709131824611.jpg\",\"datePublished\":\"2024-02-01T10:26:14+00:00\",\"dateModified\":\"2025-06-18T12:53:41+00:00\",\"description\":\"Un Giro in Mongolfiera riservato, tutta la Mongolfiera per te per le tue occasioni davvero speciali. Un'esperienza indimenticabile.\",\"breadcrumb\":{\"@id\":\"https:\/\/giroinmongolfiera.com\/catalogo\/voli\/voli-esclusivi\/esclusivo-profumo-di-langa\/#breadcrumb\"},\"inLanguage\":\"fr-FR\",\"potentialAction\":[{\"@type\":\"ReadAction\",\"target\":[\"https:\/\/giroinmongolfiera.com\/catalogo\/voli\/voli-esclusivi\/esclusivo-profumo-di-langa\/\"]}]},{\"@type\":\"ImageObject\",\"inLanguage\":\"fr-FR\",\"@id\":\"https:\/\/giroinmongolfiera.com\/catalogo\/voli\/voli-esclusivi\/esclusivo-profumo-di-langa\/#primaryimage\",\"url\":\"https:\/\/giroinmongolfiera.com\/wp-content\/uploads\/volo-esclusivo-al-profumo-di-Langa-e1709131824611.jpg\",\"contentUrl\":\"https:\/\/giroinmongolfiera.com\/wp-content\/uploads\/volo-esclusivo-al-profumo-di-Langa-e1709131824611.jpg\",\"width\":1365,\"height\":1365},{\"@type\":\"BreadcrumbList\",\"@id\":\"https:\/\/giroinmongolfiera.com\/catalogo\/voli\/voli-esclusivi\/esclusivo-profumo-di-langa\/#breadcrumb\",\"itemListElement\":[{\"@type\":\"ListItem\",\"position\":1,\"name\":\"Home\",\"item\":\"https:\/\/giroinmongolfiera.com\/\"},{\"@type\":\"ListItem\",\"position\":2,\"name\":\"Products\",\"item\":\"https:\/\/giroinmongolfiera.com\/shop\/\"},{\"@type\":\"ListItem\",\"position\":3,\"name\":\"VOLI\",\"item\":\"https:\/\/giroinmongolfiera.com\/categoria\/voli\/\"},{\"@type\":\"ListItem\",\"position\":4,\"name\":\"Voli esclusivi\",\"item\":\"https:\/\/giroinmongolfiera.com\/categoria\/voli\/voli-esclusivi\/\"},{\"@type\":\"ListItem\",\"position\":5,\"name\":\"Giro in mongolfiera esclusivo su Barolo e le Langhe\"}]},{\"@type\":\"WebSite\",\"@id\":\"https:\/\/giroinmongolfiera.com\/#website\",\"url\":\"https:\/\/giroinmongolfiera.com\/\",\"name\":\"Giro in mongolfiera\",\"description\":\"Vola in mongolfiera, vivi un&#039;esperienza unica\",\"publisher\":{\"@id\":\"https:\/\/giroinmongolfiera.com\/#organization\"},\"potentialAction\":[{\"@type\":\"SearchAction\",\"target\":{\"@type\":\"EntryPoint\",\"urlTemplate\":\"https:\/\/giroinmongolfiera.com\/?s={search_term_string}\"},\"query-input\":{\"@type\":\"PropertyValueSpecification\",\"valueRequired\":true,\"valueName\":\"search_term_string\"}}],\"inLanguage\":\"fr-FR\"},{\"@type\":\"Organization\",\"@id\":\"https:\/\/giroinmongolfiera.com\/#organization\",\"name\":\"Giroinmongolfiera SRL\",\"url\":\"https:\/\/giroinmongolfiera.com\/\",\"logo\":{\"@type\":\"ImageObject\",\"inLanguage\":\"fr-FR\",\"@id\":\"https:\/\/giroinmongolfiera.com\/#\/schema\/logo\/image\/\",\"url\":\"https:\/\/giroinmongolfiera.com\/wp-content\/uploads\/Giro_in_Mongolfiera-LOGO.png\",\"contentUrl\":\"https:\/\/giroinmongolfiera.com\/wp-content\/uploads\/Giro_in_Mongolfiera-LOGO.png\",\"width\":385,\"height\":126,\"caption\":\"Giroinmongolfiera SRL\"},\"image\":{\"@id\":\"https:\/\/giroinmongolfiera.com\/#\/schema\/logo\/image\/\"}}]}<\/script>\n<!-- \/ Yoast SEO plugin. -->","yoast_head_json":{"title":"Giro in Mongolfiera su Barolo e le Langhe - Cesto riservato","description":"Un Giro in Mongolfiera riservato, tutta la Mongolfiera per te per le tue occasioni davvero speciali. Un'esperienza indimenticabile.","robots":{"index":"index","follow":"follow","max-snippet":"max-snippet:-1","max-image-preview":"max-image-preview:large","max-video-preview":"max-video-preview:-1"},"canonical":"https:\/\/giroinmongolfiera.com\/fr\/catalogo\/voli\/voli-esclusivi\/esclusivo-profumo-di-langa\/","og_locale":"fr_FR","og_type":"article","og_title":"Giro in Mongolfiera su Barolo e le Langhe - Cesto riservato","og_description":"Un Giro in Mongolfiera riservato, tutta la Mongolfiera per te per le tue occasioni davvero speciali. Un'esperienza indimenticabile.","og_url":"https:\/\/giroinmongolfiera.com\/fr\/catalogo\/voli\/voli-esclusivi\/esclusivo-profumo-di-langa\/","og_site_name":"Giro in mongolfiera","article_modified_time":"2025-06-18T12:53:41+00:00","og_image":[{"width":1365,"height":1365,"url":"https:\/\/giroinmongolfiera.com\/wp-content\/uploads\/volo-esclusivo-al-profumo-di-Langa-e1709131824611.jpg","type":"image\/jpeg"}],"twitter_card":"summary_large_image","twitter_misc":{"Dur\u00e9e de lecture estim\u00e9e":"1 minute"},"schema":{"@context":"https:\/\/schema.org","@graph":[{"@type":"WebPage","@id":"https:\/\/giroinmongolfiera.com\/catalogo\/voli\/voli-esclusivi\/esclusivo-profumo-di-langa\/","url":"https:\/\/giroinmongolfiera.com\/catalogo\/voli\/voli-esclusivi\/esclusivo-profumo-di-langa\/","name":"Giro in Mongolfiera su Barolo e le Langhe - Cesto riservato","isPartOf":{"@id":"https:\/\/giroinmongolfiera.com\/#website"},"primaryImageOfPage":{"@id":"https:\/\/giroinmongolfiera.com\/catalogo\/voli\/voli-esclusivi\/esclusivo-profumo-di-langa\/#primaryimage"},"image":{"@id":"https:\/\/giroinmongolfiera.com\/catalogo\/voli\/voli-esclusivi\/esclusivo-profumo-di-langa\/#primaryimage"},"thumbnailUrl":"https:\/\/giroinmongolfiera.com\/wp-content\/uploads\/volo-esclusivo-al-profumo-di-Langa-e1709131824611.jpg","datePublished":"2024-02-01T10:26:14+00:00","dateModified":"2025-06-18T12:53:41+00:00","description":"Un Giro in Mongolfiera riservato, tutta la Mongolfiera per te per le tue occasioni davvero speciali. Un'esperienza indimenticabile.","breadcrumb":{"@id":"https:\/\/giroinmongolfiera.com\/catalogo\/voli\/voli-esclusivi\/esclusivo-profumo-di-langa\/#breadcrumb"},"inLanguage":"fr-FR","potentialAction":[{"@type":"ReadAction","target":["https:\/\/giroinmongolfiera.com\/catalogo\/voli\/voli-esclusivi\/esclusivo-profumo-di-langa\/"]}]},{"@type":"ImageObject","inLanguage":"fr-FR","@id":"https:\/\/giroinmongolfiera.com\/catalogo\/voli\/voli-esclusivi\/esclusivo-profumo-di-langa\/#primaryimage","url":"https:\/\/giroinmongolfiera.com\/wp-content\/uploads\/volo-esclusivo-al-profumo-di-Langa-e1709131824611.jpg","contentUrl":"https:\/\/giroinmongolfiera.com\/wp-content\/uploads\/volo-esclusivo-al-profumo-di-Langa-e1709131824611.jpg","width":1365,"height":1365},{"@type":"BreadcrumbList","@id":"https:\/\/giroinmongolfiera.com\/catalogo\/voli\/voli-esclusivi\/esclusivo-profumo-di-langa\/#breadcrumb","itemListElement":[{"@type":"ListItem","position":1,"name":"Home","item":"https:\/\/giroinmongolfiera.com\/"},{"@type":"ListItem","position":2,"name":"Products","item":"https:\/\/giroinmongolfiera.com\/shop\/"},{"@type":"ListItem","position":3,"name":"VOLI","item":"https:\/\/giroinmongolfiera.com\/categoria\/voli\/"},{"@type":"ListItem","position":4,"name":"Voli esclusivi","item":"https:\/\/giroinmongolfiera.com\/categoria\/voli\/voli-esclusivi\/"},{"@type":"ListItem","position":5,"name":"Giro in mongolfiera esclusivo su Barolo e le Langhe"}]},{"@type":"WebSite","@id":"https:\/\/giroinmongolfiera.com\/#website","url":"https:\/\/giroinmongolfiera.com\/","name":"Giro in mongolfiera","description":"Vola in mongolfiera, vivi un&#039;esperienza unica","publisher":{"@id":"https:\/\/giroinmongolfiera.com\/#organization"},"potentialAction":[{"@type":"SearchAction","target":{"@type":"EntryPoint","urlTemplate":"https:\/\/giroinmongolfiera.com\/?s={search_term_string}"},"query-input":{"@type":"PropertyValueSpecification","valueRequired":true,"valueName":"search_term_string"}}],"inLanguage":"fr-FR"},{"@type":"Organization","@id":"https:\/\/giroinmongolfiera.com\/#organization","name":"Giroinmongolfiera SRL","url":"https:\/\/giroinmongolfiera.com\/","logo":{"@type":"ImageObject","inLanguage":"fr-FR","@id":"https:\/\/giroinmongolfiera.com\/#\/schema\/logo\/image\/","url":"https:\/\/giroinmongolfiera.com\/wp-content\/uploads\/Giro_in_Mongolfiera-LOGO.png","contentUrl":"https:\/\/giroinmongolfiera.com\/wp-content\/uploads\/Giro_in_Mongolfiera-LOGO.png","width":385,"height":126,"caption":"Giroinmongolfiera SRL"},"image":{"@id":"https:\/\/giroinmongolfiera.com\/#\/schema\/logo\/image\/"}}]}},"_links":{"self":[{"href":"https:\/\/giroinmongolfiera.com\/fr\/wp-json\/wp\/v2\/product\/18885","targetHints":{"allow":["GET"]}}],"collection":[{"href":"https:\/\/giroinmongolfiera.com\/fr\/wp-json\/wp\/v2\/product"}],"about":[{"href":"https:\/\/giroinmongolfiera.com\/fr\/wp-json\/wp\/v2\/types\/product"}],"wp:featuredmedia":[{"embeddable":true,"href":"https:\/\/giroinmongolfiera.com\/fr\/wp-json\/wp\/v2\/media\/19071"}],"wp:attachment":[{"href":"https:\/\/giroinmongolfiera.com\/fr\/wp-json\/wp\/v2\/media?parent=18885"}],"wp:term":[{"taxonomy":"product_brand","embeddable":true,"href":"https:\/\/giroinmongolfiera.com\/fr\/wp-json\/wp\/v2\/product_brand?post=18885"},{"taxonomy":"product_cat","embeddable":true,"href":"https:\/\/giroinmongolfiera.com\/fr\/wp-json\/wp\/v2\/product_cat?post=18885"},{"taxonomy":"product_tag","embeddable":true,"href":"https:\/\/giroinmongolfiera.com\/fr\/wp-json\/wp\/v2\/product_tag?post=18885"},{"taxonomy":"partenza_voli","embeddable":true,"href":"https:\/\/giroinmongolfiera.com\/fr\/wp-json\/wp\/v2\/partenza_voli?post=18885"},{"taxonomy":"zona","embeddable":true,"href":"https:\/\/giroinmongolfiera.com\/fr\/wp-json\/wp\/v2\/zona?post=18885"}],"curies":[{"name":"wp","href":"https:\/\/api.w.org\/{rel}","templated":true}]}}