{"id":29580,"date":"2025-04-28T11:09:05","date_gmt":"2025-04-28T09:09:05","guid":{"rendered":"https:\/\/giroinmongolfiera.com\/?post_type=product&#038;p=29580"},"modified":"2026-03-06T11:26:05","modified_gmt":"2026-03-06T09:26:05","slug":"volo-avventura-da-mondovi","status":"publish","type":"product","link":"https:\/\/giroinmongolfiera.com\/fr\/catalogo\/voli\/voli-di-gruppo\/volo-avventura-da-mondovi\/","title":{"rendered":"EXP\u00c9RIENCE DE VOL"},"content":{"rendered":"<section class=\"l-section wpb_row us_custom_6430fa7d height_auto\"><div class=\"l-section-h i-cf\"><div class=\"g-cols vc_row via_flex valign_top type_default stacking_default\"><div class=\"vc_col-sm-2 wpb_column vc_column_container\"><div class=\"vc_column-inner\"><div class=\"wpb_wrapper\"><\/div><\/div><\/div><div class=\"vc_col-sm-8 wpb_column vc_column_container\"><div class=\"vc_column-inner\"><div class=\"wpb_wrapper\"><div class=\"w-separator size_small with_line width_default thick_1 style_solid color_border align_left with_text with_content\"><div class=\"w-separator-h\"><h5 class=\"w-separator-text\"><i class=\"fal fa-fast-forward\"><\/i><span>aper\u00e7ue rapide<\/span><\/h5><\/div><\/div><div class=\"g-cols wpb_row via_flex valign_top type_default stacking_default\" style=\"--additional-gap:1rem;\"><div class=\"vc_col-sm-6 wpb_column vc_column_container\"><div class=\"vc_column-inner\"><div class=\"wpb_wrapper\"><div class=\"w-iconbox iconpos_left style_default color_contrast align_left no_title\"><div class=\"w-iconbox-icon\" style=\"font-size:1.5rem;\"><i class=\"fal fa-map-marker-smile\"><\/i><\/div><div class=\"w-iconbox-meta\"><div class=\"w-iconbox-text\"><p><strong>Localit\u00e9<br \/>\n<\/strong>Mondov\u00ec (CN)\u2013 Pi\u00e9mont<\/p>\n<\/div><\/div><\/div><\/div><\/div><\/div><div class=\"vc_col-sm-6 wpb_column vc_column_container\"><div class=\"vc_column-inner\"><div class=\"wpb_wrapper\"><div class=\"w-iconbox iconpos_left style_default color_contrast align_left no_title\"><div class=\"w-iconbox-icon\" style=\"font-size:1.5rem;\"><i class=\"fal fa-calendar-alt\"><\/i><\/div><div class=\"w-iconbox-meta\"><div class=\"w-iconbox-text\"><p><strong>Disponibilit\u00e9<br \/>\n<\/strong>De juillet \u00e0 mars, tous les 1er dimanches du mois<\/p>\n<\/div><\/div><\/div><\/div><\/div><\/div><\/div><div class=\"w-separator size_custom\" style=\"height:1.5rem\"><\/div><div class=\"g-cols wpb_row via_flex valign_top type_default stacking_default\" style=\"--additional-gap:1rem;\"><div class=\"vc_col-sm-6 wpb_column vc_column_container\"><div class=\"vc_column-inner\"><div class=\"wpb_wrapper\"><div class=\"w-iconbox iconpos_left style_default color_contrast align_left no_title\"><div class=\"w-iconbox-icon\" style=\"font-size:1.5rem;\"><i class=\"fal fa-users\"><\/i><\/div><div class=\"w-iconbox-meta\"><div class=\"w-iconbox-text\"><p><strong>Participants<\/strong><br \/>\nPremier groupe: jusqu'\u00e0 12 personnes<br \/>\nDeuxi\u00e8me groupe: jusqu'\u00e0 12 personnes<\/p>\n<\/div><\/div><\/div><\/div><\/div><\/div><div class=\"vc_col-sm-6 wpb_column vc_column_container\"><div class=\"vc_column-inner\"><div class=\"wpb_wrapper\"><div class=\"w-iconbox iconpos_left style_default color_contrast align_left no_title\"><div class=\"w-iconbox-icon\" style=\"font-size:1.5rem;\"><i class=\"fal fa-clock\"><\/i><\/div><div class=\"w-iconbox-meta\"><div class=\"w-iconbox-text\"><p><strong>Horaires<\/strong><br \/>\npeu apr\u00e8s l'aube<\/p>\n<\/div><\/div><\/div><\/div><\/div><\/div><\/div><div class=\"w-separator size_custom\" style=\"height:1.5rem\"><\/div><div class=\"g-cols wpb_row via_flex valign_top type_default stacking_default\" style=\"--additional-gap:2rem;\"><div class=\"vc_col-sm-12 wpb_column vc_column_container\"><div class=\"vc_column-inner\"><div class=\"wpb_wrapper\"><div class=\"w-iconbox iconpos_left style_default color_contrast align_left no_title\"><div class=\"w-iconbox-icon\" style=\"font-size:1.5rem;\"><i class=\"fal fa-hourglass\"><\/i><\/div><div class=\"w-iconbox-meta\"><div class=\"w-iconbox-text\"><p><strong>Dur\u00e9e totale de l'exp\u00e9rience<\/strong><br \/>\nenviron 2 heures (il comprend pr\u00e9paration, vol\/poursuite et retour)<\/p>\n<\/div><\/div><\/div><\/div><\/div><\/div><\/div><div class=\"w-separator size_custom\" style=\"height:2rem\"><\/div><div class=\"w-separator size_small\"><\/div><div class=\"w-separator size_small with_line width_default thick_1 style_solid color_border align_left with_text with_content\"><div class=\"w-separator-h\"><h5 class=\"w-separator-text\"><i class=\"fal fa-telescope\"><\/i><span>ce que vous verrez d'en haut<\/span><\/h5><\/div><\/div><div class=\"wpb_text_column\"><div class=\"wpb_wrapper\"><ul>\n<li aria-level=\"1\"><span>Les terres entre<span>\u00a0<\/span><strong>Mondov\u00ec<\/strong><span>\u00a0<\/span>et les<span>\u00a0<\/span><strong>Langhe<\/strong><\/span><\/li>\n<li aria-level=\"1\"><span>Les<span>\u00a0<\/span><strong>calanques<\/strong>, merveilles naturelles fa\u00e7onn\u00e9es par le temps<\/span><\/li>\n<li aria-level=\"1\"><span>Le<span>\u00a0<\/span><strong>rivi\u00e8re Pesio<\/strong>, qui traverse la pleine avec \u00e9l\u00e9gance<\/span><\/li>\n<li aria-level=\"1\"><span>Les majestueuses<span>\u00a0<\/span><strong>Alpes<\/strong><span>\u00a0<\/span>et les<span>\u00a0<\/span><strong>douces collines<\/strong><span>\u00a0<\/span>des Langhe \u00e0 l'horizon<\/span><\/li>\n<\/ul>\n<\/div><\/div><div class=\"w-separator size_small\"><\/div><div class=\"w-separator size_small with_line width_default thick_1 style_solid color_border align_left with_text with_content\"><div class=\"w-separator-h\"><h5 class=\"w-separator-text\"><i class=\"fas fa-vial\"><\/i><span>l'exp\u00e9rience comprend<\/span><\/h5><\/div><\/div><div class=\"wpb_text_column\"><div class=\"wpb_wrapper\"><ol>\n<li><strong>R\u00e9union d'information pr\u00e9-vol <\/strong>avec le pilote  \u2713<\/li>\n<li><strong>Volo di 30 minuti circa sulla Piana del Cuneese<\/strong>\u2713<\/li>\n<li><strong>Toast<\/strong> <strong>final<\/strong> \u2713<\/li>\n<li><strong>Le transport <\/strong>d'aller et\/ou retour pour les deux  groupes \u2713<\/li>\n<li><strong>Assurance <\/strong>compl\u00e8te des passagers  \u2713<\/li>\n<li><strong>Parking gratuit <\/strong>au point de retour  \u2713<\/li>\n<\/ol>\n<\/div><\/div><div class=\"w-separator size_small\"><\/div><\/div><\/div><\/div><div class=\"vc_col-sm-2 wpb_column vc_column_container\"><div class=\"vc_column-inner\"><div class=\"wpb_wrapper\"><\/div><\/div><\/div><\/div><\/div><\/section><section class=\"l-section wpb_row us_custom_8417cf24 height_auto\"><div class=\"l-section-overlay\" style=\"background:rgba(255,255,255,0.55)\"><\/div><div class=\"l-section-h i-cf\"><div class=\"g-cols vc_row via_flex valign_top type_default stacking_default\"><div class=\"vc_col-sm-2 wpb_column vc_column_container\"><div class=\"vc_column-inner\"><div class=\"wpb_wrapper\"><\/div><\/div><\/div><div class=\"vc_col-sm-8 wpb_column vc_column_container\"><div class=\"vc_column-inner\"><div class=\"wpb_wrapper\"><div class=\"w-separator us_custom_2ba75eac size_medium has_font_size with_line width_default thick_1 style_solid color_text align_left with_text with_content\"><div class=\"w-separator-h\"><div class=\"w-separator-text\"><span>DESCRIPTION<\/span><\/div><\/div><\/div><div class=\"wpb_text_column with_collapsible_content\" data-content-height=\"300px\"><div class=\"wpb_wrapper\"><p>Prenota ora il volo esperienza e vivi un&#8217;alba indimenticabile tra cielo e terra. Un&#8217;esperienza completa a <strong>seulement \u20ac180 par personne<\/strong><\/p>\n<p><strong>Comment \u00e7a marche:<\/strong><\/p>\n<ul>\n<li>Les participants sont divis\u00e9s en deux groupes<\/li>\n<li>Le premier groupe d\u00e9colle imm\u00e9diatement avec la montgolfi\u00e8re<\/li>\n<li>Le deuxi\u00e8me groupe part \u00e0 la poursuite \u00e0 bord des nos v\u00e9hiules tout-terrain, guid\u00e9s par des \u00e9quipages exp\u00e9riment\u00e9s qui maintiennent le contact radio avec le ballon<\/li>\n<li>Depuis 30-40 minutes de vol, la montgolfi\u00e8re atterrit \u00e0 un endroit d\u00e9termin\u00e9 par les courants de vent<\/li>\n<li>\u00c0 ce point le changement a lieu: le deuxi\u00e8me groupe monte sur la montgolfi\u00e8re pour la deuxi\u00e8me partie de l'aventure a\u00e9rienne<\/li>\n<li>\u00c0 la fin de l'exp\u00e9rience, tous les participants raccompagn\u00e9s au point de rendez-vous initial<\/li>\n<li>L'aventure conclut avec un toast, moment parfait  pour partager les \u00e9motions v\u00e9cues.<\/li>\n<li>L&#8217;esperienza si svolge la prima domenica di ogni mese all&#8217;alba (da Luglio a Marzo).<\/li>\n<\/ul>\n<\/div><div class=\"toggle-links align_none\"><button class=\"collapsible-content-more\">Voir plus<\/button><button class=\"collapsible-content-less\">Voir moins<\/button><\/div><\/div><div class=\"w-separator size_small\"><\/div><\/div><\/div><\/div><div class=\"vc_col-sm-2 wpb_column vc_column_container\"><div class=\"vc_column-inner\"><div class=\"wpb_wrapper\"><\/div><\/div><\/div><\/div><\/div><\/section><section class=\"l-section wpb_row us_custom_8d032b96 height_auto width_full color_primary\"><div class=\"l-section-h i-cf\"><div class=\"g-cols vc_row via_flex valign_top type_default stacking_default\"><div class=\"vc_col-sm-12 wpb_column vc_column_container\"><div class=\"vc_column-inner\"><div class=\"wpb_wrapper\"><div class=\"w-separator size_small with_line width_default thick_1 style_solid color_text align_left with_text with_content\"><div class=\"w-separator-h\"><h5 class=\"w-separator-text\"><i class=\"fas fa-vial\"><\/i><span>pourquoi nous choisir ?<\/span><\/h5><\/div><\/div><div class=\"g-cols wpb_row via_flex valign_top type_boxes stacking_default\"><div class=\"vc_col-sm-6 wpb_column vc_column_container\"><div class=\"vc_column-inner\"><div class=\"wpb_wrapper\"><div class=\"w-iconbox iconpos_top style_default color_contrast align_center no_title\"><div class=\"w-iconbox-icon\" style=\"font-size:2rem;\"><i class=\"fal fa-user-shield\"><\/i><\/div><div class=\"w-iconbox-meta\"><div class=\"w-iconbox-text\"><p>Pilotes <strong>exp\u00e9riment\u00e9s et certifi\u00e9s<\/strong> ENAC<\/p>\n<\/div><\/div><\/div><\/div><\/div><\/div><div class=\"vc_col-sm-6 wpb_column vc_column_container\"><div class=\"vc_column-inner\"><div class=\"wpb_wrapper\"><div class=\"w-iconbox iconpos_top style_default color_contrast align_center no_title\"><div class=\"w-iconbox-icon\" style=\"font-size:2rem;\"><i class=\"fal fa-cloud-hail-mixed\"><\/i><\/div><div class=\"w-iconbox-meta\"><div class=\"w-iconbox-text\"><p>Garantie m\u00e9t\u00e9o:, en cas de mauvais temps, on reprogramme <strong>sans co\u00fbts<\/strong><\/p>\n<\/div><\/div><\/div><\/div><\/div><\/div><\/div><div class=\"g-cols wpb_row via_flex valign_top type_boxes stacking_default\"><div class=\"vc_col-sm-6 wpb_column vc_column_container\"><div class=\"vc_column-inner\"><div class=\"wpb_wrapper\"><div class=\"w-iconbox iconpos_top style_default color_contrast align_center no_title\"><div class=\"w-iconbox-icon\" style=\"font-size:2rem;\"><i class=\"fal fa-glass-cheers\"><\/i><\/div><div class=\"w-iconbox-meta\"><div class=\"w-iconbox-text\"><p>On trinque ensemble avec<strong> produits locaux<\/strong><\/p>\n<\/div><\/div><\/div><\/div><\/div><\/div><div class=\"vc_col-sm-6 wpb_column vc_column_container\"><div class=\"vc_column-inner\"><div class=\"wpb_wrapper\"><div class=\"w-iconbox iconpos_top style_default color_contrast align_center no_title\"><div class=\"w-iconbox-icon\" style=\"font-size:2rem;\"><i class=\"fal fa-tree-alt\"><\/i><\/div><div class=\"w-iconbox-meta\"><div class=\"w-iconbox-text\"><p>Impact z\u00e9ro: pour chaque vol <strong>on plante un arbre<\/strong><\/p>\n<\/div><\/div><\/div><\/div><\/div><\/div><\/div><\/div><\/div><\/div><\/div><\/div><\/section><section class=\"l-section wpb_row us_custom_8417cf24 height_auto\"><div class=\"l-section-overlay\" style=\"background:rgba(255,255,255,0.55)\"><\/div><div class=\"l-section-h i-cf\"><div class=\"g-cols vc_row via_flex valign_top type_default stacking_default\"><div class=\"vc_col-sm-2 wpb_column vc_column_container\"><div class=\"vc_column-inner\"><div class=\"wpb_wrapper\"><\/div><\/div><\/div><div class=\"vc_col-sm-8 wpb_column vc_column_container\"><div class=\"vc_column-inner\"><div class=\"wpb_wrapper\"><div class=\"w-separator us_custom_2ba75eac size_medium has_font_size with_line width_default thick_1 style_solid color_text align_left with_text with_content\"><div class=\"w-separator-h\"><div class=\"w-separator-text\"><span>TOUTE LA BEAUT\u00c9 QUI VOUS ATTEND<\/span><\/div><\/div><\/div><div class=\"wpb_text_column with_collapsible_content\" data-content-height=\"300px\"><div class=\"wpb_wrapper\"><p><strong>Highligts:<\/strong><\/p>\n<ul>\n<li><strong>Emplacement privil\u00e9gi\u00e9<\/strong>: Mondov\u00ec offre paysages \u00e0 couper le souffle entre collines et montagnes<\/li>\n<li><strong>Moment magic:<\/strong>le vol \u00e0 l'aube donne  une lumi\u00e8re et une atmosph\u00e8re uniques<\/li>\n<li><strong>Aventure compl\u00e8te<\/strong>: Combine l'\u00e9motion du vol avec le frisson du poursuite en tout-terrain<\/li>\n<li><strong>Pris convenient<\/strong>: Pour seulement  \u20ac180 par personne, une exp\u00e9rience  exclusive devient accessible<\/li>\n<li><strong>Assistance professionnelle<\/strong>: Nos \u00e9quipes garantissent la s\u00e9curit\u00e9 et une coordination parfaite<\/li>\n<li><strong>Souvenir sp\u00e9cial<\/strong>: Il brindisi finale aggiunge all&#8217;avventura un momento di convivialit\u00e0 e amicizia<\/li>\n<\/ul>\n<\/div><div class=\"toggle-links align_none\"><button class=\"collapsible-content-more\">Voir plus<\/button><button class=\"collapsible-content-less\">Voir moins<\/button><\/div><\/div><div class=\"w-separator size_small\"><\/div><\/div><\/div><\/div><div class=\"vc_col-sm-2 wpb_column vc_column_container\"><div class=\"vc_column-inner\"><div class=\"wpb_wrapper\"><\/div><\/div><\/div><\/div><\/div><\/section>","protected":false},"excerpt":{"rendered":"<p><strong>Vol court de Mondov\u00ec, en groupe, divis\u00e9e en deux tours. Une exp\u00e9rience dinamique et amusante! La premi\u00e8re dimanche du mois de juillet \u00e0 mars.<\/strong><\/p>\n<p>&nbsp;<\/p>","protected":false},"featured_media":5835,"template":"","meta":{"_acf_changed":false},"product_brand":[],"product_cat":[140,23],"product_tag":[],"partenza_voli":[109],"zona":[96],"class_list":{"0":"post-29580","1":"product","2":"type-product","3":"status-publish","4":"has-post-thumbnail","6":"product_cat-voli","7":"product_cat-voli-di-gruppo","8":"partenza_voli-mondovi-en","9":"zona-mondovi","11":"first","12":"instock","13":"featured","14":"virtual","15":"purchasable","16":"product-type-simple"},"acf":[],"yoast_head":"<!-- This site is optimized with the Yoast SEO plugin v27.1.1 - https:\/\/yoast.com\/product\/yoast-seo-wordpress\/ -->\n<title>Giro in Mongolfiera breve su Mondov\u00ec - volo di gruppo<\/title>\n<meta name=\"description\" content=\"Gioca a guardie e ladri con le mongolfiere, salici a bordo e vola risparmiando! Decollo da Mondov\u00ec la prima domenica di ogni mese da Luglio a Marzo.\" \/>\n<meta name=\"robots\" content=\"index, follow, max-snippet:-1, max-image-preview:large, max-video-preview:-1\" \/>\n<link rel=\"canonical\" href=\"https:\/\/giroinmongolfiera.com\/fr\/catalogo\/voli\/voli-di-gruppo\/volo-avventura-da-mondovi\/\" \/>\n<meta property=\"og:locale\" content=\"fr_FR\" \/>\n<meta property=\"og:type\" content=\"article\" \/>\n<meta property=\"og:title\" content=\"Giro in Mongolfiera breve su Mondov\u00ec - volo di gruppo\" \/>\n<meta property=\"og:description\" content=\"Gioca a guardie e ladri con le mongolfiere, salici a bordo e vola risparmiando! Decollo da Mondov\u00ec la prima domenica di ogni mese da Luglio a Marzo.\" \/>\n<meta property=\"og:url\" content=\"https:\/\/giroinmongolfiera.com\/fr\/catalogo\/voli\/voli-di-gruppo\/volo-avventura-da-mondovi\/\" \/>\n<meta property=\"og:site_name\" content=\"Giro in mongolfiera\" \/>\n<meta property=\"article:modified_time\" content=\"2026-03-06T09:26:05+00:00\" \/>\n<meta property=\"og:image\" content=\"https:\/\/giroinmongolfiera.com\/wp-content\/uploads\/varie-con-persone-1.jpg\" \/>\n\t<meta property=\"og:image:width\" content=\"2000\" \/>\n\t<meta property=\"og:image:height\" content=\"1500\" \/>\n\t<meta property=\"og:image:type\" content=\"image\/jpeg\" \/>\n<meta name=\"twitter:card\" content=\"summary_large_image\" \/>\n<meta name=\"twitter:label1\" content=\"Dur\u00e9e de lecture estim\u00e9e\" \/>\n\t<meta name=\"twitter:data1\" content=\"1 minute\" \/>\n<script type=\"application\/ld+json\" class=\"yoast-schema-graph\">{\"@context\":\"https:\/\/schema.org\",\"@graph\":[{\"@type\":\"WebPage\",\"@id\":\"https:\/\/giroinmongolfiera.com\/catalogo\/voli\/voli-di-gruppo\/volo-avventura-da-mondovi\/\",\"url\":\"https:\/\/giroinmongolfiera.com\/catalogo\/voli\/voli-di-gruppo\/volo-avventura-da-mondovi\/\",\"name\":\"Giro in Mongolfiera breve su Mondov\u00ec - volo di gruppo\",\"isPartOf\":{\"@id\":\"https:\/\/giroinmongolfiera.com\/#website\"},\"primaryImageOfPage\":{\"@id\":\"https:\/\/giroinmongolfiera.com\/catalogo\/voli\/voli-di-gruppo\/volo-avventura-da-mondovi\/#primaryimage\"},\"image\":{\"@id\":\"https:\/\/giroinmongolfiera.com\/catalogo\/voli\/voli-di-gruppo\/volo-avventura-da-mondovi\/#primaryimage\"},\"thumbnailUrl\":\"https:\/\/giroinmongolfiera.com\/wp-content\/uploads\/varie-con-persone-1.jpg\",\"datePublished\":\"2025-04-28T09:09:05+00:00\",\"dateModified\":\"2026-03-06T09:26:05+00:00\",\"description\":\"Gioca a guardie e ladri con le mongolfiere, salici a bordo e vola risparmiando! Decollo da Mondov\u00ec la prima domenica di ogni mese da Luglio a Marzo.\",\"breadcrumb\":{\"@id\":\"https:\/\/giroinmongolfiera.com\/catalogo\/voli\/voli-di-gruppo\/volo-avventura-da-mondovi\/#breadcrumb\"},\"inLanguage\":\"fr-FR\",\"potentialAction\":[{\"@type\":\"ReadAction\",\"target\":[\"https:\/\/giroinmongolfiera.com\/catalogo\/voli\/voli-di-gruppo\/volo-avventura-da-mondovi\/\"]}]},{\"@type\":\"ImageObject\",\"inLanguage\":\"fr-FR\",\"@id\":\"https:\/\/giroinmongolfiera.com\/catalogo\/voli\/voli-di-gruppo\/volo-avventura-da-mondovi\/#primaryimage\",\"url\":\"https:\/\/giroinmongolfiera.com\/wp-content\/uploads\/varie-con-persone-1.jpg\",\"contentUrl\":\"https:\/\/giroinmongolfiera.com\/wp-content\/uploads\/varie-con-persone-1.jpg\",\"width\":2000,\"height\":1500},{\"@type\":\"BreadcrumbList\",\"@id\":\"https:\/\/giroinmongolfiera.com\/catalogo\/voli\/voli-di-gruppo\/volo-avventura-da-mondovi\/#breadcrumb\",\"itemListElement\":[{\"@type\":\"ListItem\",\"position\":1,\"name\":\"Home\",\"item\":\"https:\/\/giroinmongolfiera.com\/\"},{\"@type\":\"ListItem\",\"position\":2,\"name\":\"Products\",\"item\":\"https:\/\/giroinmongolfiera.com\/shop\/\"},{\"@type\":\"ListItem\",\"position\":3,\"name\":\"VOLI\",\"item\":\"https:\/\/giroinmongolfiera.com\/categoria\/voli\/\"},{\"@type\":\"ListItem\",\"position\":4,\"name\":\"Voli di gruppo\",\"item\":\"https:\/\/giroinmongolfiera.com\/categoria\/voli\/voli-di-gruppo\/\"},{\"@type\":\"ListItem\",\"position\":5,\"name\":\"VOLO ESPERIENZA\"}]},{\"@type\":\"WebSite\",\"@id\":\"https:\/\/giroinmongolfiera.com\/#website\",\"url\":\"https:\/\/giroinmongolfiera.com\/\",\"name\":\"Giro in mongolfiera\",\"description\":\"Vola in mongolfiera, vivi un&#039;esperienza unica\",\"publisher\":{\"@id\":\"https:\/\/giroinmongolfiera.com\/#organization\"},\"potentialAction\":[{\"@type\":\"SearchAction\",\"target\":{\"@type\":\"EntryPoint\",\"urlTemplate\":\"https:\/\/giroinmongolfiera.com\/?s={search_term_string}\"},\"query-input\":{\"@type\":\"PropertyValueSpecification\",\"valueRequired\":true,\"valueName\":\"search_term_string\"}}],\"inLanguage\":\"fr-FR\"},{\"@type\":\"Organization\",\"@id\":\"https:\/\/giroinmongolfiera.com\/#organization\",\"name\":\"Giroinmongolfiera SRL\",\"url\":\"https:\/\/giroinmongolfiera.com\/\",\"logo\":{\"@type\":\"ImageObject\",\"inLanguage\":\"fr-FR\",\"@id\":\"https:\/\/giroinmongolfiera.com\/#\/schema\/logo\/image\/\",\"url\":\"https:\/\/giroinmongolfiera.com\/wp-content\/uploads\/Giro_in_Mongolfiera-LOGO.png\",\"contentUrl\":\"https:\/\/giroinmongolfiera.com\/wp-content\/uploads\/Giro_in_Mongolfiera-LOGO.png\",\"width\":385,\"height\":126,\"caption\":\"Giroinmongolfiera SRL\"},\"image\":{\"@id\":\"https:\/\/giroinmongolfiera.com\/#\/schema\/logo\/image\/\"}}]}<\/script>\n<!-- \/ Yoast SEO plugin. -->","yoast_head_json":{"title":"Giro in Mongolfiera breve su Mondov\u00ec - volo di gruppo","description":"Gioca a guardie e ladri con le mongolfiere, salici a bordo e vola risparmiando! Decollo da Mondov\u00ec la prima domenica di ogni mese da Luglio a Marzo.","robots":{"index":"index","follow":"follow","max-snippet":"max-snippet:-1","max-image-preview":"max-image-preview:large","max-video-preview":"max-video-preview:-1"},"canonical":"https:\/\/giroinmongolfiera.com\/fr\/catalogo\/voli\/voli-di-gruppo\/volo-avventura-da-mondovi\/","og_locale":"fr_FR","og_type":"article","og_title":"Giro in Mongolfiera breve su Mondov\u00ec - volo di gruppo","og_description":"Gioca a guardie e ladri con le mongolfiere, salici a bordo e vola risparmiando! Decollo da Mondov\u00ec la prima domenica di ogni mese da Luglio a Marzo.","og_url":"https:\/\/giroinmongolfiera.com\/fr\/catalogo\/voli\/voli-di-gruppo\/volo-avventura-da-mondovi\/","og_site_name":"Giro in mongolfiera","article_modified_time":"2026-03-06T09:26:05+00:00","og_image":[{"width":2000,"height":1500,"url":"https:\/\/giroinmongolfiera.com\/wp-content\/uploads\/varie-con-persone-1.jpg","type":"image\/jpeg"}],"twitter_card":"summary_large_image","twitter_misc":{"Dur\u00e9e de lecture estim\u00e9e":"1 minute"},"schema":{"@context":"https:\/\/schema.org","@graph":[{"@type":"WebPage","@id":"https:\/\/giroinmongolfiera.com\/catalogo\/voli\/voli-di-gruppo\/volo-avventura-da-mondovi\/","url":"https:\/\/giroinmongolfiera.com\/catalogo\/voli\/voli-di-gruppo\/volo-avventura-da-mondovi\/","name":"Giro in Mongolfiera breve su Mondov\u00ec - volo di gruppo","isPartOf":{"@id":"https:\/\/giroinmongolfiera.com\/#website"},"primaryImageOfPage":{"@id":"https:\/\/giroinmongolfiera.com\/catalogo\/voli\/voli-di-gruppo\/volo-avventura-da-mondovi\/#primaryimage"},"image":{"@id":"https:\/\/giroinmongolfiera.com\/catalogo\/voli\/voli-di-gruppo\/volo-avventura-da-mondovi\/#primaryimage"},"thumbnailUrl":"https:\/\/giroinmongolfiera.com\/wp-content\/uploads\/varie-con-persone-1.jpg","datePublished":"2025-04-28T09:09:05+00:00","dateModified":"2026-03-06T09:26:05+00:00","description":"Gioca a guardie e ladri con le mongolfiere, salici a bordo e vola risparmiando! Decollo da Mondov\u00ec la prima domenica di ogni mese da Luglio a Marzo.","breadcrumb":{"@id":"https:\/\/giroinmongolfiera.com\/catalogo\/voli\/voli-di-gruppo\/volo-avventura-da-mondovi\/#breadcrumb"},"inLanguage":"fr-FR","potentialAction":[{"@type":"ReadAction","target":["https:\/\/giroinmongolfiera.com\/catalogo\/voli\/voli-di-gruppo\/volo-avventura-da-mondovi\/"]}]},{"@type":"ImageObject","inLanguage":"fr-FR","@id":"https:\/\/giroinmongolfiera.com\/catalogo\/voli\/voli-di-gruppo\/volo-avventura-da-mondovi\/#primaryimage","url":"https:\/\/giroinmongolfiera.com\/wp-content\/uploads\/varie-con-persone-1.jpg","contentUrl":"https:\/\/giroinmongolfiera.com\/wp-content\/uploads\/varie-con-persone-1.jpg","width":2000,"height":1500},{"@type":"BreadcrumbList","@id":"https:\/\/giroinmongolfiera.com\/catalogo\/voli\/voli-di-gruppo\/volo-avventura-da-mondovi\/#breadcrumb","itemListElement":[{"@type":"ListItem","position":1,"name":"Home","item":"https:\/\/giroinmongolfiera.com\/"},{"@type":"ListItem","position":2,"name":"Products","item":"https:\/\/giroinmongolfiera.com\/shop\/"},{"@type":"ListItem","position":3,"name":"VOLI","item":"https:\/\/giroinmongolfiera.com\/categoria\/voli\/"},{"@type":"ListItem","position":4,"name":"Voli di gruppo","item":"https:\/\/giroinmongolfiera.com\/categoria\/voli\/voli-di-gruppo\/"},{"@type":"ListItem","position":5,"name":"VOLO ESPERIENZA"}]},{"@type":"WebSite","@id":"https:\/\/giroinmongolfiera.com\/#website","url":"https:\/\/giroinmongolfiera.com\/","name":"Giro in mongolfiera","description":"Vola in mongolfiera, vivi un&#039;esperienza unica","publisher":{"@id":"https:\/\/giroinmongolfiera.com\/#organization"},"potentialAction":[{"@type":"SearchAction","target":{"@type":"EntryPoint","urlTemplate":"https:\/\/giroinmongolfiera.com\/?s={search_term_string}"},"query-input":{"@type":"PropertyValueSpecification","valueRequired":true,"valueName":"search_term_string"}}],"inLanguage":"fr-FR"},{"@type":"Organization","@id":"https:\/\/giroinmongolfiera.com\/#organization","name":"Giroinmongolfiera SRL","url":"https:\/\/giroinmongolfiera.com\/","logo":{"@type":"ImageObject","inLanguage":"fr-FR","@id":"https:\/\/giroinmongolfiera.com\/#\/schema\/logo\/image\/","url":"https:\/\/giroinmongolfiera.com\/wp-content\/uploads\/Giro_in_Mongolfiera-LOGO.png","contentUrl":"https:\/\/giroinmongolfiera.com\/wp-content\/uploads\/Giro_in_Mongolfiera-LOGO.png","width":385,"height":126,"caption":"Giroinmongolfiera SRL"},"image":{"@id":"https:\/\/giroinmongolfiera.com\/#\/schema\/logo\/image\/"}}]}},"_links":{"self":[{"href":"https:\/\/giroinmongolfiera.com\/fr\/wp-json\/wp\/v2\/product\/29580","targetHints":{"allow":["GET"]}}],"collection":[{"href":"https:\/\/giroinmongolfiera.com\/fr\/wp-json\/wp\/v2\/product"}],"about":[{"href":"https:\/\/giroinmongolfiera.com\/fr\/wp-json\/wp\/v2\/types\/product"}],"wp:featuredmedia":[{"embeddable":true,"href":"https:\/\/giroinmongolfiera.com\/fr\/wp-json\/wp\/v2\/media\/5835"}],"wp:attachment":[{"href":"https:\/\/giroinmongolfiera.com\/fr\/wp-json\/wp\/v2\/media?parent=29580"}],"wp:term":[{"taxonomy":"product_brand","embeddable":true,"href":"https:\/\/giroinmongolfiera.com\/fr\/wp-json\/wp\/v2\/product_brand?post=29580"},{"taxonomy":"product_cat","embeddable":true,"href":"https:\/\/giroinmongolfiera.com\/fr\/wp-json\/wp\/v2\/product_cat?post=29580"},{"taxonomy":"product_tag","embeddable":true,"href":"https:\/\/giroinmongolfiera.com\/fr\/wp-json\/wp\/v2\/product_tag?post=29580"},{"taxonomy":"partenza_voli","embeddable":true,"href":"https:\/\/giroinmongolfiera.com\/fr\/wp-json\/wp\/v2\/partenza_voli?post=29580"},{"taxonomy":"zona","embeddable":true,"href":"https:\/\/giroinmongolfiera.com\/fr\/wp-json\/wp\/v2\/zona?post=29580"}],"curies":[{"name":"wp","href":"https:\/\/api.w.org\/{rel}","templated":true}]}}